{"id":910,"date":"2025-09-26T05:19:58","date_gmt":"2025-09-26T05:19:58","guid":{"rendered":"https:\/\/vissaisaigonhotel.com\/?page_id=910"},"modified":"2025-09-27T19:52:16","modified_gmt":"2025-09-27T12:52:16","slug":"meeting-and-event-packages","status":"publish","type":"page","link":"https:\/\/vissaisaigonhotel.com\/vi\/meeting-and-event-packages\/","title":{"rendered":"PH\u00d2NG H\u1eccP"},"content":{"rendered":"<div data-elementor-type=\"wp-page\" data-elementor-id=\"910\" class=\"elementor elementor-910\">\n\t\t\t\t<div class=\"elementor-element elementor-element-18fae19 e-flex e-con-boxed e-con e-parent\" data-id=\"18fae19\" data-element_type=\"container\" data-e-type=\"container\">\n\t\t\t\t\t<div class=\"e-con-inner\">\n\t\t\t\t<div class=\"elementor-element elementor-element-1ba4b07 gallery-spacing-custom elementor-widget elementor-widget-image-gallery\" data-id=\"1ba4b07\" data-element_type=\"widget\" data-e-type=\"widget\" data-widget_type=\"image-gallery.default\">\n\t\t\t\t\t\t\t<div class=\"elementor-image-gallery\">\n\t\t\t\n\t\t<style type=\"text\/css\">\n\t\t\t#gallery-1 {\n\t\t\t\tmargin: auto;\n\t\t\t}\n\t\t\t#gallery-1 .gallery-item {\n\t\t\t\tfloat: left;\n\t\t\t\tmargin-top: 10px;\n\t\t\t\ttext-align: center;\n\t\t\t\twidth: 20%;\n\t\t\t}\n\t\t\t#gallery-1 img {\n\t\t\t\tborder: 2px solid #cfcfcf;\n\t\t\t}\n\t\t\t#gallery-1 .gallery-caption {\n\t\t\t\tmargin-left: 0;\n\t\t\t}\n\t\t\t\/* see gallery_shortcode() in wp-includes\/media.php *\/\n\t\t<\/style>\n\t\t<div id='gallery-1' class='gallery galleryid-910 gallery-columns-5 gallery-size-thumbnail'><dl class='gallery-item'>\n\t\t\t<dt class='gallery-icon landscape'>\n\t\t\t\t<a data-elementor-open-lightbox=\"yes\" data-elementor-lightbox-slideshow=\"1ba4b07\" data-e-action-hash=\"#elementor-action%3Aaction%3Dlightbox%26settings%3DeyJpZCI6OTEyLCJ1cmwiOiJodHRwczpcL1wvdmlzc2Fpc2FpZ29uaG90ZWwuY29tXC93cC1jb250ZW50XC91cGxvYWRzXC8yMDI1XC8wOVwvbTEuanBnIiwic2xpZGVzaG93IjoiMWJhNGIwNyJ9\" href='https:\/\/vissaisaigonhotel.com\/wp-content\/uploads\/2025\/09\/m1.jpg'><img decoding=\"async\" width=\"150\" height=\"150\" src=\"https:\/\/vissaisaigonhotel.com\/wp-content\/uploads\/2025\/09\/m1-150x150.jpg\" class=\"attachment-thumbnail size-thumbnail\" alt=\"\" \/><\/a>\n\t\t\t<\/dt><\/dl><dl class='gallery-item'>\n\t\t\t<dt class='gallery-icon landscape'>\n\t\t\t\t<a data-elementor-open-lightbox=\"yes\" data-elementor-lightbox-slideshow=\"1ba4b07\" data-e-action-hash=\"#elementor-action%3Aaction%3Dlightbox%26settings%3DeyJpZCI6OTEzLCJ1cmwiOiJodHRwczpcL1wvdmlzc2Fpc2FpZ29uaG90ZWwuY29tXC93cC1jb250ZW50XC91cGxvYWRzXC8yMDI1XC8wOVwvbTIuanBnIiwic2xpZGVzaG93IjoiMWJhNGIwNyJ9\" href='https:\/\/vissaisaigonhotel.com\/wp-content\/uploads\/2025\/09\/m2.jpg'><img decoding=\"async\" width=\"150\" height=\"150\" src=\"https:\/\/vissaisaigonhotel.com\/wp-content\/uploads\/2025\/09\/m2-150x150.jpg\" class=\"attachment-thumbnail size-thumbnail\" alt=\"\" aria-describedby=\"gallery-1-913\" \/><\/a>\n\t\t\t<\/dt>\n\t\t\t\t<dd class='wp-caption-text gallery-caption' id='gallery-1-913'>\n\t\t\t\tPh\u00f2ng h\u1ed9i ngh\u1ecb\n\t\t\t\t<\/dd><\/dl><dl class='gallery-item'>\n\t\t\t<dt class='gallery-icon landscape'>\n\t\t\t\t<a data-elementor-open-lightbox=\"yes\" data-elementor-lightbox-slideshow=\"1ba4b07\" data-e-action-hash=\"#elementor-action%3Aaction%3Dlightbox%26settings%3DeyJpZCI6OTE0LCJ1cmwiOiJodHRwczpcL1wvdmlzc2Fpc2FpZ29uaG90ZWwuY29tXC93cC1jb250ZW50XC91cGxvYWRzXC8yMDI1XC8wOVwvbTMuanBnIiwic2xpZGVzaG93IjoiMWJhNGIwNyJ9\" href='https:\/\/vissaisaigonhotel.com\/wp-content\/uploads\/2025\/09\/m3.jpg'><img decoding=\"async\" width=\"150\" height=\"150\" src=\"https:\/\/vissaisaigonhotel.com\/wp-content\/uploads\/2025\/09\/m3-150x150.jpg\" class=\"attachment-thumbnail size-thumbnail\" alt=\"\" aria-describedby=\"gallery-1-914\" \/><\/a>\n\t\t\t<\/dt>\n\t\t\t\t<dd class='wp-caption-text gallery-caption' id='gallery-1-914'>\n\t\t\t\tPh\u00f2ng h\u1ed9i ngh\u1ecb\n\t\t\t\t<\/dd><\/dl><dl class='gallery-item'>\n\t\t\t<dt class='gallery-icon landscape'>\n\t\t\t\t<a data-elementor-open-lightbox=\"yes\" data-elementor-lightbox-slideshow=\"1ba4b07\" data-e-action-hash=\"#elementor-action%3Aaction%3Dlightbox%26settings%3DeyJpZCI6OTE1LCJ1cmwiOiJodHRwczpcL1wvdmlzc2Fpc2FpZ29uaG90ZWwuY29tXC93cC1jb250ZW50XC91cGxvYWRzXC8yMDI1XC8wOVwvbTQuanBnIiwic2xpZGVzaG93IjoiMWJhNGIwNyJ9\" href='https:\/\/vissaisaigonhotel.com\/wp-content\/uploads\/2025\/09\/m4.jpg'><img loading=\"lazy\" decoding=\"async\" width=\"150\" height=\"150\" src=\"https:\/\/vissaisaigonhotel.com\/wp-content\/uploads\/2025\/09\/m4-150x150.jpg\" class=\"attachment-thumbnail size-thumbnail\" alt=\"\" \/><\/a>\n\t\t\t<\/dt><\/dl><dl class='gallery-item'>\n\t\t\t<dt class='gallery-icon landscape'>\n\t\t\t\t<a data-elementor-open-lightbox=\"yes\" data-elementor-lightbox-slideshow=\"1ba4b07\" data-e-action-hash=\"#elementor-action%3Aaction%3Dlightbox%26settings%3DeyJpZCI6OTE2LCJ1cmwiOiJodHRwczpcL1wvdmlzc2Fpc2FpZ29uaG90ZWwuY29tXC93cC1jb250ZW50XC91cGxvYWRzXC8yMDI1XC8wOVwvbTYuanBnIiwic2xpZGVzaG93IjoiMWJhNGIwNyJ9\" href='https:\/\/vissaisaigonhotel.com\/wp-content\/uploads\/2025\/09\/m6.jpg'><img loading=\"lazy\" decoding=\"async\" width=\"150\" height=\"150\" src=\"https:\/\/vissaisaigonhotel.com\/wp-content\/uploads\/2025\/09\/m6-150x150.jpg\" class=\"attachment-thumbnail size-thumbnail\" alt=\"\" \/><\/a>\n\t\t\t<\/dt><\/dl><br style=\"clear: both\" \/>\n\t\t<\/div>\n\t\t<\/div>\n\t\t\t\t\t\t<\/div>\n\t\t\t\t<div class=\"elementor-element elementor-element-438f4b5 elementor-widget elementor-widget-text-editor\" data-id=\"438f4b5\" data-element_type=\"widget\" data-e-type=\"widget\" data-widget_type=\"text-editor.default\">\n\t\t\t\t\t\t\t\t\t<h2 style=\"color: #817b74; margin-top: 0.25em; margin-bottom: 0.25em; font-family: Arial, 'Helvetica Neue', Helvetica, sans-serif;\">PH\u00d2NG H\u1eccP<\/h2><h2><img loading=\"lazy\" decoding=\"async\" class=\"alignleft\" style=\"border-width: 0px; border-style: initial; color: #817b74; font-family: Arial, 'Helvetica Neue', Helvetica, sans-serif; font-size: 20px; padding-bottom: 10px;\" src=\"https:\/\/vissaisaigonhotel.vn\/images\/line-acc.jpg\" alt=\"\" width=\"293\" height=\"17\" \/><span style=\"background-color: #fbfbf6; color: #594c45; font-family: Arial, Helvetica, sans-serif; font-size: medium; text-align: justify;\"><br \/><\/span><\/h2><h2><span style=\"background-color: #fbfbf6; color: #594c45; font-family: Arial, Helvetica, sans-serif; font-size: medium; text-align: justify;\">V\u1edbi ph\u00f2ng h\u1ecdp l\u1edbn c\u00f3 th\u1ec3 chia th\u00e0nh 2 ph\u00f2ng h\u1ecdp nh\u1ecf ri\u00eang bi\u1ec7t, Vissai S\u00e0i G\u00f2n t\u1ef1 tin c\u00f3 th\u1ec3 \u0111\u00e1p \u1ee9ng \u0111\u01b0\u1ee3c m\u1ecdi nhu c\u1ea7u c\u1ee7a qu\u00fd kh\u00e1ch v\u1ec1 h\u1ed9i ngh\u1ecb . T\u1eeb nh\u1eefng cu\u1ed9c h\u1ecdp ri\u00eang cho 20 ng\u01b0\u1eddi cho \u0111\u1ebfn ph\u00f2ng h\u1ed9i ngh\u1ecb l\u1edbn cho 400 ng\u01b0\u1eddi. Vissai Saigon l\u00e0 n\u01a1i l\u00fd t\u01b0\u1edfng cho c\u00e1c d\u1ecbp h\u1ed9i h\u1ecdp v\u00e0 h\u1ed9i ngh\u1ecb.<\/span><\/h2><h2 style=\"font-size: 0.75em; line-height: 1.5; margin-bottom: 1em; color: #817b74; font-family: Arial, 'Helvetica Neue', Helvetica, sans-serif;\"><span style=\"font-size: medium;\">\u00a0<\/span><strong style=\"font-size: medium; color: #000000; font-family: Montserrat, sans-serif; font-weight: bold;\">Ph\u00f2ng h\u1ecdp n\u1eeda ng\u00e0y kh\u00f4ng k\u00e8m b\u1eefa tr\u01b0a, bao g\u1ed3m:<\/strong><\/h2><ul style=\"margin-top: 1em; margin-bottom: 1em; padding-left: 40px;\"><li><span style=\"font-size: medium;\">Ti\u1ec7c tr\u00e0, caf\u00e9, 3 lo\u1ea1i b\u00e1nh v\u00e0 tr\u00e1i c\u00e2y.<\/span><\/li><li><span style=\"font-size: medium;\">4 gi\u1edd s\u1eed d\u1ee5ng ph\u00f2ng h\u1ecdp.<\/span><\/li><li><span style=\"font-size: medium;\">Ti\u00eau chu\u1ea9n ph\u00f2ng h\u1ecdp bao g\u1ed3m: gi\u1ea5y, vi\u1ebft, n\u01b0\u1edbc su\u1ed1i, k\u1eb9o v\u00e0 trang tr\u00ed v\u1edbi hoa t\u01b0\u01a1i.<\/span><\/li><li><span style=\"font-size: medium;\">Thi\u1ebft b\u1ecb \u00e2m thanh, \u00e1nh s\u00e1ng ph\u00f2ng h\u1ecdp.<\/span><\/li><\/ul><p style=\"font-size: 0.75em; line-height: 1.5; margin-bottom: 1em;\"><span style=\"font-size: medium;\"><strong style=\"font-weight: bold;\">Ph\u00f2ng h\u1ecdp n\u1eeda ng\u00e0y k\u00e8m b\u1eefa tr\u01b0a, bao g\u1ed3m:<\/strong><\/span><\/p><ul style=\"margin-top: 1em; margin-bottom: 1em; padding-left: 40px;\"><li><span style=\"font-size: medium;\">Ti\u1ec7c tr\u00e0, caf\u00e9, 3 lo\u1ea1i b\u00e1nh v\u00e0 tr\u00e1i c\u00e2y.<\/span><\/li><li><span style=\"font-size: medium;\">Set \/ buffet tr\u01b0a t\u1ea1i nh\u00e0 h\u00e0ng ho\u1eb7c ph\u00f2ng ti\u1ec7c.<\/span><\/li><li><span style=\"font-size: medium;\">Ph\u1ee5c v\u1ee5 n\u01b0\u1edbc ng\u1ecdt cho b\u1eefa tr\u01b0a.<\/span><\/li><li><span style=\"font-size: medium;\">4 gi\u1edd s\u1eed d\u1ee5ng ph\u00f2ng h\u1ecdp.<\/span><\/li><li><span style=\"font-size: medium;\">Ti\u00eau chu\u1ea9n ph\u00f2ng h\u1ecdp bao g\u1ed3m: gi\u1ea5y, vi\u1ebft, n\u01b0\u1edbc su\u1ed1i, k\u1eb9o v\u00e0 trang tr\u00ed v\u1edbi hoa t\u01b0\u01a1i.<\/span><\/li><li><span style=\"font-size: medium;\">Thi\u1ebft b\u1ecb \u00e2m thanh, \u00e1nh s\u00e1ng ph\u00f2ng h\u1ecdp.<\/span><\/li><\/ul><p style=\"font-size: 0.75em; line-height: 1.5; margin-bottom: 1em;\"><span style=\"font-size: medium;\"><strong style=\"font-weight: bold;\">Ph\u00f2ng h\u1ecdp m\u1ed9t ng\u00e0y kh\u00f4ng k\u00e8m b\u1eefa tr\u01b0a, bao g\u1ed3m:<\/strong><\/span><\/p><ul style=\"margin-top: 1em; margin-bottom: 1em; padding-left: 40px;\"><li><span style=\"font-size: medium;\">Ti\u1ec7c tr\u00e0, caf\u00e9, 3 lo\u1ea1i b\u00e1nh v\u00e0 tr\u00e1i c\u00e2y.<\/span><\/li><li><span style=\"font-size: medium;\">8 gi\u1edd s\u1eed d\u1ee5ng ph\u00f2ng h\u1ecdp.<\/span><\/li><li><span style=\"font-size: medium;\">Ti\u00eau chu\u1ea9n ph\u00f2ng h\u1ecdp bao g\u1ed3m: gi\u1ea5y, vi\u1ebft, n\u01b0\u1edbc su\u1ed1i, k\u1eb9o v\u00e0 trang tr\u00ed v\u1edbi hoa t\u01b0\u01a1i.<\/span><\/li><li><span style=\"font-size: medium;\">Thi\u1ebft b\u1ecb \u00e2m thanh, \u00e1nh s\u00e1ng ph\u00f2ng h\u1ecdp.<\/span><\/li><\/ul><p style=\"font-size: 0.75em; line-height: 1.5; margin-bottom: 1em;\"><span style=\"font-size: medium;\"><strong style=\"font-weight: bold;\">Ph\u00f2ng h\u1ecdp m\u1ed9t ng\u00e0y k\u00e8m b\u1eefa tr\u01b0a, bao g\u1ed3m:<\/strong><\/span><\/p><ul style=\"margin-top: 1em; margin-bottom: 1em; padding-left: 40px;\"><li><span style=\"font-size: medium;\">Ti\u1ec7c tr\u00e0, caf\u00e9, 3 lo\u1ea1i b\u00e1nh v\u00e0 tr\u00e1i c\u00e2y.<\/span><\/li><li><span style=\"font-size: medium;\">Set \/ buffet tr\u01b0a t\u1ea1i nh\u00e0 h\u00e0ng ho\u1eb7c ph\u00f2ng ti\u1ec7c.<\/span><\/li><li><span style=\"font-size: medium;\">Ph\u1ee5c v\u1ee5 n\u01b0\u1edbc ng\u1ecdt cho b\u1eefa tr\u01b0a.<\/span><\/li><li><span style=\"font-size: medium;\">8 gi\u1edd s\u1eed d\u1ee5ng ph\u00f2ng h\u1ecdp.<\/span><\/li><li><span style=\"font-size: medium;\">Ti\u00eau chu\u1ea9n ph\u00f2ng h\u1ecdp bao g\u1ed3m: gi\u1ea5y, vi\u1ebft, n\u01b0\u1edbc su\u1ed1i, k\u1eb9o v\u00e0 trang tr\u00ed v\u1edbi hoa t\u01b0\u01a1i.<\/span><\/li><li><span style=\"font-size: medium;\">Thi\u1ebft b\u1ecb \u00e2m thanh, \u00e1nh s\u00e1ng ph\u00f2ng h\u1ecdp.<\/span><\/li><\/ul><p style=\"font-size: 0.75em; line-height: 1.5; margin-bottom: 1em;\"><span class=\"tittle3\" style=\"font-family: Helvetica, Arial, sans-serif; font-size: 14px; color: #62361e; text-transform: uppercase;\"><strong style=\"font-weight: bold;\">C\u00e1ch s\u1eafp x\u1ebfp s\u1eb5n c\u00f3 c\u1ee7a m\u1ed9t bu\u1ed5i ti\u1ec7c<\/strong><\/span><\/p><table style=\"border-spacing: 0px; width: 450px;\"><tbody><tr><td style=\"vertical-align: top; border-bottom-width: 1px; border-bottom-color: white; padding: 0.25em 1em 0.1875em 0px;\"><ul style=\"margin-top: 1em; margin-bottom: 1em; padding-left: 40px;\"><li>Ti\u1ec7c \u00c1 \/ \u00c2u<\/li><li>Buffet.<\/li><\/ul><\/td><td style=\"vertical-align: top; border-bottom-width: 1px; border-bottom-color: white; padding: 0.25em 1em 0.1875em 0px;\"><ul style=\"margin-top: 1em; margin-bottom: 1em; padding-left: 40px;\"><li>Ti\u1ec7c cocktail<\/li><li>Ti\u1ec7c cocktail t\u1ea1i h\u1ed3 b\u01a1i<\/li><\/ul><\/td><\/tr><\/tbody><\/table><h2 style=\"font-size: 0.75em; line-height: 1.5; margin-bottom: 1em; color: #817b74; font-family: Arial, 'Helvetica Neue', Helvetica, sans-serif;\">\u00a0<\/h2>\t\t\t\t\t\t\t\t<\/div>\n\t\t\t\t\t<\/div>\n\t\t\t\t<\/div>\n\t\t\t\t<\/div>","protected":false},"excerpt":{"rendered":"<p>Conference Room Conference Room Meeting and Event Packages Our function rooms can be used as one large banquet area or divided into two separate ballrooms to accommodate different types of meetings and conferences. For a private meeting of 20 people to a large conference of 400 participants, our banquet facilities are ideal for any occasion &#8230; <span class=\"more\"><a class=\"more-link\" href=\"https:\/\/vissaisaigonhotel.com\/vi\/meeting-and-event-packages\/\">[Read more&#8230;]<\/a><\/span><\/p>\n","protected":false},"author":1,"featured_media":0,"parent":0,"menu_order":0,"comment_status":"closed","ping_status":"closed","template":"elementor_header_footer","meta":{"tpgb_global_settings":"","footnotes":""},"class_list":["entry","page","publish","author-nginx","post-910"],"yoast_head":"<!-- This site is optimized with the Yoast SEO plugin v26.0 - https:\/\/yoast.com\/wordpress\/plugins\/seo\/ -->\n<title>Meeting and Event Packages - Vissai Saigon Hotel<\/title>\n<meta name=\"robots\" content=\"index, follow, max-snippet:-1, max-image-preview:large, max-video-preview:-1\" \/>\n<link rel=\"canonical\" href=\"https:\/\/vissaisaigonhotel.com\/vi\/meeting-and-event-packages\/\" \/>\n<meta property=\"og:locale\" content=\"vi_VN\" \/>\n<meta property=\"og:type\" content=\"article\" \/>\n<meta property=\"og:title\" content=\"Meeting and Event Packages - Vissai Saigon Hotel\" \/>\n<meta property=\"og:description\" content=\"Conference Room Conference Room Meeting and Event Packages Our function rooms can be used as one large banquet area or divided into two separate ballrooms to accommodate different types of meetings and conferences. For a private meeting of 20 people to a large conference of 400 participants, our banquet facilities are ideal for any occasion ... [Read more...]\" \/>\n<meta property=\"og:url\" content=\"https:\/\/vissaisaigonhotel.com\/vi\/meeting-and-event-packages\/\" \/>\n<meta property=\"og:site_name\" content=\"Vissai Saigon Hotel\" \/>\n<meta property=\"article:publisher\" content=\"https:\/\/www.facebook.com\/VissaiSaigonHotelOfficial\" \/>\n<meta property=\"article:modified_time\" content=\"2025-09-27T12:52:16+00:00\" \/>\n<meta property=\"og:image\" content=\"https:\/\/vissaisaigonhotel.com\/wp-content\/uploads\/2025\/09\/m1-150x150.jpg\" \/>\n<meta name=\"twitter:card\" content=\"summary_large_image\" \/>\n<meta name=\"twitter:label1\" content=\"\u01af\u1edbc t\u00ednh th\u1eddi gian \u0111\u1ecdc\" \/>\n\t<meta name=\"twitter:data1\" content=\"3 ph\u00fat\" \/>\n<script type=\"application\/ld+json\" class=\"yoast-schema-graph\">{\"@context\":\"https:\/\/schema.org\",\"@graph\":[{\"@type\":\"WebPage\",\"@id\":\"https:\/\/vissaisaigonhotel.com\/meeting-and-event-packages\/\",\"url\":\"https:\/\/vissaisaigonhotel.com\/meeting-and-event-packages\/\",\"name\":\"Meeting and Event Packages - Vissai Saigon Hotel\",\"isPartOf\":{\"@id\":\"https:\/\/vissaisaigonhotel.com\/vi\/#website\"},\"primaryImageOfPage\":{\"@id\":\"https:\/\/vissaisaigonhotel.com\/meeting-and-event-packages\/#primaryimage\"},\"image\":{\"@id\":\"https:\/\/vissaisaigonhotel.com\/meeting-and-event-packages\/#primaryimage\"},\"thumbnailUrl\":\"https:\/\/vissaisaigonhotel.com\/wp-content\/uploads\/2025\/09\/m1-150x150.jpg\",\"datePublished\":\"2025-09-26T05:19:58+00:00\",\"dateModified\":\"2025-09-27T12:52:16+00:00\",\"breadcrumb\":{\"@id\":\"https:\/\/vissaisaigonhotel.com\/meeting-and-event-packages\/#breadcrumb\"},\"inLanguage\":\"vi\",\"potentialAction\":[{\"@type\":\"ReadAction\",\"target\":[\"https:\/\/vissaisaigonhotel.com\/meeting-and-event-packages\/\"]}]},{\"@type\":\"ImageObject\",\"inLanguage\":\"vi\",\"@id\":\"https:\/\/vissaisaigonhotel.com\/meeting-and-event-packages\/#primaryimage\",\"url\":\"https:\/\/vissaisaigonhotel.com\/wp-content\/uploads\/2025\/09\/m1-150x150.jpg\",\"contentUrl\":\"https:\/\/vissaisaigonhotel.com\/wp-content\/uploads\/2025\/09\/m1-150x150.jpg\"},{\"@type\":\"BreadcrumbList\",\"@id\":\"https:\/\/vissaisaigonhotel.com\/meeting-and-event-packages\/#breadcrumb\",\"itemListElement\":[{\"@type\":\"ListItem\",\"position\":1,\"name\":\"Home\",\"item\":\"https:\/\/vissaisaigonhotel.com\/\"},{\"@type\":\"ListItem\",\"position\":2,\"name\":\"Meeting and Event Packages\"}]},{\"@type\":\"WebSite\",\"@id\":\"https:\/\/vissaisaigonhotel.com\/vi\/#website\",\"url\":\"https:\/\/vissaisaigonhotel.com\/vi\/\",\"name\":\"Vissai Saigon Hotel\",\"description\":\"\",\"publisher\":{\"@id\":\"https:\/\/vissaisaigonhotel.com\/vi\/#organization\"},\"potentialAction\":[{\"@type\":\"SearchAction\",\"target\":{\"@type\":\"EntryPoint\",\"urlTemplate\":\"https:\/\/vissaisaigonhotel.com\/vi\/?s={search_term_string}\"},\"query-input\":{\"@type\":\"PropertyValueSpecification\",\"valueRequired\":true,\"valueName\":\"search_term_string\"}}],\"inLanguage\":\"vi\"},{\"@type\":\"Organization\",\"@id\":\"https:\/\/vissaisaigonhotel.com\/vi\/#organization\",\"name\":\"Vissai Saigon Hotel\",\"url\":\"https:\/\/vissaisaigonhotel.com\/vi\/\",\"logo\":{\"@type\":\"ImageObject\",\"inLanguage\":\"vi\",\"@id\":\"https:\/\/vissaisaigonhotel.com\/vi\/#\/schema\/logo\/image\/\",\"url\":\"\",\"contentUrl\":\"\",\"caption\":\"Vissai Saigon Hotel\"},\"image\":{\"@id\":\"https:\/\/vissaisaigonhotel.com\/vi\/#\/schema\/logo\/image\/\"},\"sameAs\":[\"https:\/\/www.facebook.com\/VissaiSaigonHotelOfficial\"]}]}<\/script>\n<!-- \/ Yoast SEO plugin. -->","yoast_head_json":{"title":"Meeting and Event Packages - Vissai Saigon Hotel","robots":{"index":"index","follow":"follow","max-snippet":"max-snippet:-1","max-image-preview":"max-image-preview:large","max-video-preview":"max-video-preview:-1"},"canonical":"https:\/\/vissaisaigonhotel.com\/vi\/meeting-and-event-packages\/","og_locale":"vi_VN","og_type":"article","og_title":"Meeting and Event Packages - Vissai Saigon Hotel","og_description":"Conference Room Conference Room Meeting and Event Packages Our function rooms can be used as one large banquet area or divided into two separate ballrooms to accommodate different types of meetings and conferences. For a private meeting of 20 people to a large conference of 400 participants, our banquet facilities are ideal for any occasion ... [Read more...]","og_url":"https:\/\/vissaisaigonhotel.com\/vi\/meeting-and-event-packages\/","og_site_name":"Vissai Saigon Hotel","article_publisher":"https:\/\/www.facebook.com\/VissaiSaigonHotelOfficial","article_modified_time":"2025-09-27T12:52:16+00:00","og_image":[{"url":"https:\/\/vissaisaigonhotel.com\/wp-content\/uploads\/2025\/09\/m1-150x150.jpg","type":"","width":"","height":""}],"twitter_card":"summary_large_image","twitter_misc":{"\u01af\u1edbc t\u00ednh th\u1eddi gian \u0111\u1ecdc":"3 ph\u00fat"},"schema":{"@context":"https:\/\/schema.org","@graph":[{"@type":"WebPage","@id":"https:\/\/vissaisaigonhotel.com\/meeting-and-event-packages\/","url":"https:\/\/vissaisaigonhotel.com\/meeting-and-event-packages\/","name":"Meeting and Event Packages - Vissai Saigon Hotel","isPartOf":{"@id":"https:\/\/vissaisaigonhotel.com\/vi\/#website"},"primaryImageOfPage":{"@id":"https:\/\/vissaisaigonhotel.com\/meeting-and-event-packages\/#primaryimage"},"image":{"@id":"https:\/\/vissaisaigonhotel.com\/meeting-and-event-packages\/#primaryimage"},"thumbnailUrl":"https:\/\/vissaisaigonhotel.com\/wp-content\/uploads\/2025\/09\/m1-150x150.jpg","datePublished":"2025-09-26T05:19:58+00:00","dateModified":"2025-09-27T12:52:16+00:00","breadcrumb":{"@id":"https:\/\/vissaisaigonhotel.com\/meeting-and-event-packages\/#breadcrumb"},"inLanguage":"vi","potentialAction":[{"@type":"ReadAction","target":["https:\/\/vissaisaigonhotel.com\/meeting-and-event-packages\/"]}]},{"@type":"ImageObject","inLanguage":"vi","@id":"https:\/\/vissaisaigonhotel.com\/meeting-and-event-packages\/#primaryimage","url":"https:\/\/vissaisaigonhotel.com\/wp-content\/uploads\/2025\/09\/m1-150x150.jpg","contentUrl":"https:\/\/vissaisaigonhotel.com\/wp-content\/uploads\/2025\/09\/m1-150x150.jpg"},{"@type":"BreadcrumbList","@id":"https:\/\/vissaisaigonhotel.com\/meeting-and-event-packages\/#breadcrumb","itemListElement":[{"@type":"ListItem","position":1,"name":"Home","item":"https:\/\/vissaisaigonhotel.com\/"},{"@type":"ListItem","position":2,"name":"Meeting and Event Packages"}]},{"@type":"WebSite","@id":"https:\/\/vissaisaigonhotel.com\/vi\/#website","url":"https:\/\/vissaisaigonhotel.com\/vi\/","name":"KH\u00c1CH S\u1ea0N VISSAI SAIGON","description":"","publisher":{"@id":"https:\/\/vissaisaigonhotel.com\/vi\/#organization"},"potentialAction":[{"@type":"SearchAction","target":{"@type":"EntryPoint","urlTemplate":"https:\/\/vissaisaigonhotel.com\/vi\/?s={search_term_string}"},"query-input":{"@type":"PropertyValueSpecification","valueRequired":true,"valueName":"search_term_string"}}],"inLanguage":"vi"},{"@type":"Organization","@id":"https:\/\/vissaisaigonhotel.com\/vi\/#organization","name":"KH\u00c1CH S\u1ea0N VISSAI SAIGON","url":"https:\/\/vissaisaigonhotel.com\/vi\/","logo":{"@type":"ImageObject","inLanguage":"vi","@id":"https:\/\/vissaisaigonhotel.com\/vi\/#\/schema\/logo\/image\/","url":"","contentUrl":"","caption":"Vissai Saigon Hotel"},"image":{"@id":"https:\/\/vissaisaigonhotel.com\/vi\/#\/schema\/logo\/image\/"},"sameAs":["https:\/\/www.facebook.com\/VissaiSaigonHotelOfficial"]}]}},"tpgb_featured_images":null,"tpgb_post_meta_info":{"get_date":"Th\u00e1ng 9 26, 2025","get_modified_date":"Th\u00e1ng 9 27, 2025","author_name":"nginx","author_url":"https:\/\/vissaisaigonhotel.com\/vi\/author\/nginx\/","author_email":"itm@vissaisaigonhotel.vn","author_website":"https:\/\/vissaisaigonhotel.com","author_description":"","author_facebook":"","author_twitter":"","author_instagram":"","author_role":["administrator"],"author_firstname":"","author_lastname":"","user_login":"nginx","author_avatar":"<img alt='' src='https:\/\/secure.gravatar.com\/avatar\/49346ba064c81cc56629ea852e95f685b1bdf0aa36162bd5b4d8495bf0df34d1?s=200&#038;d=mm&#038;r=g' srcset='https:\/\/secure.gravatar.com\/avatar\/49346ba064c81cc56629ea852e95f685b1bdf0aa36162bd5b4d8495bf0df34d1?s=400&#038;d=mm&#038;r=g 2x' class='avatar avatar-200 photo' height='200' width='200' decoding='async'itemprop=\"image\" \/>","author_avatar_url":"https:\/\/secure.gravatar.com\/avatar\/49346ba064c81cc56629ea852e95f685b1bdf0aa36162bd5b4d8495bf0df34d1?s=96&d=mm&r=g","comment_count":0,"post_likes":0,"post_views":0},"tpgb_post_category":[],"_links":{"self":[{"href":"https:\/\/vissaisaigonhotel.com\/vi\/wp-json\/wp\/v2\/pages\/910","targetHints":{"allow":["GET"]}}],"collection":[{"href":"https:\/\/vissaisaigonhotel.com\/vi\/wp-json\/wp\/v2\/pages"}],"about":[{"href":"https:\/\/vissaisaigonhotel.com\/vi\/wp-json\/wp\/v2\/types\/page"}],"author":[{"embeddable":true,"href":"https:\/\/vissaisaigonhotel.com\/vi\/wp-json\/wp\/v2\/users\/1"}],"replies":[{"embeddable":true,"href":"https:\/\/vissaisaigonhotel.com\/vi\/wp-json\/wp\/v2\/comments?post=910"}],"version-history":[{"count":11,"href":"https:\/\/vissaisaigonhotel.com\/vi\/wp-json\/wp\/v2\/pages\/910\/revisions"}],"predecessor-version":[{"id":1443,"href":"https:\/\/vissaisaigonhotel.com\/vi\/wp-json\/wp\/v2\/pages\/910\/revisions\/1443"}],"wp:attachment":[{"href":"https:\/\/vissaisaigonhotel.com\/vi\/wp-json\/wp\/v2\/media?parent=910"}],"curies":[{"name":"wp","href":"https:\/\/api.w.org\/{rel}","templated":true}]}}