{"id":835,"date":"2025-09-26T04:47:05","date_gmt":"2025-09-26T04:47:05","guid":{"rendered":"https:\/\/vissaisaigonhotel.com\/?page_id=835"},"modified":"2025-09-26T04:48:49","modified_gmt":"2025-09-26T04:48:49","slug":"la-mezzanine-all-day-dining","status":"publish","type":"page","link":"https:\/\/vissaisaigonhotel.com\/vi\/la-mezzanine-all-day-dining\/","title":{"rendered":"Nh\u00e0 H\u00e0ng La Mezzanine"},"content":{"rendered":"<div data-elementor-type=\"wp-page\" data-elementor-id=\"835\" class=\"elementor elementor-835\">\n\t\t\t\t<div class=\"elementor-element elementor-element-12b5cf9 e-flex e-con-boxed e-con e-parent\" data-id=\"12b5cf9\" data-element_type=\"container\" data-e-type=\"container\">\n\t\t\t\t\t<div class=\"e-con-inner\">\n\t\t\t\t<div class=\"elementor-element elementor-element-ed1326b gallery-spacing-custom elementor-widget elementor-widget-image-gallery\" data-id=\"ed1326b\" data-element_type=\"widget\" data-e-type=\"widget\" data-widget_type=\"image-gallery.default\">\n\t\t\t\t\t\t\t<div class=\"elementor-image-gallery\">\n\t\t\t\n\t\t<style type=\"text\/css\">\n\t\t\t#gallery-1 {\n\t\t\t\tmargin: auto;\n\t\t\t}\n\t\t\t#gallery-1 .gallery-item {\n\t\t\t\tfloat: left;\n\t\t\t\tmargin-top: 10px;\n\t\t\t\ttext-align: center;\n\t\t\t\twidth: 20%;\n\t\t\t}\n\t\t\t#gallery-1 img {\n\t\t\t\tborder: 2px solid #cfcfcf;\n\t\t\t}\n\t\t\t#gallery-1 .gallery-caption {\n\t\t\t\tmargin-left: 0;\n\t\t\t}\n\t\t\t\/* see gallery_shortcode() in wp-includes\/media.php *\/\n\t\t<\/style>\n\t\t<div id='gallery-1' class='gallery galleryid-835 gallery-columns-5 gallery-size-thumbnail'><dl class='gallery-item'>\n\t\t\t<dt class='gallery-icon landscape'>\n\t\t\t\t<a data-elementor-open-lightbox=\"yes\" data-elementor-lightbox-slideshow=\"ed1326b\" data-e-action-hash=\"#elementor-action%3Aaction%3Dlightbox%26settings%3DeyJpZCI6ODM3LCJ1cmwiOiJodHRwczpcL1wvdmlzc2Fpc2FpZ29uaG90ZWwuY29tXC93cC1jb250ZW50XC91cGxvYWRzXC8yMDI1XC8wOVwvYTEuanBnIiwic2xpZGVzaG93IjoiZWQxMzI2YiJ9\" href='https:\/\/vissaisaigonhotel.com\/wp-content\/uploads\/2025\/09\/a1.jpg'><img decoding=\"async\" width=\"150\" height=\"150\" src=\"https:\/\/vissaisaigonhotel.com\/wp-content\/uploads\/2025\/09\/a1-150x150.jpg\" class=\"attachment-thumbnail size-thumbnail\" alt=\"\" \/><\/a>\n\t\t\t<\/dt><\/dl><dl class='gallery-item'>\n\t\t\t<dt class='gallery-icon landscape'>\n\t\t\t\t<a data-elementor-open-lightbox=\"yes\" data-elementor-lightbox-slideshow=\"ed1326b\" data-e-action-hash=\"#elementor-action%3Aaction%3Dlightbox%26settings%3DeyJpZCI6ODM4LCJ1cmwiOiJodHRwczpcL1wvdmlzc2Fpc2FpZ29uaG90ZWwuY29tXC93cC1jb250ZW50XC91cGxvYWRzXC8yMDI1XC8wOVwvYTIuanBnIiwic2xpZGVzaG93IjoiZWQxMzI2YiJ9\" href='https:\/\/vissaisaigonhotel.com\/wp-content\/uploads\/2025\/09\/a2.jpg'><img decoding=\"async\" width=\"150\" height=\"150\" src=\"https:\/\/vissaisaigonhotel.com\/wp-content\/uploads\/2025\/09\/a2-150x150.jpg\" class=\"attachment-thumbnail size-thumbnail\" alt=\"\" aria-describedby=\"gallery-1-838\" \/><\/a>\n\t\t\t<\/dt>\n\t\t\t\t<dd class='wp-caption-text gallery-caption' id='gallery-1-838'>\n\t\t\t\tNh\u00e0 h\u00e0ng &amp; Bar\n\t\t\t\t<\/dd><\/dl><dl class='gallery-item'>\n\t\t\t<dt class='gallery-icon landscape'>\n\t\t\t\t<a data-elementor-open-lightbox=\"yes\" data-elementor-lightbox-slideshow=\"ed1326b\" data-e-action-hash=\"#elementor-action%3Aaction%3Dlightbox%26settings%3DeyJpZCI6ODM5LCJ1cmwiOiJodHRwczpcL1wvdmlzc2Fpc2FpZ29uaG90ZWwuY29tXC93cC1jb250ZW50XC91cGxvYWRzXC8yMDI1XC8wOVwvYTMuanBnIiwic2xpZGVzaG93IjoiZWQxMzI2YiJ9\" href='https:\/\/vissaisaigonhotel.com\/wp-content\/uploads\/2025\/09\/a3.jpg'><img decoding=\"async\" width=\"150\" height=\"150\" src=\"https:\/\/vissaisaigonhotel.com\/wp-content\/uploads\/2025\/09\/a3-150x150.jpg\" class=\"attachment-thumbnail size-thumbnail\" alt=\"\" \/><\/a>\n\t\t\t<\/dt><\/dl><dl class='gallery-item'>\n\t\t\t<dt class='gallery-icon landscape'>\n\t\t\t\t<a data-elementor-open-lightbox=\"yes\" data-elementor-lightbox-slideshow=\"ed1326b\" data-e-action-hash=\"#elementor-action%3Aaction%3Dlightbox%26settings%3DeyJpZCI6ODQwLCJ1cmwiOiJodHRwczpcL1wvdmlzc2Fpc2FpZ29uaG90ZWwuY29tXC93cC1jb250ZW50XC91cGxvYWRzXC8yMDI1XC8wOVwvYTQuanBnIiwic2xpZGVzaG93IjoiZWQxMzI2YiJ9\" href='https:\/\/vissaisaigonhotel.com\/wp-content\/uploads\/2025\/09\/a4.jpg'><img loading=\"lazy\" decoding=\"async\" width=\"150\" height=\"150\" src=\"https:\/\/vissaisaigonhotel.com\/wp-content\/uploads\/2025\/09\/a4-150x150.jpg\" class=\"attachment-thumbnail size-thumbnail\" alt=\"\" \/><\/a>\n\t\t\t<\/dt><\/dl><dl class='gallery-item'>\n\t\t\t<dt class='gallery-icon landscape'>\n\t\t\t\t<a data-elementor-open-lightbox=\"yes\" data-elementor-lightbox-slideshow=\"ed1326b\" data-e-action-hash=\"#elementor-action%3Aaction%3Dlightbox%26settings%3DeyJpZCI6ODQxLCJ1cmwiOiJodHRwczpcL1wvdmlzc2Fpc2FpZ29uaG90ZWwuY29tXC93cC1jb250ZW50XC91cGxvYWRzXC8yMDI1XC8wOVwvYTUuanBnIiwic2xpZGVzaG93IjoiZWQxMzI2YiJ9\" href='https:\/\/vissaisaigonhotel.com\/wp-content\/uploads\/2025\/09\/a5.jpg'><img loading=\"lazy\" decoding=\"async\" width=\"150\" height=\"150\" src=\"https:\/\/vissaisaigonhotel.com\/wp-content\/uploads\/2025\/09\/a5-150x150.jpg\" class=\"attachment-thumbnail size-thumbnail\" alt=\"\" \/><\/a>\n\t\t\t<\/dt><\/dl><br style=\"clear: both\" \/>\n\t\t<\/div>\n\t\t<\/div>\n\t\t\t\t\t\t<\/div>\n\t\t\t\t<div class=\"elementor-element elementor-element-edfd306 elementor-widget elementor-widget-text-editor\" data-id=\"edfd306\" data-element_type=\"widget\" data-e-type=\"widget\" data-widget_type=\"text-editor.default\">\n\t\t\t\t\t\t\t\t\t<h3 style=\"color: rgb(129, 123, 116); margin-top: 0.25em; margin-bottom: 0.25em; font-family: Arial, &quot;Helvetica Neue&quot;, Helvetica, sans-serif;\">Nh\u00e0 H\u00e0ng La Mezzanine<\/h3><p><img loading=\"lazy\" decoding=\"async\" width=\"274\" height=\"4\" alt=\"\" src=\"https:\/\/vissaisaigonhotel.vn\/images\/line-acc.jpg\" style=\"border-width: 0px; border-style: initial; color: rgb(129, 123, 116); font-family: Arial, &quot;Helvetica Neue&quot;, Helvetica, sans-serif; font-size: 20px; padding-bottom: 10px;\"><span style=\"color: rgb(129, 123, 116); font-family: Arial, &quot;Helvetica Neue&quot;, Helvetica, sans-serif; font-size: 20px;\"><\/span><\/p><p style=\"font-size: 0.75em; line-height: 1.5; margin-bottom: 1em; color: rgb(129, 123, 116); font-family: Arial, &quot;Helvetica Neue&quot;, Helvetica, sans-serif;\"><span style=\"color: rgb(89, 76, 69); font-family: Arial, Helvetica, sans-serif; font-size: medium; font-variant-numeric: normal; font-variant-east-asian: normal; font-variant-alternates: normal; font-variant-position: normal; font-variant-emoji: normal; line-height: normal; text-align: justify; background-color: rgb(251, 251, 246);\">Nh\u00e0 h\u00e0ng La Mezzanine n\u01a1i giao thoa c\u1ee7a \u1ea9m th\u1ef1c gi\u1eefa Ph\u01b0\u01a1ng \u0111\u00f4ng v\u00e0 ph\u01b0\u01a1ng t\u00e2y mang l\u1ea1i cho qu\u00ed kh\u00e1ch kh\u00f4ng nh\u1eefng c\u00e1c m\u00f3n \u0103n truy\u1ec1n th\u1ed1ng c\u1ee7a Vi\u1ec7t Nam m\u00e0 c\u00e1c m\u00f3n \u0103n qu\u1ed1c t\u1ebf. S\u1ea3nh nh\u00e0 h\u00e0ng c\u00f3 khu v\u1ef1c ri\u00eang bi\u1ec7t v\u1edbi nh\u1eefng \u00fd t\u01b0\u1edfng mang \u0111\u1ebfn kh\u00f4ng gian ri\u00eang t\u01b0 d\u00e0nh cho c\u00e1c bu\u1ed5i g\u1eb7p g\u1ee1 th\u00e2n m\u1eadt.<\/span><\/p>\t\t\t\t\t\t\t\t<\/div>\n\t\t\t\t\t<\/div>\n\t\t\t\t<\/div>\n\t\t\t\t<\/div>","protected":false},"excerpt":{"rendered":"<p>La Mezzanine &#8211; All Day Dining Our La Mezzanine Restaurant offers what this region is made of. Blend of Western and Eastern. International cuisine and traditional Vietnamese dishes are served in a modern setting. Private section within the restaurant is the ideal venue for a small gathering business or pleasure; we are at your service. &#8230; <span class=\"more\"><a class=\"more-link\" href=\"https:\/\/vissaisaigonhotel.com\/vi\/la-mezzanine-all-day-dining\/\">[Read more&#8230;]<\/a><\/span><\/p>\n","protected":false},"author":1,"featured_media":0,"parent":0,"menu_order":0,"comment_status":"closed","ping_status":"closed","template":"elementor_header_footer","meta":{"tpgb_global_settings":"","footnotes":""},"class_list":["entry","page","publish","author-nginx","post-835"],"yoast_head":"<!-- This site is optimized with the Yoast SEO plugin v26.0 - https:\/\/yoast.com\/wordpress\/plugins\/seo\/ -->\n<title>La Mezzanine - All Day Dining - Vissai Saigon Hotel<\/title>\n<meta name=\"robots\" content=\"index, follow, max-snippet:-1, max-image-preview:large, max-video-preview:-1\" \/>\n<link rel=\"canonical\" href=\"https:\/\/vissaisaigonhotel.com\/vi\/la-mezzanine-all-day-dining\/\" \/>\n<meta property=\"og:locale\" content=\"vi_VN\" \/>\n<meta property=\"og:type\" content=\"article\" \/>\n<meta property=\"og:title\" content=\"La Mezzanine - All Day Dining - Vissai Saigon Hotel\" \/>\n<meta property=\"og:description\" content=\"La Mezzanine &#8211; All Day Dining Our La Mezzanine Restaurant offers what this region is made of. Blend of Western and Eastern. International cuisine and traditional Vietnamese dishes are served in a modern setting. Private section within the restaurant is the ideal venue for a small gathering business or pleasure; we are at your service. ... [Read more...]\" \/>\n<meta property=\"og:url\" content=\"https:\/\/vissaisaigonhotel.com\/vi\/la-mezzanine-all-day-dining\/\" \/>\n<meta property=\"og:site_name\" content=\"Vissai Saigon Hotel\" \/>\n<meta property=\"article:publisher\" content=\"https:\/\/www.facebook.com\/VissaiSaigonHotelOfficial\" \/>\n<meta property=\"article:modified_time\" content=\"2025-09-26T04:48:49+00:00\" \/>\n<meta property=\"og:image\" content=\"https:\/\/vissaisaigonhotel.com\/wp-content\/uploads\/2025\/09\/a1-150x150.jpg\" \/>\n<meta name=\"twitter:card\" content=\"summary_large_image\" \/>\n<script type=\"application\/ld+json\" class=\"yoast-schema-graph\">{\"@context\":\"https:\/\/schema.org\",\"@graph\":[{\"@type\":\"WebPage\",\"@id\":\"https:\/\/vissaisaigonhotel.com\/la-mezzanine-all-day-dining\/\",\"url\":\"https:\/\/vissaisaigonhotel.com\/la-mezzanine-all-day-dining\/\",\"name\":\"La Mezzanine - All Day Dining - Vissai Saigon Hotel\",\"isPartOf\":{\"@id\":\"https:\/\/vissaisaigonhotel.com\/vi\/#website\"},\"primaryImageOfPage\":{\"@id\":\"https:\/\/vissaisaigonhotel.com\/la-mezzanine-all-day-dining\/#primaryimage\"},\"image\":{\"@id\":\"https:\/\/vissaisaigonhotel.com\/la-mezzanine-all-day-dining\/#primaryimage\"},\"thumbnailUrl\":\"https:\/\/vissaisaigonhotel.com\/wp-content\/uploads\/2025\/09\/a1-150x150.jpg\",\"datePublished\":\"2025-09-26T04:47:05+00:00\",\"dateModified\":\"2025-09-26T04:48:49+00:00\",\"breadcrumb\":{\"@id\":\"https:\/\/vissaisaigonhotel.com\/la-mezzanine-all-day-dining\/#breadcrumb\"},\"inLanguage\":\"vi\",\"potentialAction\":[{\"@type\":\"ReadAction\",\"target\":[\"https:\/\/vissaisaigonhotel.com\/la-mezzanine-all-day-dining\/\"]}]},{\"@type\":\"ImageObject\",\"inLanguage\":\"vi\",\"@id\":\"https:\/\/vissaisaigonhotel.com\/la-mezzanine-all-day-dining\/#primaryimage\",\"url\":\"https:\/\/vissaisaigonhotel.com\/wp-content\/uploads\/2025\/09\/a1-150x150.jpg\",\"contentUrl\":\"https:\/\/vissaisaigonhotel.com\/wp-content\/uploads\/2025\/09\/a1-150x150.jpg\"},{\"@type\":\"BreadcrumbList\",\"@id\":\"https:\/\/vissaisaigonhotel.com\/la-mezzanine-all-day-dining\/#breadcrumb\",\"itemListElement\":[{\"@type\":\"ListItem\",\"position\":1,\"name\":\"Home\",\"item\":\"https:\/\/vissaisaigonhotel.com\/\"},{\"@type\":\"ListItem\",\"position\":2,\"name\":\"La Mezzanine &#8211; All Day Dining\"}]},{\"@type\":\"WebSite\",\"@id\":\"https:\/\/vissaisaigonhotel.com\/vi\/#website\",\"url\":\"https:\/\/vissaisaigonhotel.com\/vi\/\",\"name\":\"Vissai Saigon Hotel\",\"description\":\"\",\"publisher\":{\"@id\":\"https:\/\/vissaisaigonhotel.com\/vi\/#organization\"},\"potentialAction\":[{\"@type\":\"SearchAction\",\"target\":{\"@type\":\"EntryPoint\",\"urlTemplate\":\"https:\/\/vissaisaigonhotel.com\/vi\/?s={search_term_string}\"},\"query-input\":{\"@type\":\"PropertyValueSpecification\",\"valueRequired\":true,\"valueName\":\"search_term_string\"}}],\"inLanguage\":\"vi\"},{\"@type\":\"Organization\",\"@id\":\"https:\/\/vissaisaigonhotel.com\/vi\/#organization\",\"name\":\"Vissai Saigon Hotel\",\"url\":\"https:\/\/vissaisaigonhotel.com\/vi\/\",\"logo\":{\"@type\":\"ImageObject\",\"inLanguage\":\"vi\",\"@id\":\"https:\/\/vissaisaigonhotel.com\/vi\/#\/schema\/logo\/image\/\",\"url\":\"\",\"contentUrl\":\"\",\"caption\":\"Vissai Saigon Hotel\"},\"image\":{\"@id\":\"https:\/\/vissaisaigonhotel.com\/vi\/#\/schema\/logo\/image\/\"},\"sameAs\":[\"https:\/\/www.facebook.com\/VissaiSaigonHotelOfficial\"]}]}<\/script>\n<!-- \/ Yoast SEO plugin. -->","yoast_head_json":{"title":"La Mezzanine - All Day Dining - Vissai Saigon Hotel","robots":{"index":"index","follow":"follow","max-snippet":"max-snippet:-1","max-image-preview":"max-image-preview:large","max-video-preview":"max-video-preview:-1"},"canonical":"https:\/\/vissaisaigonhotel.com\/vi\/la-mezzanine-all-day-dining\/","og_locale":"vi_VN","og_type":"article","og_title":"La Mezzanine - All Day Dining - Vissai Saigon Hotel","og_description":"La Mezzanine &#8211; All Day Dining Our La Mezzanine Restaurant offers what this region is made of. Blend of Western and Eastern. International cuisine and traditional Vietnamese dishes are served in a modern setting. Private section within the restaurant is the ideal venue for a small gathering business or pleasure; we are at your service. ... [Read more...]","og_url":"https:\/\/vissaisaigonhotel.com\/vi\/la-mezzanine-all-day-dining\/","og_site_name":"Vissai Saigon Hotel","article_publisher":"https:\/\/www.facebook.com\/VissaiSaigonHotelOfficial","article_modified_time":"2025-09-26T04:48:49+00:00","og_image":[{"url":"https:\/\/vissaisaigonhotel.com\/wp-content\/uploads\/2025\/09\/a1-150x150.jpg","type":"","width":"","height":""}],"twitter_card":"summary_large_image","schema":{"@context":"https:\/\/schema.org","@graph":[{"@type":"WebPage","@id":"https:\/\/vissaisaigonhotel.com\/la-mezzanine-all-day-dining\/","url":"https:\/\/vissaisaigonhotel.com\/la-mezzanine-all-day-dining\/","name":"La Mezzanine - All Day Dining - Vissai Saigon Hotel","isPartOf":{"@id":"https:\/\/vissaisaigonhotel.com\/vi\/#website"},"primaryImageOfPage":{"@id":"https:\/\/vissaisaigonhotel.com\/la-mezzanine-all-day-dining\/#primaryimage"},"image":{"@id":"https:\/\/vissaisaigonhotel.com\/la-mezzanine-all-day-dining\/#primaryimage"},"thumbnailUrl":"https:\/\/vissaisaigonhotel.com\/wp-content\/uploads\/2025\/09\/a1-150x150.jpg","datePublished":"2025-09-26T04:47:05+00:00","dateModified":"2025-09-26T04:48:49+00:00","breadcrumb":{"@id":"https:\/\/vissaisaigonhotel.com\/la-mezzanine-all-day-dining\/#breadcrumb"},"inLanguage":"vi","potentialAction":[{"@type":"ReadAction","target":["https:\/\/vissaisaigonhotel.com\/la-mezzanine-all-day-dining\/"]}]},{"@type":"ImageObject","inLanguage":"vi","@id":"https:\/\/vissaisaigonhotel.com\/la-mezzanine-all-day-dining\/#primaryimage","url":"https:\/\/vissaisaigonhotel.com\/wp-content\/uploads\/2025\/09\/a1-150x150.jpg","contentUrl":"https:\/\/vissaisaigonhotel.com\/wp-content\/uploads\/2025\/09\/a1-150x150.jpg"},{"@type":"BreadcrumbList","@id":"https:\/\/vissaisaigonhotel.com\/la-mezzanine-all-day-dining\/#breadcrumb","itemListElement":[{"@type":"ListItem","position":1,"name":"Home","item":"https:\/\/vissaisaigonhotel.com\/"},{"@type":"ListItem","position":2,"name":"La Mezzanine &#8211; All Day Dining"}]},{"@type":"WebSite","@id":"https:\/\/vissaisaigonhotel.com\/vi\/#website","url":"https:\/\/vissaisaigonhotel.com\/vi\/","name":"KH\u00c1CH S\u1ea0N VISSAI SAIGON","description":"","publisher":{"@id":"https:\/\/vissaisaigonhotel.com\/vi\/#organization"},"potentialAction":[{"@type":"SearchAction","target":{"@type":"EntryPoint","urlTemplate":"https:\/\/vissaisaigonhotel.com\/vi\/?s={search_term_string}"},"query-input":{"@type":"PropertyValueSpecification","valueRequired":true,"valueName":"search_term_string"}}],"inLanguage":"vi"},{"@type":"Organization","@id":"https:\/\/vissaisaigonhotel.com\/vi\/#organization","name":"KH\u00c1CH S\u1ea0N VISSAI SAIGON","url":"https:\/\/vissaisaigonhotel.com\/vi\/","logo":{"@type":"ImageObject","inLanguage":"vi","@id":"https:\/\/vissaisaigonhotel.com\/vi\/#\/schema\/logo\/image\/","url":"","contentUrl":"","caption":"Vissai Saigon Hotel"},"image":{"@id":"https:\/\/vissaisaigonhotel.com\/vi\/#\/schema\/logo\/image\/"},"sameAs":["https:\/\/www.facebook.com\/VissaiSaigonHotelOfficial"]}]}},"tpgb_featured_images":null,"tpgb_post_meta_info":{"get_date":"Th\u00e1ng 9 26, 2025","get_modified_date":"Th\u00e1ng 9 26, 2025","author_name":"nginx","author_url":"https:\/\/vissaisaigonhotel.com\/vi\/author\/nginx\/","author_email":"itm@vissaisaigonhotel.vn","author_website":"https:\/\/vissaisaigonhotel.com","author_description":"","author_facebook":"","author_twitter":"","author_instagram":"","author_role":["administrator"],"author_firstname":"","author_lastname":"","user_login":"nginx","author_avatar":"<img alt='' src='https:\/\/secure.gravatar.com\/avatar\/49346ba064c81cc56629ea852e95f685b1bdf0aa36162bd5b4d8495bf0df34d1?s=200&#038;d=mm&#038;r=g' srcset='https:\/\/secure.gravatar.com\/avatar\/49346ba064c81cc56629ea852e95f685b1bdf0aa36162bd5b4d8495bf0df34d1?s=400&#038;d=mm&#038;r=g 2x' class='avatar avatar-200 photo' height='200' width='200' decoding='async'itemprop=\"image\" \/>","author_avatar_url":"https:\/\/secure.gravatar.com\/avatar\/49346ba064c81cc56629ea852e95f685b1bdf0aa36162bd5b4d8495bf0df34d1?s=96&d=mm&r=g","comment_count":0,"post_likes":0,"post_views":0},"tpgb_post_category":[],"_links":{"self":[{"href":"https:\/\/vissaisaigonhotel.com\/vi\/wp-json\/wp\/v2\/pages\/835","targetHints":{"allow":["GET"]}}],"collection":[{"href":"https:\/\/vissaisaigonhotel.com\/vi\/wp-json\/wp\/v2\/pages"}],"about":[{"href":"https:\/\/vissaisaigonhotel.com\/vi\/wp-json\/wp\/v2\/types\/page"}],"author":[{"embeddable":true,"href":"https:\/\/vissaisaigonhotel.com\/vi\/wp-json\/wp\/v2\/users\/1"}],"replies":[{"embeddable":true,"href":"https:\/\/vissaisaigonhotel.com\/vi\/wp-json\/wp\/v2\/comments?post=835"}],"version-history":[{"count":4,"href":"https:\/\/vissaisaigonhotel.com\/vi\/wp-json\/wp\/v2\/pages\/835\/revisions"}],"predecessor-version":[{"id":844,"href":"https:\/\/vissaisaigonhotel.com\/vi\/wp-json\/wp\/v2\/pages\/835\/revisions\/844"}],"wp:attachment":[{"href":"https:\/\/vissaisaigonhotel.com\/vi\/wp-json\/wp\/v2\/media?parent=835"}],"curies":[{"name":"wp","href":"https:\/\/api.w.org\/{rel}","templated":true}]}}