{"id":825,"date":"2025-09-26T04:44:41","date_gmt":"2025-09-26T04:44:41","guid":{"rendered":"https:\/\/vissaisaigonhotel.com\/?page_id=825"},"modified":"2025-09-26T04:45:50","modified_gmt":"2025-09-26T04:45:50","slug":"vino-veritas-wine-cellar","status":"publish","type":"page","link":"https:\/\/vissaisaigonhotel.com\/vi\/vino-veritas-wine-cellar\/","title":{"rendered":"Vino Veritas &#8211; Wine Cellar"},"content":{"rendered":"<div data-elementor-type=\"wp-page\" data-elementor-id=\"825\" class=\"elementor elementor-825\">\n\t\t\t\t<div class=\"elementor-element elementor-element-7e38707 e-flex e-con-boxed e-con e-parent\" data-id=\"7e38707\" data-element_type=\"container\" data-e-type=\"container\">\n\t\t\t\t\t<div class=\"e-con-inner\">\n\t\t\t\t<div class=\"elementor-element elementor-element-525a37d gallery-spacing-custom elementor-widget elementor-widget-image-gallery\" data-id=\"525a37d\" data-element_type=\"widget\" data-e-type=\"widget\" data-widget_type=\"image-gallery.default\">\n\t\t\t\t\t\t\t<div class=\"elementor-image-gallery\">\n\t\t\t\n\t\t<style type=\"text\/css\">\n\t\t\t#gallery-1 {\n\t\t\t\tmargin: auto;\n\t\t\t}\n\t\t\t#gallery-1 .gallery-item {\n\t\t\t\tfloat: left;\n\t\t\t\tmargin-top: 10px;\n\t\t\t\ttext-align: center;\n\t\t\t\twidth: 20%;\n\t\t\t}\n\t\t\t#gallery-1 img {\n\t\t\t\tborder: 2px solid #cfcfcf;\n\t\t\t}\n\t\t\t#gallery-1 .gallery-caption {\n\t\t\t\tmargin-left: 0;\n\t\t\t}\n\t\t\t\/* see gallery_shortcode() in wp-includes\/media.php *\/\n\t\t<\/style>\n\t\t<div id='gallery-1' class='gallery galleryid-825 gallery-columns-5 gallery-size-thumbnail'><dl class='gallery-item'>\n\t\t\t<dt class='gallery-icon landscape'>\n\t\t\t\t<a data-elementor-open-lightbox=\"yes\" data-elementor-lightbox-slideshow=\"525a37d\" data-e-action-hash=\"#elementor-action%3Aaction%3Dlightbox%26settings%3DeyJpZCI6ODI3LCJ1cmwiOiJodHRwczpcL1wvdmlzc2Fpc2FpZ29uaG90ZWwuY29tXC93cC1jb250ZW50XC91cGxvYWRzXC8yMDI1XC8wOVwvcjEuanBnIiwic2xpZGVzaG93IjoiNTI1YTM3ZCJ9\" href='https:\/\/vissaisaigonhotel.com\/wp-content\/uploads\/2025\/09\/r1.jpg'><img decoding=\"async\" width=\"150\" height=\"150\" src=\"https:\/\/vissaisaigonhotel.com\/wp-content\/uploads\/2025\/09\/r1-150x150.jpg\" class=\"attachment-thumbnail size-thumbnail\" alt=\"\" \/><\/a>\n\t\t\t<\/dt><\/dl><dl class='gallery-item'>\n\t\t\t<dt class='gallery-icon landscape'>\n\t\t\t\t<a data-elementor-open-lightbox=\"yes\" data-elementor-lightbox-slideshow=\"525a37d\" data-e-action-hash=\"#elementor-action%3Aaction%3Dlightbox%26settings%3DeyJpZCI6ODI4LCJ1cmwiOiJodHRwczpcL1wvdmlzc2Fpc2FpZ29uaG90ZWwuY29tXC93cC1jb250ZW50XC91cGxvYWRzXC8yMDI1XC8wOVwvcjIuanBnIiwic2xpZGVzaG93IjoiNTI1YTM3ZCJ9\" href='https:\/\/vissaisaigonhotel.com\/wp-content\/uploads\/2025\/09\/r2.jpg'><img decoding=\"async\" width=\"150\" height=\"150\" src=\"https:\/\/vissaisaigonhotel.com\/wp-content\/uploads\/2025\/09\/r2-150x150.jpg\" class=\"attachment-thumbnail size-thumbnail\" alt=\"\" \/><\/a>\n\t\t\t<\/dt><\/dl><dl class='gallery-item'>\n\t\t\t<dt class='gallery-icon landscape'>\n\t\t\t\t<a data-elementor-open-lightbox=\"yes\" data-elementor-lightbox-slideshow=\"525a37d\" data-e-action-hash=\"#elementor-action%3Aaction%3Dlightbox%26settings%3DeyJpZCI6ODI5LCJ1cmwiOiJodHRwczpcL1wvdmlzc2Fpc2FpZ29uaG90ZWwuY29tXC93cC1jb250ZW50XC91cGxvYWRzXC8yMDI1XC8wOVwvcjMuanBnIiwic2xpZGVzaG93IjoiNTI1YTM3ZCJ9\" href='https:\/\/vissaisaigonhotel.com\/wp-content\/uploads\/2025\/09\/r3.jpg'><img decoding=\"async\" width=\"150\" height=\"150\" src=\"https:\/\/vissaisaigonhotel.com\/wp-content\/uploads\/2025\/09\/r3-150x150.jpg\" class=\"attachment-thumbnail size-thumbnail\" alt=\"\" \/><\/a>\n\t\t\t<\/dt><\/dl><dl class='gallery-item'>\n\t\t\t<dt class='gallery-icon portrait'>\n\t\t\t\t<a data-elementor-open-lightbox=\"yes\" data-elementor-lightbox-slideshow=\"525a37d\" data-e-action-hash=\"#elementor-action%3Aaction%3Dlightbox%26settings%3DeyJpZCI6ODMwLCJ1cmwiOiJodHRwczpcL1wvdmlzc2Fpc2FpZ29uaG90ZWwuY29tXC93cC1jb250ZW50XC91cGxvYWRzXC8yMDI1XC8wOVwvcjQuanBnIiwic2xpZGVzaG93IjoiNTI1YTM3ZCJ9\" href='https:\/\/vissaisaigonhotel.com\/wp-content\/uploads\/2025\/09\/r4.jpg'><img loading=\"lazy\" decoding=\"async\" width=\"150\" height=\"150\" src=\"https:\/\/vissaisaigonhotel.com\/wp-content\/uploads\/2025\/09\/r4-150x150.jpg\" class=\"attachment-thumbnail size-thumbnail\" alt=\"\" \/><\/a>\n\t\t\t<\/dt><\/dl><dl class='gallery-item'>\n\t\t\t<dt class='gallery-icon portrait'>\n\t\t\t\t<a data-elementor-open-lightbox=\"yes\" data-elementor-lightbox-slideshow=\"525a37d\" data-e-action-hash=\"#elementor-action%3Aaction%3Dlightbox%26settings%3DeyJpZCI6ODMxLCJ1cmwiOiJodHRwczpcL1wvdmlzc2Fpc2FpZ29uaG90ZWwuY29tXC93cC1jb250ZW50XC91cGxvYWRzXC8yMDI1XC8wOVwvcjUuanBnIiwic2xpZGVzaG93IjoiNTI1YTM3ZCJ9\" href='https:\/\/vissaisaigonhotel.com\/wp-content\/uploads\/2025\/09\/r5.jpg'><img loading=\"lazy\" decoding=\"async\" width=\"150\" height=\"150\" src=\"https:\/\/vissaisaigonhotel.com\/wp-content\/uploads\/2025\/09\/r5-150x150.jpg\" class=\"attachment-thumbnail size-thumbnail\" alt=\"\" \/><\/a>\n\t\t\t<\/dt><\/dl><br style=\"clear: both\" \/>\n\t\t<\/div>\n\t\t<\/div>\n\t\t\t\t\t\t<\/div>\n\t\t\t\t<div class=\"elementor-element elementor-element-00aa15a elementor-widget elementor-widget-text-editor\" data-id=\"00aa15a\" data-element_type=\"widget\" data-e-type=\"widget\" data-widget_type=\"text-editor.default\">\n\t\t\t\t\t\t\t\t\t<h3 style=\"color: rgb(129, 123, 116); margin-top: 0.25em; margin-bottom: 0.25em; font-family: Arial, &quot;Helvetica Neue&quot;, Helvetica, sans-serif;\">Vino Veritas &#8211; Wine Cellar<\/h3><p><img loading=\"lazy\" decoding=\"async\" width=\"274\" height=\"4\" alt=\"\" src=\"https:\/\/vissaisaigonhotel.vn\/images\/line-acc.jpg\" style=\"border-width: 0px; border-style: initial; color: rgb(129, 123, 116); font-family: Arial, &quot;Helvetica Neue&quot;, Helvetica, sans-serif; font-size: 20px; padding-bottom: 10px;\"><span style=\"color: rgb(129, 123, 116); font-family: Arial, &quot;Helvetica Neue&quot;, Helvetica, sans-serif; font-size: 20px;\"><\/span><\/p><p style=\"font-size: 0.75em; line-height: 1.5; margin-bottom: 1em; color: rgb(129, 123, 116); font-family: Arial, &quot;Helvetica Neue&quot;, Helvetica, sans-serif;\"><span style=\"color: rgb(89, 76, 69); font-family: Arial, Helvetica, sans-serif; font-size: medium; font-variant-numeric: normal; font-variant-east-asian: normal; font-variant-alternates: normal; font-variant-position: normal; font-variant-emoji: normal; line-height: normal; text-align: justify; background-color: rgb(251, 251, 246);\">T\u1ea1i \u0111\u00e2y, Qu\u00ed kh\u00e1ch s\u1ebd \u0111\u01b0\u1ee3c l\u1ef1a ch\u1ecdn \u0111a d\u1ea1ng v\u00e0 phong ph\u00fa c\u00e1c lo\u1ea1i r\u01b0\u1ee3u nh\u1eadp kh\u1ea9u t\u1eeb nh\u1eefng v\u00f9ng s\u1ea3n xu\u1ea5t r\u01b0\u1ee3u vang danh ti\u1ebfn tr\u00ean th\u1ebf gi\u1edbi \u0111\u1ed3ng th\u1eddi th\u1ecfa m\u00e3n ni\u1ec1m \u0111am m\u00ea v\u1edbi nh\u1eefng ly r\u01b0\u1ee3u mang phong c\u00e1ch h\u1ebft s\u1ee9c \u0111\u1ed9c \u0111\u00e1o. B\u00ean c\u1ea1nh \u0111\u00f3, nh\u1eefng \u0111i\u1ebfu x\u00ec g\u00e0 \u0111\u01b0\u1ee3c b\u1ea3o qu\u1ea3n ho\u00e0n h\u1ecfa s\u1ebd l\u00e0m t\u0103ng th\u00eam m\u1ee9c \u0111\u1ed9 th\u1ecfa m\u00e3 c\u0169ng nh\u01b0 ni\u1ec1m \u0111am m\u00ea cao c\u1ea5p c\u1ee7a qu\u00ed kh\u00e1ch.<\/span><\/p>\t\t\t\t\t\t\t\t<\/div>\n\t\t\t\t\t<\/div>\n\t\t\t\t<\/div>\n\t\t\t\t<\/div>","protected":false},"excerpt":{"rendered":"<p>Vino Veritas &#8211; Wine Cellar Vino Veritas offers large selection of wine both by the bottle and by the glass of all styles, origin from around the world to satisfy the taste of wine connoisseurs. Our fully stocked humidor holds premium, flavored and all famous brand cigar that perfectly goes together with the selection of &#8230; <span class=\"more\"><a class=\"more-link\" href=\"https:\/\/vissaisaigonhotel.com\/vi\/vino-veritas-wine-cellar\/\">[Read more&#8230;]<\/a><\/span><\/p>\n","protected":false},"author":1,"featured_media":0,"parent":0,"menu_order":0,"comment_status":"closed","ping_status":"closed","template":"elementor_header_footer","meta":{"tpgb_global_settings":"","footnotes":""},"class_list":["entry","page","publish","author-nginx","post-825"],"yoast_head":"<!-- This site is optimized with the Yoast SEO plugin v26.0 - https:\/\/yoast.com\/wordpress\/plugins\/seo\/ -->\n<title>Vino Veritas - Wine Cellar - Vissai Saigon Hotel<\/title>\n<meta name=\"robots\" content=\"index, follow, max-snippet:-1, max-image-preview:large, max-video-preview:-1\" \/>\n<link rel=\"canonical\" href=\"https:\/\/vissaisaigonhotel.com\/vi\/vino-veritas-wine-cellar\/\" \/>\n<meta property=\"og:locale\" content=\"vi_VN\" \/>\n<meta property=\"og:type\" content=\"article\" \/>\n<meta property=\"og:title\" content=\"Vino Veritas - Wine Cellar - Vissai Saigon Hotel\" \/>\n<meta property=\"og:description\" content=\"Vino Veritas &#8211; Wine Cellar Vino Veritas offers large selection of wine both by the bottle and by the glass of all styles, origin from around the world to satisfy the taste of wine connoisseurs. Our fully stocked humidor holds premium, flavored and all famous brand cigar that perfectly goes together with the selection of ... [Read more...]\" \/>\n<meta property=\"og:url\" content=\"https:\/\/vissaisaigonhotel.com\/vi\/vino-veritas-wine-cellar\/\" \/>\n<meta property=\"og:site_name\" content=\"Vissai Saigon Hotel\" \/>\n<meta property=\"article:publisher\" content=\"https:\/\/www.facebook.com\/VissaiSaigonHotelOfficial\" \/>\n<meta property=\"article:modified_time\" content=\"2025-09-26T04:45:50+00:00\" \/>\n<meta property=\"og:image\" content=\"https:\/\/vissaisaigonhotel.com\/wp-content\/uploads\/2025\/09\/r1-150x150.jpg\" \/>\n<meta name=\"twitter:card\" content=\"summary_large_image\" \/>\n<script type=\"application\/ld+json\" class=\"yoast-schema-graph\">{\"@context\":\"https:\/\/schema.org\",\"@graph\":[{\"@type\":\"WebPage\",\"@id\":\"https:\/\/vissaisaigonhotel.com\/vino-veritas-wine-cellar\/\",\"url\":\"https:\/\/vissaisaigonhotel.com\/vino-veritas-wine-cellar\/\",\"name\":\"Vino Veritas - Wine Cellar - Vissai Saigon Hotel\",\"isPartOf\":{\"@id\":\"https:\/\/vissaisaigonhotel.com\/vi\/#website\"},\"primaryImageOfPage\":{\"@id\":\"https:\/\/vissaisaigonhotel.com\/vino-veritas-wine-cellar\/#primaryimage\"},\"image\":{\"@id\":\"https:\/\/vissaisaigonhotel.com\/vino-veritas-wine-cellar\/#primaryimage\"},\"thumbnailUrl\":\"https:\/\/vissaisaigonhotel.com\/wp-content\/uploads\/2025\/09\/r1-150x150.jpg\",\"datePublished\":\"2025-09-26T04:44:41+00:00\",\"dateModified\":\"2025-09-26T04:45:50+00:00\",\"breadcrumb\":{\"@id\":\"https:\/\/vissaisaigonhotel.com\/vino-veritas-wine-cellar\/#breadcrumb\"},\"inLanguage\":\"vi\",\"potentialAction\":[{\"@type\":\"ReadAction\",\"target\":[\"https:\/\/vissaisaigonhotel.com\/vino-veritas-wine-cellar\/\"]}]},{\"@type\":\"ImageObject\",\"inLanguage\":\"vi\",\"@id\":\"https:\/\/vissaisaigonhotel.com\/vino-veritas-wine-cellar\/#primaryimage\",\"url\":\"https:\/\/vissaisaigonhotel.com\/wp-content\/uploads\/2025\/09\/r1-150x150.jpg\",\"contentUrl\":\"https:\/\/vissaisaigonhotel.com\/wp-content\/uploads\/2025\/09\/r1-150x150.jpg\"},{\"@type\":\"BreadcrumbList\",\"@id\":\"https:\/\/vissaisaigonhotel.com\/vino-veritas-wine-cellar\/#breadcrumb\",\"itemListElement\":[{\"@type\":\"ListItem\",\"position\":1,\"name\":\"Home\",\"item\":\"https:\/\/vissaisaigonhotel.com\/\"},{\"@type\":\"ListItem\",\"position\":2,\"name\":\"Vino Veritas &#8211; Wine Cellar\"}]},{\"@type\":\"WebSite\",\"@id\":\"https:\/\/vissaisaigonhotel.com\/vi\/#website\",\"url\":\"https:\/\/vissaisaigonhotel.com\/vi\/\",\"name\":\"Vissai Saigon Hotel\",\"description\":\"\",\"publisher\":{\"@id\":\"https:\/\/vissaisaigonhotel.com\/vi\/#organization\"},\"potentialAction\":[{\"@type\":\"SearchAction\",\"target\":{\"@type\":\"EntryPoint\",\"urlTemplate\":\"https:\/\/vissaisaigonhotel.com\/vi\/?s={search_term_string}\"},\"query-input\":{\"@type\":\"PropertyValueSpecification\",\"valueRequired\":true,\"valueName\":\"search_term_string\"}}],\"inLanguage\":\"vi\"},{\"@type\":\"Organization\",\"@id\":\"https:\/\/vissaisaigonhotel.com\/vi\/#organization\",\"name\":\"Vissai Saigon Hotel\",\"url\":\"https:\/\/vissaisaigonhotel.com\/vi\/\",\"logo\":{\"@type\":\"ImageObject\",\"inLanguage\":\"vi\",\"@id\":\"https:\/\/vissaisaigonhotel.com\/vi\/#\/schema\/logo\/image\/\",\"url\":\"\",\"contentUrl\":\"\",\"caption\":\"Vissai Saigon Hotel\"},\"image\":{\"@id\":\"https:\/\/vissaisaigonhotel.com\/vi\/#\/schema\/logo\/image\/\"},\"sameAs\":[\"https:\/\/www.facebook.com\/VissaiSaigonHotelOfficial\"]}]}<\/script>\n<!-- \/ Yoast SEO plugin. -->","yoast_head_json":{"title":"Vino Veritas - Wine Cellar - Vissai Saigon Hotel","robots":{"index":"index","follow":"follow","max-snippet":"max-snippet:-1","max-image-preview":"max-image-preview:large","max-video-preview":"max-video-preview:-1"},"canonical":"https:\/\/vissaisaigonhotel.com\/vi\/vino-veritas-wine-cellar\/","og_locale":"vi_VN","og_type":"article","og_title":"Vino Veritas - Wine Cellar - Vissai Saigon Hotel","og_description":"Vino Veritas &#8211; Wine Cellar Vino Veritas offers large selection of wine both by the bottle and by the glass of all styles, origin from around the world to satisfy the taste of wine connoisseurs. Our fully stocked humidor holds premium, flavored and all famous brand cigar that perfectly goes together with the selection of ... [Read more...]","og_url":"https:\/\/vissaisaigonhotel.com\/vi\/vino-veritas-wine-cellar\/","og_site_name":"Vissai Saigon Hotel","article_publisher":"https:\/\/www.facebook.com\/VissaiSaigonHotelOfficial","article_modified_time":"2025-09-26T04:45:50+00:00","og_image":[{"url":"https:\/\/vissaisaigonhotel.com\/wp-content\/uploads\/2025\/09\/r1-150x150.jpg","type":"","width":"","height":""}],"twitter_card":"summary_large_image","schema":{"@context":"https:\/\/schema.org","@graph":[{"@type":"WebPage","@id":"https:\/\/vissaisaigonhotel.com\/vino-veritas-wine-cellar\/","url":"https:\/\/vissaisaigonhotel.com\/vino-veritas-wine-cellar\/","name":"Vino Veritas - Wine Cellar - Vissai Saigon Hotel","isPartOf":{"@id":"https:\/\/vissaisaigonhotel.com\/vi\/#website"},"primaryImageOfPage":{"@id":"https:\/\/vissaisaigonhotel.com\/vino-veritas-wine-cellar\/#primaryimage"},"image":{"@id":"https:\/\/vissaisaigonhotel.com\/vino-veritas-wine-cellar\/#primaryimage"},"thumbnailUrl":"https:\/\/vissaisaigonhotel.com\/wp-content\/uploads\/2025\/09\/r1-150x150.jpg","datePublished":"2025-09-26T04:44:41+00:00","dateModified":"2025-09-26T04:45:50+00:00","breadcrumb":{"@id":"https:\/\/vissaisaigonhotel.com\/vino-veritas-wine-cellar\/#breadcrumb"},"inLanguage":"vi","potentialAction":[{"@type":"ReadAction","target":["https:\/\/vissaisaigonhotel.com\/vino-veritas-wine-cellar\/"]}]},{"@type":"ImageObject","inLanguage":"vi","@id":"https:\/\/vissaisaigonhotel.com\/vino-veritas-wine-cellar\/#primaryimage","url":"https:\/\/vissaisaigonhotel.com\/wp-content\/uploads\/2025\/09\/r1-150x150.jpg","contentUrl":"https:\/\/vissaisaigonhotel.com\/wp-content\/uploads\/2025\/09\/r1-150x150.jpg"},{"@type":"BreadcrumbList","@id":"https:\/\/vissaisaigonhotel.com\/vino-veritas-wine-cellar\/#breadcrumb","itemListElement":[{"@type":"ListItem","position":1,"name":"Home","item":"https:\/\/vissaisaigonhotel.com\/"},{"@type":"ListItem","position":2,"name":"Vino Veritas &#8211; Wine Cellar"}]},{"@type":"WebSite","@id":"https:\/\/vissaisaigonhotel.com\/vi\/#website","url":"https:\/\/vissaisaigonhotel.com\/vi\/","name":"KH\u00c1CH S\u1ea0N VISSAI SAIGON","description":"","publisher":{"@id":"https:\/\/vissaisaigonhotel.com\/vi\/#organization"},"potentialAction":[{"@type":"SearchAction","target":{"@type":"EntryPoint","urlTemplate":"https:\/\/vissaisaigonhotel.com\/vi\/?s={search_term_string}"},"query-input":{"@type":"PropertyValueSpecification","valueRequired":true,"valueName":"search_term_string"}}],"inLanguage":"vi"},{"@type":"Organization","@id":"https:\/\/vissaisaigonhotel.com\/vi\/#organization","name":"KH\u00c1CH S\u1ea0N VISSAI SAIGON","url":"https:\/\/vissaisaigonhotel.com\/vi\/","logo":{"@type":"ImageObject","inLanguage":"vi","@id":"https:\/\/vissaisaigonhotel.com\/vi\/#\/schema\/logo\/image\/","url":"","contentUrl":"","caption":"Vissai Saigon Hotel"},"image":{"@id":"https:\/\/vissaisaigonhotel.com\/vi\/#\/schema\/logo\/image\/"},"sameAs":["https:\/\/www.facebook.com\/VissaiSaigonHotelOfficial"]}]}},"tpgb_featured_images":null,"tpgb_post_meta_info":{"get_date":"Th\u00e1ng 9 26, 2025","get_modified_date":"Th\u00e1ng 9 26, 2025","author_name":"nginx","author_url":"https:\/\/vissaisaigonhotel.com\/vi\/author\/nginx\/","author_email":"itm@vissaisaigonhotel.vn","author_website":"https:\/\/vissaisaigonhotel.com","author_description":"","author_facebook":"","author_twitter":"","author_instagram":"","author_role":["administrator"],"author_firstname":"","author_lastname":"","user_login":"nginx","author_avatar":"<img alt='' src='https:\/\/secure.gravatar.com\/avatar\/49346ba064c81cc56629ea852e95f685b1bdf0aa36162bd5b4d8495bf0df34d1?s=200&#038;d=mm&#038;r=g' srcset='https:\/\/secure.gravatar.com\/avatar\/49346ba064c81cc56629ea852e95f685b1bdf0aa36162bd5b4d8495bf0df34d1?s=400&#038;d=mm&#038;r=g 2x' class='avatar avatar-200 photo' height='200' width='200' decoding='async'itemprop=\"image\" \/>","author_avatar_url":"https:\/\/secure.gravatar.com\/avatar\/49346ba064c81cc56629ea852e95f685b1bdf0aa36162bd5b4d8495bf0df34d1?s=96&d=mm&r=g","comment_count":0,"post_likes":0,"post_views":0},"tpgb_post_category":[],"_links":{"self":[{"href":"https:\/\/vissaisaigonhotel.com\/vi\/wp-json\/wp\/v2\/pages\/825","targetHints":{"allow":["GET"]}}],"collection":[{"href":"https:\/\/vissaisaigonhotel.com\/vi\/wp-json\/wp\/v2\/pages"}],"about":[{"href":"https:\/\/vissaisaigonhotel.com\/vi\/wp-json\/wp\/v2\/types\/page"}],"author":[{"embeddable":true,"href":"https:\/\/vissaisaigonhotel.com\/vi\/wp-json\/wp\/v2\/users\/1"}],"replies":[{"embeddable":true,"href":"https:\/\/vissaisaigonhotel.com\/vi\/wp-json\/wp\/v2\/comments?post=825"}],"version-history":[{"count":4,"href":"https:\/\/vissaisaigonhotel.com\/vi\/wp-json\/wp\/v2\/pages\/825\/revisions"}],"predecessor-version":[{"id":834,"href":"https:\/\/vissaisaigonhotel.com\/vi\/wp-json\/wp\/v2\/pages\/825\/revisions\/834"}],"wp:attachment":[{"href":"https:\/\/vissaisaigonhotel.com\/vi\/wp-json\/wp\/v2\/media?parent=825"}],"curies":[{"name":"wp","href":"https:\/\/api.w.org\/{rel}","templated":true}]}}