{"id":78,"date":"2025-09-25T07:56:34","date_gmt":"2025-09-25T07:56:34","guid":{"rendered":"https:\/\/vissaisaigonhotel.com\/?page_id=78"},"modified":"2025-09-27T21:05:41","modified_gmt":"2025-09-27T14:05:41","slug":"78-2","status":"publish","type":"page","link":"https:\/\/vissaisaigonhotel.com\/vi\/accommodation\/78-2\/","title":{"rendered":"DELUXE"},"content":{"rendered":"<div data-elementor-type=\"wp-page\" data-elementor-id=\"78\" class=\"elementor elementor-78\">\n\t\t\t\t<div class=\"elementor-element elementor-element-5b4ad1ae e-grid e-con-boxed e-con e-parent\" data-id=\"5b4ad1ae\" data-element_type=\"container\" data-e-type=\"container\">\n\t\t\t\t\t<div class=\"e-con-inner\">\n\t\t\t\t<div class=\"elementor-element elementor-element-b774b30 gallery-spacing-custom elementor-widget elementor-widget-image-gallery\" data-id=\"b774b30\" data-element_type=\"widget\" data-e-type=\"widget\" data-widget_type=\"image-gallery.default\">\n\t\t\t\t\t\t\t<div class=\"elementor-image-gallery\">\n\t\t\t\n\t\t<style type=\"text\/css\">\n\t\t\t#gallery-1 {\n\t\t\t\tmargin: auto;\n\t\t\t}\n\t\t\t#gallery-1 .gallery-item {\n\t\t\t\tfloat: left;\n\t\t\t\tmargin-top: 10px;\n\t\t\t\ttext-align: center;\n\t\t\t\twidth: 33%;\n\t\t\t}\n\t\t\t#gallery-1 img {\n\t\t\t\tborder: 2px solid #cfcfcf;\n\t\t\t}\n\t\t\t#gallery-1 .gallery-caption {\n\t\t\t\tmargin-left: 0;\n\t\t\t}\n\t\t\t\/* see gallery_shortcode() in wp-includes\/media.php *\/\n\t\t<\/style>\n\t\t<div id='gallery-1' class='gallery galleryid-78 gallery-columns-3 gallery-size-medium'><dl class='gallery-item'>\n\t\t\t<dt class='gallery-icon landscape'>\n\t\t\t\t<a data-elementor-open-lightbox=\"yes\" data-elementor-lightbox-slideshow=\"b774b30\" data-e-action-hash=\"#elementor-action%3Aaction%3Dlightbox%26settings%3DeyJpZCI6NzksInVybCI6Imh0dHBzOlwvXC92aXNzYWlzYWlnb25ob3RlbC5jb21cL3dwLWNvbnRlbnRcL3VwbG9hZHNcLzIwMjVcLzA5XC9ERUxVWEU0LmpwZyIsInNsaWRlc2hvdyI6ImI3NzRiMzAifQ%3D%3D\" href='https:\/\/vissaisaigonhotel.com\/wp-content\/uploads\/2025\/09\/DELUXE4.jpg'><img fetchpriority=\"high\" decoding=\"async\" width=\"300\" height=\"200\" src=\"https:\/\/vissaisaigonhotel.com\/wp-content\/uploads\/2025\/09\/DELUXE4-300x200.jpg\" class=\"attachment-medium size-medium\" alt=\"\" srcset=\"https:\/\/vissaisaigonhotel.com\/wp-content\/uploads\/2025\/09\/DELUXE4-300x200.jpg 300w, https:\/\/vissaisaigonhotel.com\/wp-content\/uploads\/2025\/09\/DELUXE4-1024x683.jpg 1024w, https:\/\/vissaisaigonhotel.com\/wp-content\/uploads\/2025\/09\/DELUXE4-768x512.jpg 768w, https:\/\/vissaisaigonhotel.com\/wp-content\/uploads\/2025\/09\/DELUXE4.jpg 1155w\" sizes=\"(max-width: 300px) 100vw, 300px\" \/><\/a>\n\t\t\t<\/dt><\/dl><dl class='gallery-item'>\n\t\t\t<dt class='gallery-icon landscape'>\n\t\t\t\t<a data-elementor-open-lightbox=\"yes\" data-elementor-lightbox-slideshow=\"b774b30\" data-e-action-hash=\"#elementor-action%3Aaction%3Dlightbox%26settings%3DeyJpZCI6NjIsInVybCI6Imh0dHBzOlwvXC92aXNzYWlzYWlnb25ob3RlbC5jb21cL3dwLWNvbnRlbnRcL3VwbG9hZHNcLzIwMjVcLzA5XC9FWEVDVVRJVkUtREVMVVhFMy5qcGciLCJzbGlkZXNob3ciOiJiNzc0YjMwIn0%3D\" href='https:\/\/vissaisaigonhotel.com\/wp-content\/uploads\/2025\/09\/EXECUTIVE-DELUXE3.jpg'><img decoding=\"async\" width=\"300\" height=\"199\" src=\"https:\/\/vissaisaigonhotel.com\/wp-content\/uploads\/2025\/09\/EXECUTIVE-DELUXE3-300x199.jpg\" class=\"attachment-medium size-medium\" alt=\"\" srcset=\"https:\/\/vissaisaigonhotel.com\/wp-content\/uploads\/2025\/09\/EXECUTIVE-DELUXE3-300x199.jpg 300w, https:\/\/vissaisaigonhotel.com\/wp-content\/uploads\/2025\/09\/EXECUTIVE-DELUXE3-1024x680.jpg 1024w, https:\/\/vissaisaigonhotel.com\/wp-content\/uploads\/2025\/09\/EXECUTIVE-DELUXE3-768x510.jpg 768w, https:\/\/vissaisaigonhotel.com\/wp-content\/uploads\/2025\/09\/EXECUTIVE-DELUXE3.jpg 1161w\" sizes=\"(max-width: 300px) 100vw, 300px\" \/><\/a>\n\t\t\t<\/dt><\/dl><dl class='gallery-item'>\n\t\t\t<dt class='gallery-icon landscape'>\n\t\t\t\t<a data-elementor-open-lightbox=\"yes\" data-elementor-lightbox-slideshow=\"b774b30\" data-e-action-hash=\"#elementor-action%3Aaction%3Dlightbox%26settings%3DeyJpZCI6NjMsInVybCI6Imh0dHBzOlwvXC92aXNzYWlzYWlnb25ob3RlbC5jb21cL3dwLWNvbnRlbnRcL3VwbG9hZHNcLzIwMjVcLzA5XC9FWEVDVVRJVkUtREVMVVhFMi5qcGciLCJzbGlkZXNob3ciOiJiNzc0YjMwIn0%3D\" href='https:\/\/vissaisaigonhotel.com\/wp-content\/uploads\/2025\/09\/EXECUTIVE-DELUXE2.jpg'><img decoding=\"async\" width=\"300\" height=\"199\" src=\"https:\/\/vissaisaigonhotel.com\/wp-content\/uploads\/2025\/09\/EXECUTIVE-DELUXE2-300x199.jpg\" class=\"attachment-medium size-medium\" alt=\"\" srcset=\"https:\/\/vissaisaigonhotel.com\/wp-content\/uploads\/2025\/09\/EXECUTIVE-DELUXE2-300x199.jpg 300w, https:\/\/vissaisaigonhotel.com\/wp-content\/uploads\/2025\/09\/EXECUTIVE-DELUXE2-1024x680.jpg 1024w, https:\/\/vissaisaigonhotel.com\/wp-content\/uploads\/2025\/09\/EXECUTIVE-DELUXE2-768x510.jpg 768w, https:\/\/vissaisaigonhotel.com\/wp-content\/uploads\/2025\/09\/EXECUTIVE-DELUXE2.jpg 1161w\" sizes=\"(max-width: 300px) 100vw, 300px\" \/><\/a>\n\t\t\t<\/dt><\/dl><br style=\"clear: both\" \/><dl class='gallery-item'>\n\t\t\t<dt class='gallery-icon landscape'>\n\t\t\t\t<a data-elementor-open-lightbox=\"yes\" data-elementor-lightbox-slideshow=\"b774b30\" data-e-action-hash=\"#elementor-action%3Aaction%3Dlightbox%26settings%3DeyJpZCI6NjEsInVybCI6Imh0dHBzOlwvXC92aXNzYWlzYWlnb25ob3RlbC5jb21cL3dwLWNvbnRlbnRcL3VwbG9hZHNcLzIwMjVcLzA5XC9FWEVDVVRJVkUtREVMVVhFMS5qcGciLCJzbGlkZXNob3ciOiJiNzc0YjMwIn0%3D\" href='https:\/\/vissaisaigonhotel.com\/wp-content\/uploads\/2025\/09\/EXECUTIVE-DELUXE1.jpg'><img loading=\"lazy\" decoding=\"async\" width=\"300\" height=\"200\" src=\"https:\/\/vissaisaigonhotel.com\/wp-content\/uploads\/2025\/09\/EXECUTIVE-DELUXE1-300x200.jpg\" class=\"attachment-medium size-medium\" alt=\"\" srcset=\"https:\/\/vissaisaigonhotel.com\/wp-content\/uploads\/2025\/09\/EXECUTIVE-DELUXE1-300x200.jpg 300w, https:\/\/vissaisaigonhotel.com\/wp-content\/uploads\/2025\/09\/EXECUTIVE-DELUXE1-1024x683.jpg 1024w, https:\/\/vissaisaigonhotel.com\/wp-content\/uploads\/2025\/09\/EXECUTIVE-DELUXE1-768x512.jpg 768w, https:\/\/vissaisaigonhotel.com\/wp-content\/uploads\/2025\/09\/EXECUTIVE-DELUXE1.jpg 1155w\" sizes=\"(max-width: 300px) 100vw, 300px\" \/><\/a>\n\t\t\t<\/dt><\/dl><dl class='gallery-item'>\n\t\t\t<dt class='gallery-icon landscape'>\n\t\t\t\t<a data-elementor-open-lightbox=\"yes\" data-elementor-lightbox-slideshow=\"b774b30\" data-e-action-hash=\"#elementor-action%3Aaction%3Dlightbox%26settings%3DeyJpZCI6MzQsInVybCI6Imh0dHBzOlwvXC92aXNzYWlzYWlnb25ob3RlbC5jb21cL3dwLWNvbnRlbnRcL3VwbG9hZHNcLzIwMjVcLzA5XC9FWEVDVVRJVkUtU1VJVEUtMy5qcGciLCJzbGlkZXNob3ciOiJiNzc0YjMwIn0%3D\" href='https:\/\/vissaisaigonhotel.com\/wp-content\/uploads\/2025\/09\/EXECUTIVE-SUITE-3.jpg'><img loading=\"lazy\" decoding=\"async\" width=\"300\" height=\"200\" src=\"https:\/\/vissaisaigonhotel.com\/wp-content\/uploads\/2025\/09\/EXECUTIVE-SUITE-3-300x200.jpg\" class=\"attachment-medium size-medium\" alt=\"\" srcset=\"https:\/\/vissaisaigonhotel.com\/wp-content\/uploads\/2025\/09\/EXECUTIVE-SUITE-3-300x200.jpg 300w, https:\/\/vissaisaigonhotel.com\/wp-content\/uploads\/2025\/09\/EXECUTIVE-SUITE-3-1024x682.jpg 1024w, https:\/\/vissaisaigonhotel.com\/wp-content\/uploads\/2025\/09\/EXECUTIVE-SUITE-3-768x512.jpg 768w, https:\/\/vissaisaigonhotel.com\/wp-content\/uploads\/2025\/09\/EXECUTIVE-SUITE-3.jpg 1157w\" sizes=\"(max-width: 300px) 100vw, 300px\" \/><\/a>\n\t\t\t<\/dt><\/dl><dl class='gallery-item'>\n\t\t\t<dt class='gallery-icon landscape'>\n\t\t\t\t<a data-elementor-open-lightbox=\"yes\" data-elementor-lightbox-slideshow=\"b774b30\" data-e-action-hash=\"#elementor-action%3Aaction%3Dlightbox%26settings%3DeyJpZCI6MzUsInVybCI6Imh0dHBzOlwvXC92aXNzYWlzYWlnb25ob3RlbC5jb21cL3dwLWNvbnRlbnRcL3VwbG9hZHNcLzIwMjVcLzA5XC9FWEVDVVRJVkUtU1VJVEUtNC5qcGciLCJzbGlkZXNob3ciOiJiNzc0YjMwIn0%3D\" href='https:\/\/vissaisaigonhotel.com\/wp-content\/uploads\/2025\/09\/EXECUTIVE-SUITE-4.jpg'><img loading=\"lazy\" decoding=\"async\" width=\"300\" height=\"200\" src=\"https:\/\/vissaisaigonhotel.com\/wp-content\/uploads\/2025\/09\/EXECUTIVE-SUITE-4-300x200.jpg\" class=\"attachment-medium size-medium\" alt=\"\" srcset=\"https:\/\/vissaisaigonhotel.com\/wp-content\/uploads\/2025\/09\/EXECUTIVE-SUITE-4-300x200.jpg 300w, https:\/\/vissaisaigonhotel.com\/wp-content\/uploads\/2025\/09\/EXECUTIVE-SUITE-4-1024x682.jpg 1024w, https:\/\/vissaisaigonhotel.com\/wp-content\/uploads\/2025\/09\/EXECUTIVE-SUITE-4-768x512.jpg 768w, https:\/\/vissaisaigonhotel.com\/wp-content\/uploads\/2025\/09\/EXECUTIVE-SUITE-4.jpg 1157w\" sizes=\"(max-width: 300px) 100vw, 300px\" \/><\/a>\n\t\t\t<\/dt><\/dl><br style=\"clear: both\" \/>\n\t\t<\/div>\n\t\t<\/div>\n\t\t\t\t\t\t<\/div>\n\t\t\t\t<div class=\"elementor-element elementor-element-394991e7 elementor-widget elementor-widget-text-editor\" data-id=\"394991e7\" data-element_type=\"widget\" data-e-type=\"widget\" data-widget_type=\"text-editor.default\">\n\t\t\t\t\t\t\t\t\t<hr class=\"wp-block-separator has-alpha-channel-opacity\" \/>\n<h3>DELUXE<\/h3>\n<p><img loading=\"lazy\" decoding=\"async\" src=\"https:\/\/vissaisaigonhotel.vn\/images\/line-acc.jpg\" alt=\"\" width=\"274\" height=\"4\" \/><\/p>\n\n<h3 class=\"has-text-align-left\"><strong>TRANG THI\u1ebeT B\u1eca<\/strong><\/h3>\n<ul>\n<li><span style=\"font-size: 16px;\">H\u1ec7 th\u1ed1ng m\u00e1y \u0111i\u1ec1u h\u00f2a nhi\u1ec7t \u0111\u1ed9.<\/span><\/li>\n<li><span style=\"font-size: 16px;\">Internet t\u1ed1c \u0111\u1ed9 cao.<\/span><\/li>\n<li><span style=\"font-size: 16px;\">B\u00e0n l\u00e0m vi\u1ec7c.<\/span><\/li>\n<li><span style=\"font-size: 16px;\">V\u00f2i sen.<\/span><\/li>\n<li><span style=\"font-size: 16px;\">K\u00e9t s\u1eaft<\/span><\/li>\n<li><span style=\"font-size: 16px;\">D\u1ee5ng c\u1ee5 \u0111\u1ec3 pha tr\u00e0\/cafe v\u00e0 qu\u1ea7y bar nh\u1ecf.<\/span><\/li>\n<li><span style=\"font-size: 16px;\">M\u00e1y b\u00e1o kh\u00f3i v\u00e0 h\u1ec7 th\u1ed1ng phun n\u01b0\u1edbc.<\/span><\/li>\n<\/ul>\n\n<figure class=\"wp-block-table\">\n<table class=\"has-fixed-layout\">\n<tbody>\n<tr>\n<td>DI\u1ec6N T\u00cdCH PH\u00d2NG<\/td>\n<td>: 33M2<\/td>\n<\/tr>\n<tr>\n<td>H\u01af\u1edaNG PH\u00d2NG<\/td>\n<td>: H\u01af\u1edaNG TH\u00c0NH PH\u1ed0<\/td>\n<\/tr>\n<tr>\n<td>GI\u01af\u1edcNG<\/td>\n<td>: KING HO\u1eb6C \u0110\u00d4I<\/td>\n<\/tr>\n<\/tbody>\n<\/table>\n<\/figure>\n\t\t\t\t\t\t\t\t<\/div>\n\t\t\t\t\t<\/div>\n\t\t\t\t<\/div>\n\t\t\t\t<\/div>","protected":false},"excerpt":{"rendered":"<p>ROOM FEATURES Individually controlled air-conditioned system. Complimentary high speed internet. Working desk. Shower. In-room safe. Coffee\/tea making facility and mini bar. Smoke detector and sprinkler system. ROOM SIZE : 33 SQM VIEW : CITY VIEW BEDDING : 1 KING OR TWIN<\/p>","protected":false},"author":1,"featured_media":0,"parent":52,"menu_order":0,"comment_status":"closed","ping_status":"closed","template":"elementor_header_footer","meta":{"tpgb_global_settings":"","footnotes":""},"class_list":["entry","page","publish","author-nginx","post-78"],"yoast_head":"<!-- This site is optimized with the Yoast SEO plugin v26.0 - https:\/\/yoast.com\/wordpress\/plugins\/seo\/ -->\n<title>DELUXE - Vissai Saigon Hotel<\/title>\n<meta name=\"robots\" content=\"index, follow, max-snippet:-1, max-image-preview:large, max-video-preview:-1\" \/>\n<link rel=\"canonical\" href=\"https:\/\/vissaisaigonhotel.com\/vi\/accommodation\/78-2\/\" \/>\n<meta property=\"og:locale\" content=\"vi_VN\" \/>\n<meta property=\"og:type\" content=\"article\" \/>\n<meta property=\"og:title\" content=\"DELUXE - Vissai Saigon Hotel\" \/>\n<meta property=\"og:description\" content=\"ROOM FEATURES Individually controlled air-conditioned system. Complimentary high speed internet. Working desk. Shower. In-room safe. Coffee\/tea making facility and mini bar. Smoke detector and sprinkler system. ROOM SIZE : 33 SQM VIEW : CITY VIEW BEDDING : 1 KING OR TWIN\" \/>\n<meta property=\"og:url\" content=\"https:\/\/vissaisaigonhotel.com\/vi\/accommodation\/78-2\/\" \/>\n<meta property=\"og:site_name\" content=\"Vissai Saigon Hotel\" \/>\n<meta property=\"article:publisher\" content=\"https:\/\/www.facebook.com\/VissaiSaigonHotelOfficial\" \/>\n<meta property=\"article:modified_time\" content=\"2025-09-27T14:05:41+00:00\" \/>\n<meta property=\"og:image\" content=\"https:\/\/vissaisaigonhotel.com\/wp-content\/uploads\/2025\/09\/DELUXE4-300x200.jpg\" \/>\n<meta name=\"twitter:card\" content=\"summary_large_image\" \/>\n<meta name=\"twitter:label1\" content=\"\u01af\u1edbc t\u00ednh th\u1eddi gian \u0111\u1ecdc\" \/>\n\t<meta name=\"twitter:data1\" content=\"2 ph\u00fat\" \/>\n<script type=\"application\/ld+json\" class=\"yoast-schema-graph\">{\"@context\":\"https:\/\/schema.org\",\"@graph\":[{\"@type\":\"WebPage\",\"@id\":\"https:\/\/vissaisaigonhotel.com\/accommodation\/78-2\/\",\"url\":\"https:\/\/vissaisaigonhotel.com\/accommodation\/78-2\/\",\"name\":\"DELUXE - Vissai Saigon Hotel\",\"isPartOf\":{\"@id\":\"https:\/\/vissaisaigonhotel.com\/vi\/#website\"},\"primaryImageOfPage\":{\"@id\":\"https:\/\/vissaisaigonhotel.com\/accommodation\/78-2\/#primaryimage\"},\"image\":{\"@id\":\"https:\/\/vissaisaigonhotel.com\/accommodation\/78-2\/#primaryimage\"},\"thumbnailUrl\":\"https:\/\/vissaisaigonhotel.com\/wp-content\/uploads\/2025\/09\/DELUXE4-300x200.jpg\",\"datePublished\":\"2025-09-25T07:56:34+00:00\",\"dateModified\":\"2025-09-27T14:05:41+00:00\",\"breadcrumb\":{\"@id\":\"https:\/\/vissaisaigonhotel.com\/accommodation\/78-2\/#breadcrumb\"},\"inLanguage\":\"vi\",\"potentialAction\":[{\"@type\":\"ReadAction\",\"target\":[\"https:\/\/vissaisaigonhotel.com\/accommodation\/78-2\/\"]}]},{\"@type\":\"ImageObject\",\"inLanguage\":\"vi\",\"@id\":\"https:\/\/vissaisaigonhotel.com\/accommodation\/78-2\/#primaryimage\",\"url\":\"https:\/\/vissaisaigonhotel.com\/wp-content\/uploads\/2025\/09\/DELUXE4-300x200.jpg\",\"contentUrl\":\"https:\/\/vissaisaigonhotel.com\/wp-content\/uploads\/2025\/09\/DELUXE4-300x200.jpg\"},{\"@type\":\"BreadcrumbList\",\"@id\":\"https:\/\/vissaisaigonhotel.com\/accommodation\/78-2\/#breadcrumb\",\"itemListElement\":[{\"@type\":\"ListItem\",\"position\":1,\"name\":\"Home\",\"item\":\"https:\/\/vissaisaigonhotel.com\/\"},{\"@type\":\"ListItem\",\"position\":2,\"name\":\"Accommodation\",\"item\":\"https:\/\/vissaisaigonhotel.com\/accommodation\/\"},{\"@type\":\"ListItem\",\"position\":3,\"name\":\"DELUXE\"}]},{\"@type\":\"WebSite\",\"@id\":\"https:\/\/vissaisaigonhotel.com\/vi\/#website\",\"url\":\"https:\/\/vissaisaigonhotel.com\/vi\/\",\"name\":\"Vissai Saigon Hotel\",\"description\":\"\",\"publisher\":{\"@id\":\"https:\/\/vissaisaigonhotel.com\/vi\/#organization\"},\"potentialAction\":[{\"@type\":\"SearchAction\",\"target\":{\"@type\":\"EntryPoint\",\"urlTemplate\":\"https:\/\/vissaisaigonhotel.com\/vi\/?s={search_term_string}\"},\"query-input\":{\"@type\":\"PropertyValueSpecification\",\"valueRequired\":true,\"valueName\":\"search_term_string\"}}],\"inLanguage\":\"vi\"},{\"@type\":\"Organization\",\"@id\":\"https:\/\/vissaisaigonhotel.com\/vi\/#organization\",\"name\":\"Vissai Saigon Hotel\",\"url\":\"https:\/\/vissaisaigonhotel.com\/vi\/\",\"logo\":{\"@type\":\"ImageObject\",\"inLanguage\":\"vi\",\"@id\":\"https:\/\/vissaisaigonhotel.com\/vi\/#\/schema\/logo\/image\/\",\"url\":\"\",\"contentUrl\":\"\",\"caption\":\"Vissai Saigon Hotel\"},\"image\":{\"@id\":\"https:\/\/vissaisaigonhotel.com\/vi\/#\/schema\/logo\/image\/\"},\"sameAs\":[\"https:\/\/www.facebook.com\/VissaiSaigonHotelOfficial\"]}]}<\/script>\n<!-- \/ Yoast SEO plugin. -->","yoast_head_json":{"title":"DELUXE - Vissai Saigon Hotel","robots":{"index":"index","follow":"follow","max-snippet":"max-snippet:-1","max-image-preview":"max-image-preview:large","max-video-preview":"max-video-preview:-1"},"canonical":"https:\/\/vissaisaigonhotel.com\/vi\/accommodation\/78-2\/","og_locale":"vi_VN","og_type":"article","og_title":"DELUXE - Vissai Saigon Hotel","og_description":"ROOM FEATURES Individually controlled air-conditioned system. Complimentary high speed internet. Working desk. Shower. In-room safe. Coffee\/tea making facility and mini bar. Smoke detector and sprinkler system. ROOM SIZE : 33 SQM VIEW : CITY VIEW BEDDING : 1 KING OR TWIN","og_url":"https:\/\/vissaisaigonhotel.com\/vi\/accommodation\/78-2\/","og_site_name":"Vissai Saigon Hotel","article_publisher":"https:\/\/www.facebook.com\/VissaiSaigonHotelOfficial","article_modified_time":"2025-09-27T14:05:41+00:00","og_image":[{"url":"https:\/\/vissaisaigonhotel.com\/wp-content\/uploads\/2025\/09\/DELUXE4-300x200.jpg","type":"","width":"","height":""}],"twitter_card":"summary_large_image","twitter_misc":{"\u01af\u1edbc t\u00ednh th\u1eddi gian \u0111\u1ecdc":"2 ph\u00fat"},"schema":{"@context":"https:\/\/schema.org","@graph":[{"@type":"WebPage","@id":"https:\/\/vissaisaigonhotel.com\/accommodation\/78-2\/","url":"https:\/\/vissaisaigonhotel.com\/accommodation\/78-2\/","name":"DELUXE - Vissai Saigon Hotel","isPartOf":{"@id":"https:\/\/vissaisaigonhotel.com\/vi\/#website"},"primaryImageOfPage":{"@id":"https:\/\/vissaisaigonhotel.com\/accommodation\/78-2\/#primaryimage"},"image":{"@id":"https:\/\/vissaisaigonhotel.com\/accommodation\/78-2\/#primaryimage"},"thumbnailUrl":"https:\/\/vissaisaigonhotel.com\/wp-content\/uploads\/2025\/09\/DELUXE4-300x200.jpg","datePublished":"2025-09-25T07:56:34+00:00","dateModified":"2025-09-27T14:05:41+00:00","breadcrumb":{"@id":"https:\/\/vissaisaigonhotel.com\/accommodation\/78-2\/#breadcrumb"},"inLanguage":"vi","potentialAction":[{"@type":"ReadAction","target":["https:\/\/vissaisaigonhotel.com\/accommodation\/78-2\/"]}]},{"@type":"ImageObject","inLanguage":"vi","@id":"https:\/\/vissaisaigonhotel.com\/accommodation\/78-2\/#primaryimage","url":"https:\/\/vissaisaigonhotel.com\/wp-content\/uploads\/2025\/09\/DELUXE4-300x200.jpg","contentUrl":"https:\/\/vissaisaigonhotel.com\/wp-content\/uploads\/2025\/09\/DELUXE4-300x200.jpg"},{"@type":"BreadcrumbList","@id":"https:\/\/vissaisaigonhotel.com\/accommodation\/78-2\/#breadcrumb","itemListElement":[{"@type":"ListItem","position":1,"name":"Home","item":"https:\/\/vissaisaigonhotel.com\/"},{"@type":"ListItem","position":2,"name":"Accommodation","item":"https:\/\/vissaisaigonhotel.com\/accommodation\/"},{"@type":"ListItem","position":3,"name":"DELUXE"}]},{"@type":"WebSite","@id":"https:\/\/vissaisaigonhotel.com\/vi\/#website","url":"https:\/\/vissaisaigonhotel.com\/vi\/","name":"KH\u00c1CH S\u1ea0N VISSAI SAIGON","description":"","publisher":{"@id":"https:\/\/vissaisaigonhotel.com\/vi\/#organization"},"potentialAction":[{"@type":"SearchAction","target":{"@type":"EntryPoint","urlTemplate":"https:\/\/vissaisaigonhotel.com\/vi\/?s={search_term_string}"},"query-input":{"@type":"PropertyValueSpecification","valueRequired":true,"valueName":"search_term_string"}}],"inLanguage":"vi"},{"@type":"Organization","@id":"https:\/\/vissaisaigonhotel.com\/vi\/#organization","name":"KH\u00c1CH S\u1ea0N VISSAI SAIGON","url":"https:\/\/vissaisaigonhotel.com\/vi\/","logo":{"@type":"ImageObject","inLanguage":"vi","@id":"https:\/\/vissaisaigonhotel.com\/vi\/#\/schema\/logo\/image\/","url":"","contentUrl":"","caption":"Vissai Saigon Hotel"},"image":{"@id":"https:\/\/vissaisaigonhotel.com\/vi\/#\/schema\/logo\/image\/"},"sameAs":["https:\/\/www.facebook.com\/VissaiSaigonHotelOfficial"]}]}},"tpgb_featured_images":null,"tpgb_post_meta_info":{"get_date":"Th\u00e1ng 9 25, 2025","get_modified_date":"Th\u00e1ng 9 27, 2025","author_name":"nginx","author_url":"https:\/\/vissaisaigonhotel.com\/vi\/author\/nginx\/","author_email":"itm@vissaisaigonhotel.vn","author_website":"https:\/\/vissaisaigonhotel.com","author_description":"","author_facebook":"","author_twitter":"","author_instagram":"","author_role":["administrator"],"author_firstname":"","author_lastname":"","user_login":"nginx","author_avatar":"<img alt='' src='https:\/\/secure.gravatar.com\/avatar\/49346ba064c81cc56629ea852e95f685b1bdf0aa36162bd5b4d8495bf0df34d1?s=200&#038;d=mm&#038;r=g' srcset='https:\/\/secure.gravatar.com\/avatar\/49346ba064c81cc56629ea852e95f685b1bdf0aa36162bd5b4d8495bf0df34d1?s=400&#038;d=mm&#038;r=g 2x' class='avatar avatar-200 photo' height='200' width='200' decoding='async'itemprop=\"image\" \/>","author_avatar_url":"https:\/\/secure.gravatar.com\/avatar\/49346ba064c81cc56629ea852e95f685b1bdf0aa36162bd5b4d8495bf0df34d1?s=96&d=mm&r=g","comment_count":0,"post_likes":0,"post_views":0},"tpgb_post_category":[],"_links":{"self":[{"href":"https:\/\/vissaisaigonhotel.com\/vi\/wp-json\/wp\/v2\/pages\/78","targetHints":{"allow":["GET"]}}],"collection":[{"href":"https:\/\/vissaisaigonhotel.com\/vi\/wp-json\/wp\/v2\/pages"}],"about":[{"href":"https:\/\/vissaisaigonhotel.com\/vi\/wp-json\/wp\/v2\/types\/page"}],"author":[{"embeddable":true,"href":"https:\/\/vissaisaigonhotel.com\/vi\/wp-json\/wp\/v2\/users\/1"}],"replies":[{"embeddable":true,"href":"https:\/\/vissaisaigonhotel.com\/vi\/wp-json\/wp\/v2\/comments?post=78"}],"version-history":[{"count":12,"href":"https:\/\/vissaisaigonhotel.com\/vi\/wp-json\/wp\/v2\/pages\/78\/revisions"}],"predecessor-version":[{"id":1550,"href":"https:\/\/vissaisaigonhotel.com\/vi\/wp-json\/wp\/v2\/pages\/78\/revisions\/1550"}],"up":[{"embeddable":true,"href":"https:\/\/vissaisaigonhotel.com\/vi\/wp-json\/wp\/v2\/pages\/52"}],"wp:attachment":[{"href":"https:\/\/vissaisaigonhotel.com\/vi\/wp-json\/wp\/v2\/media?parent=78"}],"curies":[{"name":"wp","href":"https:\/\/api.w.org\/{rel}","templated":true}]}}