{"id":649,"date":"2025-09-26T01:42:35","date_gmt":"2025-09-26T01:42:35","guid":{"rendered":"https:\/\/vissaisaigonhotel.com\/?page_id=649"},"modified":"2025-09-29T22:43:44","modified_gmt":"2025-09-29T15:43:44","slug":"about-our-hotel","status":"publish","type":"page","link":"https:\/\/vissaisaigonhotel.com\/vi\/about-our-hotel\/","title":{"rendered":"Gi\u1edbi thi\u1ec7u Vissai Saigon"},"content":{"rendered":"<div data-elementor-type=\"wp-page\" data-elementor-id=\"649\" class=\"elementor elementor-649\">\n\t\t\t\t<div class=\"elementor-element elementor-element-8aed190 e-flex e-con-boxed e-con e-parent\" data-id=\"8aed190\" data-element_type=\"container\" data-e-type=\"container\">\n\t\t\t\t\t<div class=\"e-con-inner\">\n\t\t\t\t<div class=\"elementor-element elementor-element-f1010db elementor-widget elementor-widget-text-editor\" data-id=\"f1010db\" data-element_type=\"widget\" data-e-type=\"widget\" data-widget_type=\"text-editor.default\">\n\t\t\t\t\t\t\t\t\t<p style=\"font-size: 17px; line-height: 28px; font-variant-numeric: normal; font-variant-east-asian: normal; font-variant-alternates: normal; font-variant-position: normal; font-variant-emoji: normal; padding: 0px 0px 7px; font-family: TrajanPro; color: #62361e; text-transform: uppercase; background-color: #fbfbf6;\"><span style=\"font-size: medium; color: #993300; font-family: verdana, geneva;\">CH\u00c0O M\u1eeaNG QU\u00dd KH\u00c1CH \u0110\u1ebeN V\u1edaI KH\u00c1CH S\u1ea0N VISSAI SAIGON<\/span><\/p><p style=\"font-size: 12px; line-height: normal; margin-bottom: 1em; font-variant-numeric: normal; font-variant-east-asian: normal; font-variant-alternates: normal; font-variant-position: normal; font-variant-emoji: normal; color: #594c45; font-family: Helvetica, Arial, sans-serif; background-color: #fbfbf6;\" align=\"justify\"><span style=\"font-size: medium; font-family: verdana, geneva; color: #000000;\"><span class=\"Apple-converted-space\">KH\u00c1CH S\u1ea0N VISSAI SAIGON\u00a0<\/span>l\u00e0 m\u1ed9t kh\u00e1ch s\u1ea1n ho\u00e0n to\u00e0n m\u1edbi v\u1edbi ch\u1ed7 ngh\u1ec9 trang nh\u00e3 v\u00e0 d\u1ecbch v\u1ee5 cao c\u1ea5p. Kh\u00e1ch s\u1ea1n sang tr\u1ecdng n\u00e0y ch\u1ec9 c\u00e1ch S\u00e2n bay Qu\u1ed1c t\u1ebf T\u00e2n S\u01a1n Nh\u1ea5t v\u00e0 Trung t\u00e2m H\u1ed9i ngh\u1ecb v\u00e0 Tri\u1ec3n l\u00e3m T\u00e2n B\u00ecnh 5 ph\u00fat. C\u00e1c t\u00f2a nh\u00e0 th\u01b0\u01a1ng m\u1ea1i v\u00e0 trung t\u00e2m mua s\u1eafm n\u1eb1m g\u1ea7n \u0111\u00f3 r\u1ea5t thu\u1eadn ti\u1ec7n. Vissai Saigon c\u0169ng n\u1eb1m g\u1ea7n S\u00e2n v\u1eadn \u0111\u1ed9ng Qu\u00e2n Khu 7.<\/span><\/p><p style=\"font-size: 12px; line-height: normal; margin-bottom: 1em; font-variant-numeric: normal; font-variant-east-asian: normal; font-variant-alternates: normal; font-variant-position: normal; font-variant-emoji: normal; color: #594c45; font-family: Helvetica, Arial, sans-serif; background-color: #fbfbf6;\" align=\"justify\"><span style=\"font-family: verdana, geneva; color: #000000;\"><span style=\"font-size: medium;\">T\u1ea5t c\u1ea3 c\u00e1c ph\u00f2ng v\u00e0 suite \u0111\u1ec1u \u0111\u01b0\u1ee3c trang tr\u00ed \u0111\u1eb9p m\u1eaft v\u1edbi internet b\u0103ng th\u00f4ng r\u1ed9ng v\u00e0 t\u1ea5t c\u1ea3 c\u00e1c ti\u1ec7n nghi v\u00e0 d\u1ecbch v\u1ee5 kh\u00e1c c\u1ea7n thi\u1ebft cho du kh\u00e1ch s\u00e0nh \u0111i\u1ec7u ng\u00e0y nay.<\/span>\u00a0<\/span><\/p><p style=\"font-size: 0.75em; line-height: 1.5; margin-bottom: 1em; color: #817b74; font-family: Arial, 'Helvetica Neue', Helvetica, sans-serif;\"><span style=\"font-size: medium; color: #993300; font-family: verdana, geneva;\">PH\u00d2NG H\u1eccP<\/span><\/p><p style=\"font-size: 12px; line-height: normal; margin-bottom: 1em; font-variant-numeric: normal; font-variant-east-asian: normal; font-variant-alternates: normal; font-variant-position: normal; font-variant-emoji: normal; color: #594c45; font-family: Helvetica, Arial, sans-serif; background-color: #fbfbf6;\" align=\"justify\"><span style=\"color: #000000; font-family: verdana, geneva; font-size: medium; background-color: #ffffff;\">V\u1edbi ph\u00f2ng h\u1ecdp l\u1edbn c\u00f3 th\u1ec3 chia th\u00e0nh 2 ph\u00f2ng h\u1ecdp nh\u1ecf ri\u00eang bi\u1ec7t, Vissai S\u00e0i G\u00f2n t\u1ef1 tin c\u00f3 th\u1ec3 \u0111\u00e1p \u1ee9ng \u0111\u01b0\u1ee3c m\u1ecdi nhu c\u1ea7u c\u1ee7a qu\u00fd kh\u00e1ch v\u1ec1 h\u1ed9i ngh\u1ecb . T\u1eeb nh\u1eefng cu\u1ed9c h\u1ecdp ri\u00eang cho 20 ng\u01b0\u1eddi cho \u0111\u1ebfn ph\u00f2ng h\u1ed9i ngh\u1ecb l\u1edbn cho 400 ng\u01b0\u1eddi. Vissai Saigon l\u00e0 n\u01a1i l\u00fd t\u01b0\u1edfng cho c\u00e1c d\u1ecbp h\u1ed9i h\u1ecdp v\u00e0 h\u1ed9i ngh\u1ecb.<\/span><\/p><p style=\"font-size: 0.75em; line-height: 1.5; margin-bottom: 1em; color: #817b74; font-family: Arial, 'Helvetica Neue', Helvetica, sans-serif;\"><span style=\"font-size: medium; color: #993300; font-family: verdana, geneva;\">Nh\u00e0 H\u00e0ng La Mezzanine<\/span><\/p><p style=\"font-size: 0.75em; line-height: 1.5; margin-bottom: 1em; color: #817b74; font-family: Arial, 'Helvetica Neue', Helvetica, sans-serif;\"><span style=\"font-size: medium; font-family: verdana, geneva; color: #000000;\">Nh\u00e0 h\u00e0ng La Mezzanine n\u01a1i giao thoa c\u1ee7a \u1ea9m th\u1ef1c gi\u1eefa Ph\u01b0\u01a1ng \u0111\u00f4ng v\u00e0 ph\u01b0\u01a1ng t\u00e2y mang l\u1ea1i cho qu\u00ed kh\u00e1ch kh\u00f4ng nh\u1eefng c\u00e1c m\u00f3n \u0103n truy\u1ec1n th\u1ed1ng c\u1ee7a Vi\u1ec7t Nam m\u00e0 c\u00e1c m\u00f3n \u0103n qu\u1ed1c t\u1ebf. S\u1ea3nh nh\u00e0 h\u00e0ng c\u00f3 khu v\u1ef1c ri\u00eang bi\u1ec7t v\u1edbi nh\u1eefng \u00fd t\u01b0\u1edfng mang \u0111\u1ebfn kh\u00f4ng gian ri\u00eang t\u01b0 d\u00e0nh cho c\u00e1c bu\u1ed5i g\u1eb7p g\u1ee1 th\u00e2n m\u1eadt.<\/span><\/p><p style=\"font-size: 0.75em; line-height: 1.5; margin-bottom: 1em; color: #817b74; font-family: Arial, 'Helvetica Neue', Helvetica, sans-serif;\"><span style=\"font-size: medium; color: #993300; font-family: verdana, geneva;\">TI\u1ec6C C\u01af\u1edaI TR\u1eccN G\u00d3I<\/span><\/p><p style=\"font-size: 0.75em; line-height: 1.5; margin-bottom: 1em; color: #817b74; font-family: Arial, 'Helvetica Neue', Helvetica, sans-serif;\"><span style=\"font-size: medium; font-family: verdana, geneva; color: #000000;\">T\u1ed5 ch\u1ee9c ti\u1ec7c c\u01b0\u1edbi kh\u00f4ng ch\u1ec9 l\u00e0 trao nhau l\u1eddi tuy\u00ean th\u1ec7 m\u00e0 c\u00f2n l\u00e0 ng\u00e0y tr\u1ecdng \u0111\u1ea1i \u0111\u1ec3 b\u1ea1n chia s\u1ebd ni\u1ec1m vui, ni\u1ec1m h\u1ea1nh ph\u00fac c\u00f9ng ng\u01b0\u1eddi th\u1eadn v\u00e0 gia \u0111\u00ecnh. T\u1ea1i kh\u00e1ch s\u1ea1n Vissai Saigon \u0111\u1ed9i ng\u0169 nh\u00e2n vi\u00ean gi\u00e0u kinh nghi\u1ec7m c\u00f9ng v\u1edbi c\u00e1ch s\u1eafp x\u1ebfp v\u00e0 ph\u1ee5c v\u1ee5 chu \u0111\u00e1o s\u1ebd l\u00e0m cho ng\u00e0y vui tr\u1ecdng \u0111\u1ea1i c\u1ee7a b\u1ea1n th\u00eam ph\u1ea7n \u00fd ngh\u0129a.<\/span><\/p>\t\t\t\t\t\t\t\t<\/div>\n\t\t\t\t\t<\/div>\n\t\t\t\t<\/div>\n\t\t\t\t<\/div>","protected":false},"excerpt":{"rendered":"<p>WELCOME TO VISSAI SAIGON HOTEL Vissai Saigon Hotel\u00a0is a brand new hotel with tasteful accommodation and high-end service. This elegant hotel is 5 minutes away from Tan Son Nhat International Airport, Tan Binh Exhibition and Convention Center. Commercial buildings and shopping centers are conveniently located nearby. Vissai Saigon is also near Quan Khu 7 stadium. &#8230; <span class=\"more\"><a class=\"more-link\" href=\"https:\/\/vissaisaigonhotel.com\/vi\/about-our-hotel\/\">[Read more&#8230;]<\/a><\/span><\/p>\n","protected":false},"author":1,"featured_media":0,"parent":0,"menu_order":0,"comment_status":"closed","ping_status":"closed","template":"","meta":{"tpgb_global_settings":"","footnotes":""},"class_list":["entry","page","publish","author-nginx","post-649"],"yoast_head":"<!-- This site is optimized with the Yoast SEO plugin v26.0 - https:\/\/yoast.com\/wordpress\/plugins\/seo\/ -->\n<title>About our hotel - Vissai Saigon Hotel<\/title>\n<meta name=\"robots\" content=\"index, follow, max-snippet:-1, max-image-preview:large, max-video-preview:-1\" \/>\n<link rel=\"canonical\" href=\"https:\/\/vissaisaigonhotel.com\/vi\/about-our-hotel\/\" \/>\n<meta property=\"og:locale\" content=\"vi_VN\" \/>\n<meta property=\"og:type\" content=\"article\" \/>\n<meta property=\"og:title\" content=\"About our hotel - Vissai Saigon Hotel\" \/>\n<meta property=\"og:description\" content=\"WELCOME TO VISSAI SAIGON HOTEL Vissai Saigon Hotel\u00a0is a brand new hotel with tasteful accommodation and high-end service. This elegant hotel is 5 minutes away from Tan Son Nhat International Airport, Tan Binh Exhibition and Convention Center. Commercial buildings and shopping centers are conveniently located nearby. Vissai Saigon is also near Quan Khu 7 stadium. ... [Read more...]\" \/>\n<meta property=\"og:url\" content=\"https:\/\/vissaisaigonhotel.com\/vi\/about-our-hotel\/\" \/>\n<meta property=\"og:site_name\" content=\"Vissai Saigon Hotel\" \/>\n<meta property=\"article:publisher\" content=\"https:\/\/www.facebook.com\/VissaiSaigonHotelOfficial\" \/>\n<meta property=\"article:modified_time\" content=\"2025-09-29T15:43:44+00:00\" \/>\n<meta name=\"twitter:card\" content=\"summary_large_image\" \/>\n<meta name=\"twitter:label1\" content=\"\u01af\u1edbc t\u00ednh th\u1eddi gian \u0111\u1ecdc\" \/>\n\t<meta name=\"twitter:data1\" content=\"2 ph\u00fat\" \/>\n<script type=\"application\/ld+json\" class=\"yoast-schema-graph\">{\"@context\":\"https:\/\/schema.org\",\"@graph\":[{\"@type\":\"WebPage\",\"@id\":\"https:\/\/vissaisaigonhotel.com\/about-our-hotel\/\",\"url\":\"https:\/\/vissaisaigonhotel.com\/about-our-hotel\/\",\"name\":\"About our hotel - Vissai Saigon Hotel\",\"isPartOf\":{\"@id\":\"https:\/\/vissaisaigonhotel.com\/vi\/#website\"},\"datePublished\":\"2025-09-26T01:42:35+00:00\",\"dateModified\":\"2025-09-29T15:43:44+00:00\",\"breadcrumb\":{\"@id\":\"https:\/\/vissaisaigonhotel.com\/about-our-hotel\/#breadcrumb\"},\"inLanguage\":\"vi\",\"potentialAction\":[{\"@type\":\"ReadAction\",\"target\":[\"https:\/\/vissaisaigonhotel.com\/about-our-hotel\/\"]}]},{\"@type\":\"BreadcrumbList\",\"@id\":\"https:\/\/vissaisaigonhotel.com\/about-our-hotel\/#breadcrumb\",\"itemListElement\":[{\"@type\":\"ListItem\",\"position\":1,\"name\":\"Home\",\"item\":\"https:\/\/vissaisaigonhotel.com\/\"},{\"@type\":\"ListItem\",\"position\":2,\"name\":\"About our hotel\"}]},{\"@type\":\"WebSite\",\"@id\":\"https:\/\/vissaisaigonhotel.com\/vi\/#website\",\"url\":\"https:\/\/vissaisaigonhotel.com\/vi\/\",\"name\":\"Vissai Saigon Hotel\",\"description\":\"\",\"publisher\":{\"@id\":\"https:\/\/vissaisaigonhotel.com\/vi\/#organization\"},\"potentialAction\":[{\"@type\":\"SearchAction\",\"target\":{\"@type\":\"EntryPoint\",\"urlTemplate\":\"https:\/\/vissaisaigonhotel.com\/vi\/?s={search_term_string}\"},\"query-input\":{\"@type\":\"PropertyValueSpecification\",\"valueRequired\":true,\"valueName\":\"search_term_string\"}}],\"inLanguage\":\"vi\"},{\"@type\":\"Organization\",\"@id\":\"https:\/\/vissaisaigonhotel.com\/vi\/#organization\",\"name\":\"Vissai Saigon Hotel\",\"url\":\"https:\/\/vissaisaigonhotel.com\/vi\/\",\"logo\":{\"@type\":\"ImageObject\",\"inLanguage\":\"vi\",\"@id\":\"https:\/\/vissaisaigonhotel.com\/vi\/#\/schema\/logo\/image\/\",\"url\":\"\",\"contentUrl\":\"\",\"caption\":\"Vissai Saigon Hotel\"},\"image\":{\"@id\":\"https:\/\/vissaisaigonhotel.com\/vi\/#\/schema\/logo\/image\/\"},\"sameAs\":[\"https:\/\/www.facebook.com\/VissaiSaigonHotelOfficial\"]}]}<\/script>\n<!-- \/ Yoast SEO plugin. -->","yoast_head_json":{"title":"About our hotel - Vissai Saigon Hotel","robots":{"index":"index","follow":"follow","max-snippet":"max-snippet:-1","max-image-preview":"max-image-preview:large","max-video-preview":"max-video-preview:-1"},"canonical":"https:\/\/vissaisaigonhotel.com\/vi\/about-our-hotel\/","og_locale":"vi_VN","og_type":"article","og_title":"About our hotel - Vissai Saigon Hotel","og_description":"WELCOME TO VISSAI SAIGON HOTEL Vissai Saigon Hotel\u00a0is a brand new hotel with tasteful accommodation and high-end service. This elegant hotel is 5 minutes away from Tan Son Nhat International Airport, Tan Binh Exhibition and Convention Center. Commercial buildings and shopping centers are conveniently located nearby. Vissai Saigon is also near Quan Khu 7 stadium. ... [Read more...]","og_url":"https:\/\/vissaisaigonhotel.com\/vi\/about-our-hotel\/","og_site_name":"Vissai Saigon Hotel","article_publisher":"https:\/\/www.facebook.com\/VissaiSaigonHotelOfficial","article_modified_time":"2025-09-29T15:43:44+00:00","twitter_card":"summary_large_image","twitter_misc":{"\u01af\u1edbc t\u00ednh th\u1eddi gian \u0111\u1ecdc":"2 ph\u00fat"},"schema":{"@context":"https:\/\/schema.org","@graph":[{"@type":"WebPage","@id":"https:\/\/vissaisaigonhotel.com\/about-our-hotel\/","url":"https:\/\/vissaisaigonhotel.com\/about-our-hotel\/","name":"About our hotel - Vissai Saigon Hotel","isPartOf":{"@id":"https:\/\/vissaisaigonhotel.com\/vi\/#website"},"datePublished":"2025-09-26T01:42:35+00:00","dateModified":"2025-09-29T15:43:44+00:00","breadcrumb":{"@id":"https:\/\/vissaisaigonhotel.com\/about-our-hotel\/#breadcrumb"},"inLanguage":"vi","potentialAction":[{"@type":"ReadAction","target":["https:\/\/vissaisaigonhotel.com\/about-our-hotel\/"]}]},{"@type":"BreadcrumbList","@id":"https:\/\/vissaisaigonhotel.com\/about-our-hotel\/#breadcrumb","itemListElement":[{"@type":"ListItem","position":1,"name":"Home","item":"https:\/\/vissaisaigonhotel.com\/"},{"@type":"ListItem","position":2,"name":"About our hotel"}]},{"@type":"WebSite","@id":"https:\/\/vissaisaigonhotel.com\/vi\/#website","url":"https:\/\/vissaisaigonhotel.com\/vi\/","name":"KH\u00c1CH S\u1ea0N VISSAI SAIGON","description":"","publisher":{"@id":"https:\/\/vissaisaigonhotel.com\/vi\/#organization"},"potentialAction":[{"@type":"SearchAction","target":{"@type":"EntryPoint","urlTemplate":"https:\/\/vissaisaigonhotel.com\/vi\/?s={search_term_string}"},"query-input":{"@type":"PropertyValueSpecification","valueRequired":true,"valueName":"search_term_string"}}],"inLanguage":"vi"},{"@type":"Organization","@id":"https:\/\/vissaisaigonhotel.com\/vi\/#organization","name":"KH\u00c1CH S\u1ea0N VISSAI SAIGON","url":"https:\/\/vissaisaigonhotel.com\/vi\/","logo":{"@type":"ImageObject","inLanguage":"vi","@id":"https:\/\/vissaisaigonhotel.com\/vi\/#\/schema\/logo\/image\/","url":"","contentUrl":"","caption":"Vissai Saigon Hotel"},"image":{"@id":"https:\/\/vissaisaigonhotel.com\/vi\/#\/schema\/logo\/image\/"},"sameAs":["https:\/\/www.facebook.com\/VissaiSaigonHotelOfficial"]}]}},"tpgb_featured_images":null,"tpgb_post_meta_info":{"get_date":"Th\u00e1ng 9 26, 2025","get_modified_date":"Th\u00e1ng 9 29, 2025","author_name":"nginx","author_url":"https:\/\/vissaisaigonhotel.com\/vi\/author\/nginx\/","author_email":"itm@vissaisaigonhotel.vn","author_website":"https:\/\/vissaisaigonhotel.com","author_description":"","author_facebook":"","author_twitter":"","author_instagram":"","author_role":["administrator"],"author_firstname":"","author_lastname":"","user_login":"nginx","author_avatar":"<img alt='' src='https:\/\/secure.gravatar.com\/avatar\/49346ba064c81cc56629ea852e95f685b1bdf0aa36162bd5b4d8495bf0df34d1?s=200&#038;d=mm&#038;r=g' srcset='https:\/\/secure.gravatar.com\/avatar\/49346ba064c81cc56629ea852e95f685b1bdf0aa36162bd5b4d8495bf0df34d1?s=400&#038;d=mm&#038;r=g 2x' class='avatar avatar-200 photo' height='200' width='200' decoding='async'itemprop=\"image\" \/>","author_avatar_url":"https:\/\/secure.gravatar.com\/avatar\/49346ba064c81cc56629ea852e95f685b1bdf0aa36162bd5b4d8495bf0df34d1?s=96&d=mm&r=g","comment_count":0,"post_likes":0,"post_views":0},"tpgb_post_category":[],"_links":{"self":[{"href":"https:\/\/vissaisaigonhotel.com\/vi\/wp-json\/wp\/v2\/pages\/649","targetHints":{"allow":["GET"]}}],"collection":[{"href":"https:\/\/vissaisaigonhotel.com\/vi\/wp-json\/wp\/v2\/pages"}],"about":[{"href":"https:\/\/vissaisaigonhotel.com\/vi\/wp-json\/wp\/v2\/types\/page"}],"author":[{"embeddable":true,"href":"https:\/\/vissaisaigonhotel.com\/vi\/wp-json\/wp\/v2\/users\/1"}],"replies":[{"embeddable":true,"href":"https:\/\/vissaisaigonhotel.com\/vi\/wp-json\/wp\/v2\/comments?post=649"}],"version-history":[{"count":10,"href":"https:\/\/vissaisaigonhotel.com\/vi\/wp-json\/wp\/v2\/pages\/649\/revisions"}],"predecessor-version":[{"id":2176,"href":"https:\/\/vissaisaigonhotel.com\/vi\/wp-json\/wp\/v2\/pages\/649\/revisions\/2176"}],"wp:attachment":[{"href":"https:\/\/vissaisaigonhotel.com\/vi\/wp-json\/wp\/v2\/media?parent=649"}],"curies":[{"name":"wp","href":"https:\/\/api.w.org\/{rel}","templated":true}]}}