{"id":644,"date":"2025-09-26T01:39:09","date_gmt":"2025-09-26T01:39:09","guid":{"rendered":"https:\/\/vissaisaigonhotel.com\/?page_id=644"},"modified":"2025-09-26T01:40:58","modified_gmt":"2025-09-26T01:40:58","slug":"locations","status":"publish","type":"page","link":"https:\/\/vissaisaigonhotel.com\/vi\/locations\/","title":{"rendered":"V\u1ecb tr\u00ed kh\u00e1ch s\u1ea1n"},"content":{"rendered":"<div data-elementor-type=\"wp-page\" data-elementor-id=\"644\" class=\"elementor elementor-644\">\n\t\t\t\t<div class=\"elementor-element elementor-element-18b913b e-flex e-con-boxed e-con e-parent\" data-id=\"18b913b\" data-element_type=\"container\" data-e-type=\"container\">\n\t\t\t\t\t<div class=\"e-con-inner\">\n\t\t\t\t<div class=\"elementor-element elementor-element-abfbb72 elementor-widget elementor-widget-text-editor\" data-id=\"abfbb72\" data-element_type=\"widget\" data-e-type=\"widget\" data-widget_type=\"text-editor.default\">\n\t\t\t\t\t\t\t\t\t<h1 style=\"color: #62361e; font-variant-numeric: normal; font-variant-east-asian: normal; font-variant-alternates: normal; font-variant-position: normal; font-variant-emoji: normal; padding: 0px 0px 7px; font-size: 17px; line-height: 28px; font-family: TrajanPro; text-transform: uppercase; background-color: #fbfbf6;\"><span style=\"font-size: large;\">VISSAI SAIGON HOTEL LOCATION<\/span><\/h1><p style=\"font-size: 12px; line-height: normal; margin-bottom: 1em; font-variant-numeric: normal; font-variant-east-asian: normal; font-variant-alternates: normal; font-variant-position: normal; font-variant-emoji: normal; color: #594c45; font-family: Arial, Helvetica, sans-serif; background-color: #fbfbf6;\" align=\"justify\"><span style=\"font-size: medium;\">Kh\u00e1ch s\u1ea1n Vissai Saigon t\u1ecda l\u1ea1c t\u1ea1i s\u1ed1 144 Nguy\u1ec5n V\u0103n Tr\u1ed7i - tr\u1ee5c \u0111\u01b0\u1eddng ch\u00ednh k\u1ebft n\u1ed1i t\u1eeb trung t\u00e2m th\u00e0nh ph\u1ed1 H\u1ed3 Ch\u00ed Minh \u0111\u1ebfn s\u00e2n bay T\u00e2n S\u01a1n Nh\u1ea5t. Kh\u00e1ch s\u1ea1n c\u00e1ch ch\u00f9a \u0110\u1ea1i Gi\u00e1c v\u00e0i ph\u00fat \u0111i b\u1ed9. \u0110\u00e2y l\u00e0 m\u1ed9t ng\u00f4i ch\u00f9a c\u00f3 gi\u00e1 tr\u1ecb l\u1ecbch s\u1eed \u0111\u1ed1i v\u1edbi mi\u1ec1n Nam Vi\u1ec7t Nam t\u1eeb th\u1ebf k\u1ef7 19.<\/span><\/p><p><span style=\"font-size: medium;\"><strong style=\"font-weight: bold;\">* T\u1eeb kh\u00e1ch s\u1ea1n Vissai Saigon \u0111\u1ebfn trung t\u00e2m Th\u00e0nh Ph\u1ed1 H\u1ed3 Ch\u00ed Minh :10 ph\u00fat \u0111i xe.<\/strong><span class=\"Apple-converted-space\">\u00a0<\/span>10 ph\u00fat \u0111i xe.<\/span><\/p><p><span style=\"font-size: medium;\"><strong style=\"font-weight: bold;\">* T\u1eeb\u00a0<strong style=\"font-weight: bold;\">Vissai\u00a0<\/strong>Saigon \u0111\u1ebfn s\u00e2n bay T\u00e2n S\u01a1n Nh\u1ea5t<\/strong><span class=\"Apple-converted-space\">\u00a0<\/span>: 5 ph\u00fat \u0111i xe.<\/span><\/p><p><span style=\"font-size: medium;\"><strong style=\"font-weight: bold;\">* T\u1eeb\u00a0<strong style=\"font-weight: bold;\">Vissai\u00a0<\/strong>Saigon \u0111\u1ebfn trung t\u00e2m mua s\u1eafm Parkson s\u00e2n bay<\/strong><span class=\"Apple-converted-space\">\u00a0<\/span>: 5 ph\u00fat \u0111i xe.<\/span><\/p><p><span style=\"font-size: medium;\"><strong style=\"font-weight: bold;\">* T\u1eeb\u00a0<strong style=\"font-weight: bold;\">Vissai\u00a0<\/strong>Saigon \u0111\u1ebfn trung t\u00e2m h\u1ed9i ngh\u1ecb White Palace v\u00e0 S\u00e2n V\u1eadn \u0110\u1ed9ng Qu\u00e2n Khu 7<\/strong><span class=\"Apple-converted-space\">\u00a0<\/span>: 2 ph\u00fat \u0111i xe.<\/span><\/p><p><span style=\"font-size: medium;\"><strong style=\"font-weight: bold;\">* T\u1eeb Vissai Saigon \u0111\u1ebfn trung t\u00e2m tri\u1ec5n l\u00e3m qu\u1ed1c t\u1ebf T\u00e2n B\u00ecnh v\u00e0 Etown 1 &amp; 2 &amp; 3:<\/strong><span class=\"Apple-converted-space\">\u00a0<\/span>10 ph\u00fat \u0111i xe.<\/span><\/p><div><span style=\"font-size: medium;\">\u00a0<\/span><\/div>\t\t\t\t\t\t\t\t<\/div>\n\t\t\t\t\t<\/div>\n\t\t\t\t<\/div>\n\t\t<div class=\"elementor-element elementor-element-c8ebca1 e-flex e-con-boxed e-con e-parent\" data-id=\"c8ebca1\" data-element_type=\"container\" data-e-type=\"container\">\n\t\t\t\t\t<div class=\"e-con-inner\">\n\t\t\t\t<div class=\"elementor-element elementor-element-a29b080 elementor-widget elementor-widget-google_maps\" data-id=\"a29b080\" data-element_type=\"widget\" data-e-type=\"widget\" data-widget_type=\"google_maps.default\">\n\t\t\t\t\t\t\t<div class=\"elementor-custom-embed\">\n\t\t\t<iframe loading=\"lazy\"\n\t\t\t\t\tsrc=\"https:\/\/maps.google.com\/maps?q=144%20Nguyen%20Van%20Troi%20Street%2C%20Ward%20Phu%20Nhuan%2C%20HCMC&#038;t=m&#038;z=17&#038;output=embed&#038;iwloc=near\"\n\t\t\t\t\ttitle=\"144 Nguy\u1ec5n V\u0103n Tr\u1ed7i, Ph\u01b0\u1eddng Ph\u00fa Nhu\u1eadn, Th\u00e0nh ph\u1ed1 H\u1ed3 Ch\u00ed Minh\"\n\t\t\t\t\taria-label=\"144 Nguy\u1ec5n V\u0103n Tr\u1ed7i, Ph\u01b0\u1eddng Ph\u00fa Nhu\u1eadn, Th\u00e0nh ph\u1ed1 H\u1ed3 Ch\u00ed Minh\"\n\t\t\t><\/iframe>\n\t\t<\/div>\n\t\t\t\t\t\t<\/div>\n\t\t\t\t\t<\/div>\n\t\t\t\t<\/div>\n\t\t\t\t<\/div>","protected":false},"excerpt":{"rendered":"<p>VISSAI SAIGON HOTEL LOCATION Vissai Saigon Hotel is located at 144 Nguyen Van Troi Street, the main road that connects to Tan Son Nhat International Airport and the center of Ho Chi Minh City. It is just a walking distance from Dai Giac Pagoda which is a historical place of worship for Vietnamese in the &#8230; <span class=\"more\"><a class=\"more-link\" href=\"https:\/\/vissaisaigonhotel.com\/vi\/locations\/\">[Read more&#8230;]<\/a><\/span><\/p>\n","protected":false},"author":1,"featured_media":0,"parent":0,"menu_order":0,"comment_status":"closed","ping_status":"closed","template":"elementor_header_footer","meta":{"tpgb_global_settings":"","footnotes":""},"class_list":["entry","page","publish","author-nginx","post-644"],"yoast_head":"<!-- This site is optimized with the Yoast SEO plugin v26.0 - https:\/\/yoast.com\/wordpress\/plugins\/seo\/ -->\n<title>Locations - Vissai Saigon Hotel<\/title>\n<meta name=\"robots\" content=\"index, follow, max-snippet:-1, max-image-preview:large, max-video-preview:-1\" \/>\n<link rel=\"canonical\" href=\"https:\/\/vissaisaigonhotel.com\/vi\/locations\/\" \/>\n<meta property=\"og:locale\" content=\"vi_VN\" \/>\n<meta property=\"og:type\" content=\"article\" \/>\n<meta property=\"og:title\" content=\"Locations - Vissai Saigon Hotel\" \/>\n<meta property=\"og:description\" content=\"VISSAI SAIGON HOTEL LOCATION Vissai Saigon Hotel is located at 144 Nguyen Van Troi Street, the main road that connects to Tan Son Nhat International Airport and the center of Ho Chi Minh City. It is just a walking distance from Dai Giac Pagoda which is a historical place of worship for Vietnamese in the ... [Read more...]\" \/>\n<meta property=\"og:url\" content=\"https:\/\/vissaisaigonhotel.com\/vi\/locations\/\" \/>\n<meta property=\"og:site_name\" content=\"Vissai Saigon Hotel\" \/>\n<meta property=\"article:publisher\" content=\"https:\/\/www.facebook.com\/VissaiSaigonHotelOfficial\" \/>\n<meta property=\"article:modified_time\" content=\"2025-09-26T01:40:58+00:00\" \/>\n<meta name=\"twitter:card\" content=\"summary_large_image\" \/>\n<meta name=\"twitter:label1\" content=\"\u01af\u1edbc t\u00ednh th\u1eddi gian \u0111\u1ecdc\" \/>\n\t<meta name=\"twitter:data1\" content=\"1 ph\u00fat\" \/>\n<script type=\"application\/ld+json\" class=\"yoast-schema-graph\">{\"@context\":\"https:\/\/schema.org\",\"@graph\":[{\"@type\":\"WebPage\",\"@id\":\"https:\/\/vissaisaigonhotel.com\/locations\/\",\"url\":\"https:\/\/vissaisaigonhotel.com\/locations\/\",\"name\":\"Locations - Vissai Saigon Hotel\",\"isPartOf\":{\"@id\":\"https:\/\/vissaisaigonhotel.com\/vi\/#website\"},\"datePublished\":\"2025-09-26T01:39:09+00:00\",\"dateModified\":\"2025-09-26T01:40:58+00:00\",\"breadcrumb\":{\"@id\":\"https:\/\/vissaisaigonhotel.com\/locations\/#breadcrumb\"},\"inLanguage\":\"vi\",\"potentialAction\":[{\"@type\":\"ReadAction\",\"target\":[\"https:\/\/vissaisaigonhotel.com\/locations\/\"]}]},{\"@type\":\"BreadcrumbList\",\"@id\":\"https:\/\/vissaisaigonhotel.com\/locations\/#breadcrumb\",\"itemListElement\":[{\"@type\":\"ListItem\",\"position\":1,\"name\":\"Home\",\"item\":\"https:\/\/vissaisaigonhotel.com\/\"},{\"@type\":\"ListItem\",\"position\":2,\"name\":\"Locations\"}]},{\"@type\":\"WebSite\",\"@id\":\"https:\/\/vissaisaigonhotel.com\/vi\/#website\",\"url\":\"https:\/\/vissaisaigonhotel.com\/vi\/\",\"name\":\"Vissai Saigon Hotel\",\"description\":\"\",\"publisher\":{\"@id\":\"https:\/\/vissaisaigonhotel.com\/vi\/#organization\"},\"potentialAction\":[{\"@type\":\"SearchAction\",\"target\":{\"@type\":\"EntryPoint\",\"urlTemplate\":\"https:\/\/vissaisaigonhotel.com\/vi\/?s={search_term_string}\"},\"query-input\":{\"@type\":\"PropertyValueSpecification\",\"valueRequired\":true,\"valueName\":\"search_term_string\"}}],\"inLanguage\":\"vi\"},{\"@type\":\"Organization\",\"@id\":\"https:\/\/vissaisaigonhotel.com\/vi\/#organization\",\"name\":\"Vissai Saigon Hotel\",\"url\":\"https:\/\/vissaisaigonhotel.com\/vi\/\",\"logo\":{\"@type\":\"ImageObject\",\"inLanguage\":\"vi\",\"@id\":\"https:\/\/vissaisaigonhotel.com\/vi\/#\/schema\/logo\/image\/\",\"url\":\"\",\"contentUrl\":\"\",\"caption\":\"Vissai Saigon Hotel\"},\"image\":{\"@id\":\"https:\/\/vissaisaigonhotel.com\/vi\/#\/schema\/logo\/image\/\"},\"sameAs\":[\"https:\/\/www.facebook.com\/VissaiSaigonHotelOfficial\"]}]}<\/script>\n<!-- \/ Yoast SEO plugin. -->","yoast_head_json":{"title":"Locations - Vissai Saigon Hotel","robots":{"index":"index","follow":"follow","max-snippet":"max-snippet:-1","max-image-preview":"max-image-preview:large","max-video-preview":"max-video-preview:-1"},"canonical":"https:\/\/vissaisaigonhotel.com\/vi\/locations\/","og_locale":"vi_VN","og_type":"article","og_title":"Locations - Vissai Saigon Hotel","og_description":"VISSAI SAIGON HOTEL LOCATION Vissai Saigon Hotel is located at 144 Nguyen Van Troi Street, the main road that connects to Tan Son Nhat International Airport and the center of Ho Chi Minh City. It is just a walking distance from Dai Giac Pagoda which is a historical place of worship for Vietnamese in the ... [Read more...]","og_url":"https:\/\/vissaisaigonhotel.com\/vi\/locations\/","og_site_name":"Vissai Saigon Hotel","article_publisher":"https:\/\/www.facebook.com\/VissaiSaigonHotelOfficial","article_modified_time":"2025-09-26T01:40:58+00:00","twitter_card":"summary_large_image","twitter_misc":{"\u01af\u1edbc t\u00ednh th\u1eddi gian \u0111\u1ecdc":"1 ph\u00fat"},"schema":{"@context":"https:\/\/schema.org","@graph":[{"@type":"WebPage","@id":"https:\/\/vissaisaigonhotel.com\/locations\/","url":"https:\/\/vissaisaigonhotel.com\/locations\/","name":"Locations - Vissai Saigon Hotel","isPartOf":{"@id":"https:\/\/vissaisaigonhotel.com\/vi\/#website"},"datePublished":"2025-09-26T01:39:09+00:00","dateModified":"2025-09-26T01:40:58+00:00","breadcrumb":{"@id":"https:\/\/vissaisaigonhotel.com\/locations\/#breadcrumb"},"inLanguage":"vi","potentialAction":[{"@type":"ReadAction","target":["https:\/\/vissaisaigonhotel.com\/locations\/"]}]},{"@type":"BreadcrumbList","@id":"https:\/\/vissaisaigonhotel.com\/locations\/#breadcrumb","itemListElement":[{"@type":"ListItem","position":1,"name":"Home","item":"https:\/\/vissaisaigonhotel.com\/"},{"@type":"ListItem","position":2,"name":"Locations"}]},{"@type":"WebSite","@id":"https:\/\/vissaisaigonhotel.com\/vi\/#website","url":"https:\/\/vissaisaigonhotel.com\/vi\/","name":"KH\u00c1CH S\u1ea0N VISSAI SAIGON","description":"","publisher":{"@id":"https:\/\/vissaisaigonhotel.com\/vi\/#organization"},"potentialAction":[{"@type":"SearchAction","target":{"@type":"EntryPoint","urlTemplate":"https:\/\/vissaisaigonhotel.com\/vi\/?s={search_term_string}"},"query-input":{"@type":"PropertyValueSpecification","valueRequired":true,"valueName":"search_term_string"}}],"inLanguage":"vi"},{"@type":"Organization","@id":"https:\/\/vissaisaigonhotel.com\/vi\/#organization","name":"KH\u00c1CH S\u1ea0N VISSAI SAIGON","url":"https:\/\/vissaisaigonhotel.com\/vi\/","logo":{"@type":"ImageObject","inLanguage":"vi","@id":"https:\/\/vissaisaigonhotel.com\/vi\/#\/schema\/logo\/image\/","url":"","contentUrl":"","caption":"Vissai Saigon Hotel"},"image":{"@id":"https:\/\/vissaisaigonhotel.com\/vi\/#\/schema\/logo\/image\/"},"sameAs":["https:\/\/www.facebook.com\/VissaiSaigonHotelOfficial"]}]}},"tpgb_featured_images":null,"tpgb_post_meta_info":{"get_date":"Th\u00e1ng 9 26, 2025","get_modified_date":"Th\u00e1ng 9 26, 2025","author_name":"nginx","author_url":"https:\/\/vissaisaigonhotel.com\/vi\/author\/nginx\/","author_email":"itm@vissaisaigonhotel.vn","author_website":"https:\/\/vissaisaigonhotel.com","author_description":"","author_facebook":"","author_twitter":"","author_instagram":"","author_role":["administrator"],"author_firstname":"","author_lastname":"","user_login":"nginx","author_avatar":"<img alt='' src='https:\/\/secure.gravatar.com\/avatar\/49346ba064c81cc56629ea852e95f685b1bdf0aa36162bd5b4d8495bf0df34d1?s=200&#038;d=mm&#038;r=g' srcset='https:\/\/secure.gravatar.com\/avatar\/49346ba064c81cc56629ea852e95f685b1bdf0aa36162bd5b4d8495bf0df34d1?s=400&#038;d=mm&#038;r=g 2x' class='avatar avatar-200 photo' height='200' width='200' decoding='async'itemprop=\"image\" \/>","author_avatar_url":"https:\/\/secure.gravatar.com\/avatar\/49346ba064c81cc56629ea852e95f685b1bdf0aa36162bd5b4d8495bf0df34d1?s=96&d=mm&r=g","comment_count":0,"post_likes":0,"post_views":0},"tpgb_post_category":[],"_links":{"self":[{"href":"https:\/\/vissaisaigonhotel.com\/vi\/wp-json\/wp\/v2\/pages\/644","targetHints":{"allow":["GET"]}}],"collection":[{"href":"https:\/\/vissaisaigonhotel.com\/vi\/wp-json\/wp\/v2\/pages"}],"about":[{"href":"https:\/\/vissaisaigonhotel.com\/vi\/wp-json\/wp\/v2\/types\/page"}],"author":[{"embeddable":true,"href":"https:\/\/vissaisaigonhotel.com\/vi\/wp-json\/wp\/v2\/users\/1"}],"replies":[{"embeddable":true,"href":"https:\/\/vissaisaigonhotel.com\/vi\/wp-json\/wp\/v2\/comments?post=644"}],"version-history":[{"count":4,"href":"https:\/\/vissaisaigonhotel.com\/vi\/wp-json\/wp\/v2\/pages\/644\/revisions"}],"predecessor-version":[{"id":648,"href":"https:\/\/vissaisaigonhotel.com\/vi\/wp-json\/wp\/v2\/pages\/644\/revisions\/648"}],"wp:attachment":[{"href":"https:\/\/vissaisaigonhotel.com\/vi\/wp-json\/wp\/v2\/media?parent=644"}],"curies":[{"name":"wp","href":"https:\/\/api.w.org\/{rel}","templated":true}]}}