{"id":52,"date":"2025-09-25T07:32:33","date_gmt":"2025-09-25T07:32:33","guid":{"rendered":"https:\/\/vissaisaigonhotel.com\/?page_id=52"},"modified":"2025-10-09T13:03:58","modified_gmt":"2025-10-09T06:03:58","slug":"accommodation","status":"publish","type":"page","link":"https:\/\/vissaisaigonhotel.com\/vi\/accommodation\/","title":{"rendered":"Lo\u1ea1i ph\u00f2ng"},"content":{"rendered":"<div data-elementor-type=\"wp-page\" data-elementor-id=\"52\" class=\"elementor elementor-52\">\n\t\t\t\t<div class=\"elementor-element elementor-element-798ab1ed e-grid e-con-boxed e-con e-parent\" data-id=\"798ab1ed\" data-element_type=\"container\" data-e-type=\"container\">\n\t\t\t\t\t<div class=\"e-con-inner\">\n\t\t\t\t<div class=\"elementor-element elementor-element-e05cbfa elementor-widget elementor-widget-image\" data-id=\"e05cbfa\" data-element_type=\"widget\" data-e-type=\"widget\" data-widget_type=\"image.default\">\n\t\t\t\t\t\t\t\t\t\t\t\t\t\t\t<img fetchpriority=\"high\" decoding=\"async\" width=\"700\" height=\"468\" src=\"https:\/\/vissaisaigonhotel.com\/wp-content\/uploads\/2025\/09\/EXECUTIVE-SUITE-1-1024x684.jpg\" class=\"attachment-large size-large wp-image-32\" alt=\"\" srcset=\"https:\/\/vissaisaigonhotel.com\/wp-content\/uploads\/2025\/09\/EXECUTIVE-SUITE-1-1024x684.jpg 1024w, https:\/\/vissaisaigonhotel.com\/wp-content\/uploads\/2025\/09\/EXECUTIVE-SUITE-1-300x200.jpg 300w, https:\/\/vissaisaigonhotel.com\/wp-content\/uploads\/2025\/09\/EXECUTIVE-SUITE-1-768x513.jpg 768w, https:\/\/vissaisaigonhotel.com\/wp-content\/uploads\/2025\/09\/EXECUTIVE-SUITE-1.jpg 1155w\" sizes=\"(max-width: 700px) 100vw, 700px\" \/>\t\t\t\t\t\t\t\t\t\t\t\t\t\t\t<\/div>\n\t\t\t\t<div class=\"elementor-element elementor-element-7f1cad0 elementor-widget elementor-widget-text-editor\" data-id=\"7f1cad0\" data-element_type=\"widget\" data-e-type=\"widget\" data-widget_type=\"text-editor.default\">\n\t\t\t\t\t\t\t\t\t<h4><span style=\"color: #62361e;\"><a style=\"transition-property: all; color: #62361e;\" href=\"https:\/\/vissaisaigonhotel.com\/vi\/?page_id=31\"><strong>EXECUTIVE SUITE<\/strong><\/a><\/span><\/h4>\n<ul>\n<li>T\u00ednh n\u0103ng ph\u00f2ng<\/li>\n<li>Di\u1ec7n t\u00edch ph\u00f2ng: 66m2<\/li>\n<li>H\u01b0\u1edbng ph\u00f2ng: H\u01b0\u1edbng th\u00e0nh ph\u1ed1<\/li>\n<li>Gi\u01b0\u1eddng: 01 gi\u01b0\u1eddng \u0111\u00f4i<\/li>\n<li>Lo\u1ea1i ph\u00f2ng: Kh\u00f4ng h\u00fat thu\u1ed1c<\/li>\n<li><a style=\"transition-property: all;\" href=\"https:\/\/vissaisaigonhotel.com\/vi\/?page_id=31\">Xem chi ti\u1ebft<\/a><\/li>\n<\/ul>\t\t\t\t\t\t\t\t<\/div>\n\t\t\t\t<div class=\"elementor-element elementor-element-1e0df0a elementor-widget elementor-widget-image\" data-id=\"1e0df0a\" data-element_type=\"widget\" data-e-type=\"widget\" data-widget_type=\"image.default\">\n\t\t\t\t\t\t\t\t\t\t\t\t\t\t\t<img decoding=\"async\" width=\"700\" height=\"467\" src=\"https:\/\/vissaisaigonhotel.com\/wp-content\/uploads\/2025\/09\/DELUXE3-1024x683.jpg\" class=\"attachment-large size-large wp-image-80\" alt=\"\" srcset=\"https:\/\/vissaisaigonhotel.com\/wp-content\/uploads\/2025\/09\/DELUXE3-1024x683.jpg 1024w, https:\/\/vissaisaigonhotel.com\/wp-content\/uploads\/2025\/09\/DELUXE3-300x200.jpg 300w, https:\/\/vissaisaigonhotel.com\/wp-content\/uploads\/2025\/09\/DELUXE3-768x512.jpg 768w, https:\/\/vissaisaigonhotel.com\/wp-content\/uploads\/2025\/09\/DELUXE3.jpg 1155w\" sizes=\"(max-width: 700px) 100vw, 700px\" \/>\t\t\t\t\t\t\t\t\t\t\t\t\t\t\t<\/div>\n\t\t\t\t<div class=\"elementor-element elementor-element-cdc6b4f elementor-widget elementor-widget-text-editor\" data-id=\"cdc6b4f\" data-element_type=\"widget\" data-e-type=\"widget\" data-widget_type=\"text-editor.default\">\n\t\t\t\t\t\t\t\t\t<h4><span style=\"color: #62361e;\"><strong><a style=\"color: #62361e;\" href=\"https:\/\/vissaisaigonhotel.com\/vi\/accommodation\/executive-deluxe\/\">EXECUTIVE DELUXE<\/a><\/strong><\/span><\/h4>\n<ul>\n<li>T\u00ednh n\u0103ng ph\u00f2ng<\/li>\n<li>Di\u1ec7n t\u00edch ph\u00f2ng: 33m2<\/li>\n<li>H\u01b0\u1edbng ph\u00f2ng: H\u01b0\u1edbng th\u00e0nh ph\u1ed1<\/li>\n<li>Gi\u01b0\u1eddng: 01 gi\u01b0\u1eddng \u0111\u00f4i ho\u1eb7c 02 gi\u01b0\u1eddng \u0111\u01a1n<\/li>\n<li>Lo\u1ea1i ph\u00f2ng: Kh\u00f4ng h\u00fat thu\u1ed1c<\/li>\n<li><a style=\"transition-property: all;\" href=\"https:\/\/vissaisaigonhotel.com\/vi\/?page_id=56\">Xem chi ti\u1ebft<\/a><\/li>\n<\/ul>\t\t\t\t\t\t\t\t<\/div>\n\t\t\t\t<div class=\"elementor-element elementor-element-178d4a5 elementor-widget elementor-widget-image\" data-id=\"178d4a5\" data-element_type=\"widget\" data-e-type=\"widget\" data-widget_type=\"image.default\">\n\t\t\t\t\t\t\t\t\t\t\t\t\t\t\t<img decoding=\"async\" width=\"700\" height=\"468\" src=\"https:\/\/vissaisaigonhotel.com\/wp-content\/uploads\/2025\/09\/JUNIOR-SUITE1-1024x684.jpg\" class=\"attachment-large size-large wp-image-73\" alt=\"\" srcset=\"https:\/\/vissaisaigonhotel.com\/wp-content\/uploads\/2025\/09\/JUNIOR-SUITE1-1024x684.jpg 1024w, https:\/\/vissaisaigonhotel.com\/wp-content\/uploads\/2025\/09\/JUNIOR-SUITE1-300x200.jpg 300w, https:\/\/vissaisaigonhotel.com\/wp-content\/uploads\/2025\/09\/JUNIOR-SUITE1-768x513.jpg 768w, https:\/\/vissaisaigonhotel.com\/wp-content\/uploads\/2025\/09\/JUNIOR-SUITE1.jpg 1155w\" sizes=\"(max-width: 700px) 100vw, 700px\" \/>\t\t\t\t\t\t\t\t\t\t\t\t\t\t\t<\/div>\n\t\t\t\t<div class=\"elementor-element elementor-element-616703e elementor-widget elementor-widget-text-editor\" data-id=\"616703e\" data-element_type=\"widget\" data-e-type=\"widget\" data-widget_type=\"text-editor.default\">\n\t\t\t\t\t\t\t\t\t<h4><span style=\"color: #62361e;\"><strong><a style=\"transition-property: all; color: #62361e;\" href=\"https:\/\/vissaisaigonhotel.com\/vi\/?page_id=72\">JUNIOR SUITE<\/a><\/strong><\/span><\/h4>\n<ul>\n<li>T\u00ednh n\u0103ng ph\u00f2ng<\/li>\n<li>Di\u1ec7n t\u00edch ph\u00f2ng: 40m2<\/li>\n<li>H\u01b0\u1edbng ph\u00f2ng: H\u01b0\u1edbng th\u00e0nh ph\u1ed1<\/li>\n<li>Gi\u01b0\u1eddng: 01 gi\u01b0\u1eddng \u0111\u00f4i<\/li>\n<li>Lo\u1ea1i ph\u00f2ng: Kh\u00f4ng h\u00fat thu\u1ed1c<\/li>\n<li><a style=\"transition-property: all;\" href=\"https:\/\/vissaisaigonhotel.com\/vi\/?page_id=72\">Xem chi ti\u1ebft<\/a><\/li>\n<\/ul>\t\t\t\t\t\t\t\t<\/div>\n\t\t\t\t<div class=\"elementor-element elementor-element-0e4d5f2 elementor-widget elementor-widget-image\" data-id=\"0e4d5f2\" data-element_type=\"widget\" data-e-type=\"widget\" data-widget_type=\"image.default\">\n\t\t\t\t\t\t\t\t\t\t\t\t\t\t\t<img loading=\"lazy\" decoding=\"async\" width=\"700\" height=\"465\" src=\"https:\/\/vissaisaigonhotel.com\/wp-content\/uploads\/2025\/09\/DELUXE1-1024x680.jpg\" class=\"attachment-large size-large wp-image-81\" alt=\"\" srcset=\"https:\/\/vissaisaigonhotel.com\/wp-content\/uploads\/2025\/09\/DELUXE1-1024x680.jpg 1024w, https:\/\/vissaisaigonhotel.com\/wp-content\/uploads\/2025\/09\/DELUXE1-300x199.jpg 300w, https:\/\/vissaisaigonhotel.com\/wp-content\/uploads\/2025\/09\/DELUXE1-768x510.jpg 768w, https:\/\/vissaisaigonhotel.com\/wp-content\/uploads\/2025\/09\/DELUXE1.jpg 1161w\" sizes=\"(max-width: 700px) 100vw, 700px\" \/>\t\t\t\t\t\t\t\t\t\t\t\t\t\t\t<\/div>\n\t\t\t\t<div class=\"elementor-element elementor-element-f6c6647 elementor-widget elementor-widget-text-editor\" data-id=\"f6c6647\" data-element_type=\"widget\" data-e-type=\"widget\" data-widget_type=\"text-editor.default\">\n\t\t\t\t\t\t\t\t\t<h4><span style=\"color: #62361e;\"><b><a style=\"transition-property: all; color: #62361e;\" href=\"https:\/\/vissaisaigonhotel.com\/vi\/?page_id=78\">DELUXE<\/a><\/b><\/span><\/h4>\n<ul>\n<li>T\u00ednh n\u0103ng ph\u00f2ng<\/li>\n<li>Di\u1ec7n t\u00edch ph\u00f2ng: 33m2<\/li>\n<li>H\u01b0\u1edbng ph\u00f2ng: H\u01b0\u1edbng th\u00e0nh ph\u1ed1<\/li>\n<li>Gi\u01b0\u1eddng: 01 gi\u01b0\u1eddng \u0111\u00f4i ho\u1eb7c 02 gi\u01b0\u1eddng \u0111\u01a1n<\/li>\n<li>Lo\u1ea1i ph\u00f2ng: Kh\u00f4ng h\u00fat thu\u1ed1c<\/li>\n<li><a style=\"transition-property: all;\" href=\"https:\/\/vissaisaigonhotel.com\/vi\/?page_id=78\">Xem chi ti\u1ebft<\/a><\/li>\n<\/ul>\t\t\t\t\t\t\t\t<\/div>\n\t\t\t\t\t<\/div>\n\t\t\t\t<\/div>\n\t\t\t\t<\/div>","protected":false},"excerpt":{"rendered":"<p>EXECUTIVE SUITE Room features Room size: 66 sqm View: City view Bedding: 1 King Preferences: Non-smoking More Information EXECUTIVE DELUXE Room features Room size: 33 sqm View: City view Bedding: King or Twin Preferences: Non-smoking More Information JUNIOR SUITE Room features Room size: 40 sqm View: City view Bedding: 1 King Preferences: Non-smoking More Information &#8230; <span class=\"more\"><a class=\"more-link\" href=\"https:\/\/vissaisaigonhotel.com\/vi\/accommodation\/\">[Read more&#8230;]<\/a><\/span><\/p>\n","protected":false},"author":1,"featured_media":0,"parent":0,"menu_order":1,"comment_status":"closed","ping_status":"closed","template":"","meta":{"tpgb_global_settings":"","footnotes":""},"class_list":["entry","page","publish","author-nginx","post-52"],"yoast_head":"<!-- This site is optimized with the Yoast SEO plugin v26.0 - https:\/\/yoast.com\/wordpress\/plugins\/seo\/ -->\n<title>Accommodation - Vissai Saigon Hotel<\/title>\n<meta name=\"robots\" content=\"index, follow, max-snippet:-1, max-image-preview:large, max-video-preview:-1\" \/>\n<link rel=\"canonical\" href=\"https:\/\/vissaisaigonhotel.com\/vi\/accommodation\/\" \/>\n<meta property=\"og:locale\" content=\"vi_VN\" \/>\n<meta property=\"og:type\" content=\"article\" \/>\n<meta property=\"og:title\" content=\"Accommodation - Vissai Saigon Hotel\" \/>\n<meta property=\"og:description\" content=\"EXECUTIVE SUITE Room features Room size: 66 sqm View: City view Bedding: 1 King Preferences: Non-smoking More Information EXECUTIVE DELUXE Room features Room size: 33 sqm View: City view Bedding: King or Twin Preferences: Non-smoking More Information JUNIOR SUITE Room features Room size: 40 sqm View: City view Bedding: 1 King Preferences: Non-smoking More Information ... [Read more...]\" \/>\n<meta property=\"og:url\" content=\"https:\/\/vissaisaigonhotel.com\/vi\/accommodation\/\" \/>\n<meta property=\"og:site_name\" content=\"Vissai Saigon Hotel\" \/>\n<meta property=\"article:publisher\" content=\"https:\/\/www.facebook.com\/VissaiSaigonHotelOfficial\" \/>\n<meta property=\"article:modified_time\" content=\"2025-10-09T06:03:58+00:00\" \/>\n<meta property=\"og:image\" content=\"https:\/\/vissaisaigonhotel.com\/wp-content\/uploads\/2025\/09\/EXECUTIVE-SUITE-1.jpg\" \/>\n\t<meta property=\"og:image:width\" content=\"1155\" \/>\n\t<meta property=\"og:image:height\" content=\"771\" \/>\n\t<meta property=\"og:image:type\" content=\"image\/jpeg\" \/>\n<meta name=\"twitter:card\" content=\"summary_large_image\" \/>\n<meta name=\"twitter:label1\" content=\"\u01af\u1edbc t\u00ednh th\u1eddi gian \u0111\u1ecdc\" \/>\n\t<meta name=\"twitter:data1\" content=\"1 ph\u00fat\" \/>\n<script type=\"application\/ld+json\" class=\"yoast-schema-graph\">{\"@context\":\"https:\/\/schema.org\",\"@graph\":[{\"@type\":\"WebPage\",\"@id\":\"https:\/\/vissaisaigonhotel.com\/accommodation\/\",\"url\":\"https:\/\/vissaisaigonhotel.com\/accommodation\/\",\"name\":\"Accommodation - Vissai Saigon Hotel\",\"isPartOf\":{\"@id\":\"https:\/\/vissaisaigonhotel.com\/vi\/#website\"},\"primaryImageOfPage\":{\"@id\":\"https:\/\/vissaisaigonhotel.com\/accommodation\/#primaryimage\"},\"image\":{\"@id\":\"https:\/\/vissaisaigonhotel.com\/accommodation\/#primaryimage\"},\"thumbnailUrl\":\"https:\/\/vissaisaigonhotel.com\/wp-content\/uploads\/2025\/09\/EXECUTIVE-SUITE-1-1024x684.jpg\",\"datePublished\":\"2025-09-25T07:32:33+00:00\",\"dateModified\":\"2025-10-09T06:03:58+00:00\",\"breadcrumb\":{\"@id\":\"https:\/\/vissaisaigonhotel.com\/accommodation\/#breadcrumb\"},\"inLanguage\":\"vi\",\"potentialAction\":[{\"@type\":\"ReadAction\",\"target\":[\"https:\/\/vissaisaigonhotel.com\/accommodation\/\"]}]},{\"@type\":\"ImageObject\",\"inLanguage\":\"vi\",\"@id\":\"https:\/\/vissaisaigonhotel.com\/accommodation\/#primaryimage\",\"url\":\"https:\/\/vissaisaigonhotel.com\/wp-content\/uploads\/2025\/09\/EXECUTIVE-SUITE-1-1024x684.jpg\",\"contentUrl\":\"https:\/\/vissaisaigonhotel.com\/wp-content\/uploads\/2025\/09\/EXECUTIVE-SUITE-1-1024x684.jpg\"},{\"@type\":\"BreadcrumbList\",\"@id\":\"https:\/\/vissaisaigonhotel.com\/accommodation\/#breadcrumb\",\"itemListElement\":[{\"@type\":\"ListItem\",\"position\":1,\"name\":\"Home\",\"item\":\"https:\/\/vissaisaigonhotel.com\/\"},{\"@type\":\"ListItem\",\"position\":2,\"name\":\"Accommodation\"}]},{\"@type\":\"WebSite\",\"@id\":\"https:\/\/vissaisaigonhotel.com\/vi\/#website\",\"url\":\"https:\/\/vissaisaigonhotel.com\/vi\/\",\"name\":\"Vissai Saigon Hotel\",\"description\":\"\",\"publisher\":{\"@id\":\"https:\/\/vissaisaigonhotel.com\/vi\/#organization\"},\"potentialAction\":[{\"@type\":\"SearchAction\",\"target\":{\"@type\":\"EntryPoint\",\"urlTemplate\":\"https:\/\/vissaisaigonhotel.com\/vi\/?s={search_term_string}\"},\"query-input\":{\"@type\":\"PropertyValueSpecification\",\"valueRequired\":true,\"valueName\":\"search_term_string\"}}],\"inLanguage\":\"vi\"},{\"@type\":\"Organization\",\"@id\":\"https:\/\/vissaisaigonhotel.com\/vi\/#organization\",\"name\":\"Vissai Saigon Hotel\",\"url\":\"https:\/\/vissaisaigonhotel.com\/vi\/\",\"logo\":{\"@type\":\"ImageObject\",\"inLanguage\":\"vi\",\"@id\":\"https:\/\/vissaisaigonhotel.com\/vi\/#\/schema\/logo\/image\/\",\"url\":\"\",\"contentUrl\":\"\",\"caption\":\"Vissai Saigon Hotel\"},\"image\":{\"@id\":\"https:\/\/vissaisaigonhotel.com\/vi\/#\/schema\/logo\/image\/\"},\"sameAs\":[\"https:\/\/www.facebook.com\/VissaiSaigonHotelOfficial\"]}]}<\/script>\n<!-- \/ Yoast SEO plugin. -->","yoast_head_json":{"title":"Accommodation - Vissai Saigon Hotel","robots":{"index":"index","follow":"follow","max-snippet":"max-snippet:-1","max-image-preview":"max-image-preview:large","max-video-preview":"max-video-preview:-1"},"canonical":"https:\/\/vissaisaigonhotel.com\/vi\/accommodation\/","og_locale":"vi_VN","og_type":"article","og_title":"Accommodation - Vissai Saigon Hotel","og_description":"EXECUTIVE SUITE Room features Room size: 66 sqm View: City view Bedding: 1 King Preferences: Non-smoking More Information EXECUTIVE DELUXE Room features Room size: 33 sqm View: City view Bedding: King or Twin Preferences: Non-smoking More Information JUNIOR SUITE Room features Room size: 40 sqm View: City view Bedding: 1 King Preferences: Non-smoking More Information ... [Read more...]","og_url":"https:\/\/vissaisaigonhotel.com\/vi\/accommodation\/","og_site_name":"Vissai Saigon Hotel","article_publisher":"https:\/\/www.facebook.com\/VissaiSaigonHotelOfficial","article_modified_time":"2025-10-09T06:03:58+00:00","og_image":[{"width":1155,"height":771,"url":"https:\/\/vissaisaigonhotel.com\/wp-content\/uploads\/2025\/09\/EXECUTIVE-SUITE-1.jpg","type":"image\/jpeg"}],"twitter_card":"summary_large_image","twitter_misc":{"\u01af\u1edbc t\u00ednh th\u1eddi gian \u0111\u1ecdc":"1 ph\u00fat"},"schema":{"@context":"https:\/\/schema.org","@graph":[{"@type":"WebPage","@id":"https:\/\/vissaisaigonhotel.com\/accommodation\/","url":"https:\/\/vissaisaigonhotel.com\/accommodation\/","name":"Accommodation - Vissai Saigon Hotel","isPartOf":{"@id":"https:\/\/vissaisaigonhotel.com\/vi\/#website"},"primaryImageOfPage":{"@id":"https:\/\/vissaisaigonhotel.com\/accommodation\/#primaryimage"},"image":{"@id":"https:\/\/vissaisaigonhotel.com\/accommodation\/#primaryimage"},"thumbnailUrl":"https:\/\/vissaisaigonhotel.com\/wp-content\/uploads\/2025\/09\/EXECUTIVE-SUITE-1-1024x684.jpg","datePublished":"2025-09-25T07:32:33+00:00","dateModified":"2025-10-09T06:03:58+00:00","breadcrumb":{"@id":"https:\/\/vissaisaigonhotel.com\/accommodation\/#breadcrumb"},"inLanguage":"vi","potentialAction":[{"@type":"ReadAction","target":["https:\/\/vissaisaigonhotel.com\/accommodation\/"]}]},{"@type":"ImageObject","inLanguage":"vi","@id":"https:\/\/vissaisaigonhotel.com\/accommodation\/#primaryimage","url":"https:\/\/vissaisaigonhotel.com\/wp-content\/uploads\/2025\/09\/EXECUTIVE-SUITE-1-1024x684.jpg","contentUrl":"https:\/\/vissaisaigonhotel.com\/wp-content\/uploads\/2025\/09\/EXECUTIVE-SUITE-1-1024x684.jpg"},{"@type":"BreadcrumbList","@id":"https:\/\/vissaisaigonhotel.com\/accommodation\/#breadcrumb","itemListElement":[{"@type":"ListItem","position":1,"name":"Home","item":"https:\/\/vissaisaigonhotel.com\/"},{"@type":"ListItem","position":2,"name":"Accommodation"}]},{"@type":"WebSite","@id":"https:\/\/vissaisaigonhotel.com\/vi\/#website","url":"https:\/\/vissaisaigonhotel.com\/vi\/","name":"KH\u00c1CH S\u1ea0N VISSAI SAIGON","description":"","publisher":{"@id":"https:\/\/vissaisaigonhotel.com\/vi\/#organization"},"potentialAction":[{"@type":"SearchAction","target":{"@type":"EntryPoint","urlTemplate":"https:\/\/vissaisaigonhotel.com\/vi\/?s={search_term_string}"},"query-input":{"@type":"PropertyValueSpecification","valueRequired":true,"valueName":"search_term_string"}}],"inLanguage":"vi"},{"@type":"Organization","@id":"https:\/\/vissaisaigonhotel.com\/vi\/#organization","name":"KH\u00c1CH S\u1ea0N VISSAI SAIGON","url":"https:\/\/vissaisaigonhotel.com\/vi\/","logo":{"@type":"ImageObject","inLanguage":"vi","@id":"https:\/\/vissaisaigonhotel.com\/vi\/#\/schema\/logo\/image\/","url":"","contentUrl":"","caption":"Vissai Saigon Hotel"},"image":{"@id":"https:\/\/vissaisaigonhotel.com\/vi\/#\/schema\/logo\/image\/"},"sameAs":["https:\/\/www.facebook.com\/VissaiSaigonHotelOfficial"]}]}},"tpgb_featured_images":null,"tpgb_post_meta_info":{"get_date":"Th\u00e1ng 9 25, 2025","get_modified_date":"Th\u00e1ng 10 9, 2025","author_name":"nginx","author_url":"https:\/\/vissaisaigonhotel.com\/vi\/author\/nginx\/","author_email":"itm@vissaisaigonhotel.vn","author_website":"https:\/\/vissaisaigonhotel.com","author_description":"","author_facebook":"","author_twitter":"","author_instagram":"","author_role":["administrator"],"author_firstname":"","author_lastname":"","user_login":"nginx","author_avatar":"<img alt='' src='https:\/\/secure.gravatar.com\/avatar\/49346ba064c81cc56629ea852e95f685b1bdf0aa36162bd5b4d8495bf0df34d1?s=200&#038;d=mm&#038;r=g' srcset='https:\/\/secure.gravatar.com\/avatar\/49346ba064c81cc56629ea852e95f685b1bdf0aa36162bd5b4d8495bf0df34d1?s=400&#038;d=mm&#038;r=g 2x' class='avatar avatar-200 photo' height='200' width='200' decoding='async'itemprop=\"image\" \/>","author_avatar_url":"https:\/\/secure.gravatar.com\/avatar\/49346ba064c81cc56629ea852e95f685b1bdf0aa36162bd5b4d8495bf0df34d1?s=96&d=mm&r=g","comment_count":0,"post_likes":0,"post_views":0},"tpgb_post_category":[],"_links":{"self":[{"href":"https:\/\/vissaisaigonhotel.com\/vi\/wp-json\/wp\/v2\/pages\/52","targetHints":{"allow":["GET"]}}],"collection":[{"href":"https:\/\/vissaisaigonhotel.com\/vi\/wp-json\/wp\/v2\/pages"}],"about":[{"href":"https:\/\/vissaisaigonhotel.com\/vi\/wp-json\/wp\/v2\/types\/page"}],"author":[{"embeddable":true,"href":"https:\/\/vissaisaigonhotel.com\/vi\/wp-json\/wp\/v2\/users\/1"}],"replies":[{"embeddable":true,"href":"https:\/\/vissaisaigonhotel.com\/vi\/wp-json\/wp\/v2\/comments?post=52"}],"version-history":[{"count":93,"href":"https:\/\/vissaisaigonhotel.com\/vi\/wp-json\/wp\/v2\/pages\/52\/revisions"}],"predecessor-version":[{"id":2619,"href":"https:\/\/vissaisaigonhotel.com\/vi\/wp-json\/wp\/v2\/pages\/52\/revisions\/2619"}],"wp:attachment":[{"href":"https:\/\/vissaisaigonhotel.com\/vi\/wp-json\/wp\/v2\/media?parent=52"}],"curies":[{"name":"wp","href":"https:\/\/api.w.org\/{rel}","templated":true}]}}