{"id":445,"date":"2025-09-25T15:00:36","date_gmt":"2025-09-25T15:00:36","guid":{"rendered":"https:\/\/vissaisaigonhotel.com\/?page_id=445"},"modified":"2025-09-25T15:29:14","modified_gmt":"2025-09-25T15:29:14","slug":"outdoor-swimming-pool","status":"publish","type":"page","link":"https:\/\/vissaisaigonhotel.com\/vi\/outdoor-swimming-pool\/","title":{"rendered":"H\u1ed3 b\u01a1i ngo\u00e0i tr\u1eddi"},"content":{"rendered":"<div data-elementor-type=\"wp-page\" data-elementor-id=\"445\" class=\"elementor elementor-445\">\n\t\t\t\t<div class=\"elementor-element elementor-element-1812675 e-flex e-con-boxed e-con e-parent\" data-id=\"1812675\" data-element_type=\"container\" data-e-type=\"container\">\n\t\t\t\t\t<div class=\"e-con-inner\">\n\t\t\t\t<div class=\"elementor-element elementor-element-8d124e9 gallery-spacing-custom elementor-widget elementor-widget-image-gallery\" data-id=\"8d124e9\" data-element_type=\"widget\" data-e-type=\"widget\" data-widget_type=\"image-gallery.default\">\n\t\t\t\t\t\t\t<div class=\"elementor-image-gallery\">\n\t\t\t\n\t\t<style type=\"text\/css\">\n\t\t\t#gallery-1 {\n\t\t\t\tmargin: auto;\n\t\t\t}\n\t\t\t#gallery-1 .gallery-item {\n\t\t\t\tfloat: left;\n\t\t\t\tmargin-top: 10px;\n\t\t\t\ttext-align: center;\n\t\t\t\twidth: 50%;\n\t\t\t}\n\t\t\t#gallery-1 img {\n\t\t\t\tborder: 2px solid #cfcfcf;\n\t\t\t}\n\t\t\t#gallery-1 .gallery-caption {\n\t\t\t\tmargin-left: 0;\n\t\t\t}\n\t\t\t\/* see gallery_shortcode() in wp-includes\/media.php *\/\n\t\t<\/style>\n\t\t<div id='gallery-1' class='gallery galleryid-445 gallery-columns-2 gallery-size-medium_large'><dl class='gallery-item'>\n\t\t\t<dt class='gallery-icon landscape'>\n\t\t\t\t<a data-elementor-open-lightbox=\"yes\" data-elementor-lightbox-slideshow=\"8d124e9\" data-e-action-hash=\"#elementor-action%3Aaction%3Dlightbox%26settings%3DeyJpZCI6NDQ3LCJ1cmwiOiJodHRwczpcL1wvdmlzc2Fpc2FpZ29uaG90ZWwuY29tXC93cC1jb250ZW50XC91cGxvYWRzXC8yMDI1XC8wOVwvcG9vbDEuanBnIiwic2xpZGVzaG93IjoiOGQxMjRlOSJ9\" href='https:\/\/vissaisaigonhotel.com\/wp-content\/uploads\/2025\/09\/pool1.jpg'><img fetchpriority=\"high\" decoding=\"async\" width=\"700\" height=\"465\" src=\"https:\/\/vissaisaigonhotel.com\/wp-content\/uploads\/2025\/09\/pool1-768x510.jpg\" class=\"attachment-medium_large size-medium_large\" alt=\"\" srcset=\"https:\/\/vissaisaigonhotel.com\/wp-content\/uploads\/2025\/09\/pool1-768x510.jpg 768w, https:\/\/vissaisaigonhotel.com\/wp-content\/uploads\/2025\/09\/pool1-300x199.jpg 300w, https:\/\/vissaisaigonhotel.com\/wp-content\/uploads\/2025\/09\/pool1-1024x680.jpg 1024w, https:\/\/vissaisaigonhotel.com\/wp-content\/uploads\/2025\/09\/pool1.jpg 1155w\" sizes=\"(max-width: 700px) 100vw, 700px\" \/><\/a>\n\t\t\t<\/dt><\/dl><dl class='gallery-item'>\n\t\t\t<dt class='gallery-icon landscape'>\n\t\t\t\t<a data-elementor-open-lightbox=\"yes\" data-elementor-lightbox-slideshow=\"8d124e9\" data-e-action-hash=\"#elementor-action%3Aaction%3Dlightbox%26settings%3DeyJpZCI6NDQ4LCJ1cmwiOiJodHRwczpcL1wvdmlzc2Fpc2FpZ29uaG90ZWwuY29tXC93cC1jb250ZW50XC91cGxvYWRzXC8yMDI1XC8wOVwvcG9vbDIuanBnIiwic2xpZGVzaG93IjoiOGQxMjRlOSJ9\" href='https:\/\/vissaisaigonhotel.com\/wp-content\/uploads\/2025\/09\/pool2.jpg'><img decoding=\"async\" width=\"700\" height=\"465\" src=\"https:\/\/vissaisaigonhotel.com\/wp-content\/uploads\/2025\/09\/pool2-768x510.jpg\" class=\"attachment-medium_large size-medium_large\" alt=\"\" srcset=\"https:\/\/vissaisaigonhotel.com\/wp-content\/uploads\/2025\/09\/pool2-768x510.jpg 768w, https:\/\/vissaisaigonhotel.com\/wp-content\/uploads\/2025\/09\/pool2-300x199.jpg 300w, https:\/\/vissaisaigonhotel.com\/wp-content\/uploads\/2025\/09\/pool2-1024x680.jpg 1024w, https:\/\/vissaisaigonhotel.com\/wp-content\/uploads\/2025\/09\/pool2.jpg 1155w\" sizes=\"(max-width: 700px) 100vw, 700px\" \/><\/a>\n\t\t\t<\/dt><\/dl><br style=\"clear: both\" \/>\n\t\t<\/div>\n\t\t<\/div>\n\t\t\t\t\t\t<\/div>\n\t\t\t\t<div class=\"elementor-element elementor-element-39b8c8f elementor-widget elementor-widget-text-editor\" data-id=\"39b8c8f\" data-element_type=\"widget\" data-e-type=\"widget\" data-widget_type=\"text-editor.default\">\n\t\t\t\t\t\t\t\t\t<h1 style=\"color: #817b74; margin-top: 0.25em; margin-bottom: 0.25em; font-family: Arial, 'Helvetica Neue', Helvetica, sans-serif; background-color: #ffffff; padding-left: 40px;\">H\u1ed3 b\u01a1i ngo\u00e0i tr\u1eddi<\/h1><h2 style=\"padding-left: 40px;\"><img decoding=\"async\" style=\"border-width: 0px; border-style: initial; color: #817b74; font-family: Arial, 'Helvetica Neue', Helvetica, sans-serif; background-color: #ffffff; padding-bottom: 10px;\" src=\"https:\/\/vissaisaigonhotel.vn\/images\/line-acc.jpg\" alt=\"\" width=\"274\" height=\"4\" \/><\/h2><h2 style=\"font-size: 0.75em; line-height: 1.5; margin-bottom: 1em; color: #817b74; font-family: Arial, 'Helvetica Neue', Helvetica, sans-serif; background-color: #ffffff; padding-left: 40px;\"><span style=\"color: #594c45; font-family: Arial, Helvetica, sans-serif; font-size: medium; font-variant-numeric: normal; font-variant-east-asian: normal; font-variant-alternates: normal; font-variant-position: normal; font-variant-emoji: normal; line-height: normal; text-align: justify; background-color: #fbfbf6;\">N\u1ebfu b\u1ea1n mu\u1ed1n t\u00ecm m\u1ed9t n\u01a1i \u0111\u1ec3 t\u1eadn h\u01b0\u1edfng c\u1ea3m gi\u00e1c th\u01b0 gi\u00e3n gi\u1eefa l\u00f2ng th\u00e0nh ph\u1ed1 hay ch\u1ec9 \u0111\u01a1n gi\u1ea3n l\u00e0 t\u1eafm n\u1eafng, h\u1ed3 b\u01a1i ngo\u00e0i tr\u1eddi c\u1ee7a ch\u00fang t\u00f4i l\u00e0 m\u1ed9t l\u1ef1a ch\u1ecdn ho\u00e0n h\u1ea3o. H\u1ed3 b\u01a1i l\u00e0 \u0111\u1ecba \u0111i\u1ec3m l\u00fd t\u01b0\u1edfng cho nh\u1eefng b\u1eefa ti\u1ec7c m\u00f9a h\u00e8 c\u1ee7a b\u1ea1n<\/span><\/h2>\t\t\t\t\t\t\t\t<\/div>\n\t\t\t\t\t<\/div>\n\t\t\t\t<\/div>\n\t\t\t\t<\/div>","protected":false},"excerpt":{"rendered":"<p>[kibastudio.com] [kibastudio.com] Outdoor Swimming Pool If you prefer a place to enjoy a refreshing dip in the heart of the city or just bask in the sun, our outdoor swimming pool is a perfect choice. The poolside is an ideal place for your summer parties.<\/p>\n","protected":false},"author":1,"featured_media":0,"parent":0,"menu_order":0,"comment_status":"closed","ping_status":"closed","template":"templates\/template-page-full-width.php","meta":{"tpgb_global_settings":"","footnotes":""},"class_list":["entry","page","publish","author-nginx","post-445"],"yoast_head":"<!-- This site is optimized with the Yoast SEO plugin v26.0 - https:\/\/yoast.com\/wordpress\/plugins\/seo\/ -->\n<title>Outdoor Swimming Pool - Vissai Saigon Hotel<\/title>\n<meta name=\"robots\" content=\"index, follow, max-snippet:-1, max-image-preview:large, max-video-preview:-1\" \/>\n<link rel=\"canonical\" href=\"https:\/\/vissaisaigonhotel.com\/vi\/outdoor-swimming-pool\/\" \/>\n<meta property=\"og:locale\" content=\"vi_VN\" \/>\n<meta property=\"og:type\" content=\"article\" \/>\n<meta property=\"og:title\" content=\"Outdoor Swimming Pool - Vissai Saigon Hotel\" \/>\n<meta property=\"og:description\" content=\"[kibastudio.com] [kibastudio.com] Outdoor Swimming Pool If you prefer a place to enjoy a refreshing dip in the heart of the city or just bask in the sun, our outdoor swimming pool is a perfect choice. The poolside is an ideal place for your summer parties.\" \/>\n<meta property=\"og:url\" content=\"https:\/\/vissaisaigonhotel.com\/vi\/outdoor-swimming-pool\/\" \/>\n<meta property=\"og:site_name\" content=\"Vissai Saigon Hotel\" \/>\n<meta property=\"article:publisher\" content=\"https:\/\/www.facebook.com\/VissaiSaigonHotelOfficial\" \/>\n<meta property=\"article:modified_time\" content=\"2025-09-25T15:29:14+00:00\" \/>\n<meta property=\"og:image\" content=\"https:\/\/vissaisaigonhotel.com\/wp-content\/uploads\/2025\/09\/pool1-768x510.jpg\" \/>\n<meta name=\"twitter:card\" content=\"summary_large_image\" \/>\n<script type=\"application\/ld+json\" class=\"yoast-schema-graph\">{\"@context\":\"https:\/\/schema.org\",\"@graph\":[{\"@type\":\"WebPage\",\"@id\":\"https:\/\/vissaisaigonhotel.com\/outdoor-swimming-pool\/\",\"url\":\"https:\/\/vissaisaigonhotel.com\/outdoor-swimming-pool\/\",\"name\":\"Outdoor Swimming Pool - Vissai Saigon Hotel\",\"isPartOf\":{\"@id\":\"https:\/\/vissaisaigonhotel.com\/vi\/#website\"},\"primaryImageOfPage\":{\"@id\":\"https:\/\/vissaisaigonhotel.com\/outdoor-swimming-pool\/#primaryimage\"},\"image\":{\"@id\":\"https:\/\/vissaisaigonhotel.com\/outdoor-swimming-pool\/#primaryimage\"},\"thumbnailUrl\":\"https:\/\/vissaisaigonhotel.com\/wp-content\/uploads\/2025\/09\/pool1-768x510.jpg\",\"datePublished\":\"2025-09-25T15:00:36+00:00\",\"dateModified\":\"2025-09-25T15:29:14+00:00\",\"breadcrumb\":{\"@id\":\"https:\/\/vissaisaigonhotel.com\/outdoor-swimming-pool\/#breadcrumb\"},\"inLanguage\":\"vi\",\"potentialAction\":[{\"@type\":\"ReadAction\",\"target\":[\"https:\/\/vissaisaigonhotel.com\/outdoor-swimming-pool\/\"]}]},{\"@type\":\"ImageObject\",\"inLanguage\":\"vi\",\"@id\":\"https:\/\/vissaisaigonhotel.com\/outdoor-swimming-pool\/#primaryimage\",\"url\":\"https:\/\/vissaisaigonhotel.com\/wp-content\/uploads\/2025\/09\/pool1-768x510.jpg\",\"contentUrl\":\"https:\/\/vissaisaigonhotel.com\/wp-content\/uploads\/2025\/09\/pool1-768x510.jpg\"},{\"@type\":\"BreadcrumbList\",\"@id\":\"https:\/\/vissaisaigonhotel.com\/outdoor-swimming-pool\/#breadcrumb\",\"itemListElement\":[{\"@type\":\"ListItem\",\"position\":1,\"name\":\"Home\",\"item\":\"https:\/\/vissaisaigonhotel.com\/\"},{\"@type\":\"ListItem\",\"position\":2,\"name\":\"Outdoor Swimming Pool\"}]},{\"@type\":\"WebSite\",\"@id\":\"https:\/\/vissaisaigonhotel.com\/vi\/#website\",\"url\":\"https:\/\/vissaisaigonhotel.com\/vi\/\",\"name\":\"Vissai Saigon Hotel\",\"description\":\"\",\"publisher\":{\"@id\":\"https:\/\/vissaisaigonhotel.com\/vi\/#organization\"},\"potentialAction\":[{\"@type\":\"SearchAction\",\"target\":{\"@type\":\"EntryPoint\",\"urlTemplate\":\"https:\/\/vissaisaigonhotel.com\/vi\/?s={search_term_string}\"},\"query-input\":{\"@type\":\"PropertyValueSpecification\",\"valueRequired\":true,\"valueName\":\"search_term_string\"}}],\"inLanguage\":\"vi\"},{\"@type\":\"Organization\",\"@id\":\"https:\/\/vissaisaigonhotel.com\/vi\/#organization\",\"name\":\"Vissai Saigon Hotel\",\"url\":\"https:\/\/vissaisaigonhotel.com\/vi\/\",\"logo\":{\"@type\":\"ImageObject\",\"inLanguage\":\"vi\",\"@id\":\"https:\/\/vissaisaigonhotel.com\/vi\/#\/schema\/logo\/image\/\",\"url\":\"\",\"contentUrl\":\"\",\"caption\":\"Vissai Saigon Hotel\"},\"image\":{\"@id\":\"https:\/\/vissaisaigonhotel.com\/vi\/#\/schema\/logo\/image\/\"},\"sameAs\":[\"https:\/\/www.facebook.com\/VissaiSaigonHotelOfficial\"]}]}<\/script>\n<!-- \/ Yoast SEO plugin. -->","yoast_head_json":{"title":"Outdoor Swimming Pool - Vissai Saigon Hotel","robots":{"index":"index","follow":"follow","max-snippet":"max-snippet:-1","max-image-preview":"max-image-preview:large","max-video-preview":"max-video-preview:-1"},"canonical":"https:\/\/vissaisaigonhotel.com\/vi\/outdoor-swimming-pool\/","og_locale":"vi_VN","og_type":"article","og_title":"Outdoor Swimming Pool - Vissai Saigon Hotel","og_description":"[kibastudio.com] [kibastudio.com] Outdoor Swimming Pool If you prefer a place to enjoy a refreshing dip in the heart of the city or just bask in the sun, our outdoor swimming pool is a perfect choice. The poolside is an ideal place for your summer parties.","og_url":"https:\/\/vissaisaigonhotel.com\/vi\/outdoor-swimming-pool\/","og_site_name":"Vissai Saigon Hotel","article_publisher":"https:\/\/www.facebook.com\/VissaiSaigonHotelOfficial","article_modified_time":"2025-09-25T15:29:14+00:00","og_image":[{"url":"https:\/\/vissaisaigonhotel.com\/wp-content\/uploads\/2025\/09\/pool1-768x510.jpg","type":"","width":"","height":""}],"twitter_card":"summary_large_image","schema":{"@context":"https:\/\/schema.org","@graph":[{"@type":"WebPage","@id":"https:\/\/vissaisaigonhotel.com\/outdoor-swimming-pool\/","url":"https:\/\/vissaisaigonhotel.com\/outdoor-swimming-pool\/","name":"Outdoor Swimming Pool - Vissai Saigon Hotel","isPartOf":{"@id":"https:\/\/vissaisaigonhotel.com\/vi\/#website"},"primaryImageOfPage":{"@id":"https:\/\/vissaisaigonhotel.com\/outdoor-swimming-pool\/#primaryimage"},"image":{"@id":"https:\/\/vissaisaigonhotel.com\/outdoor-swimming-pool\/#primaryimage"},"thumbnailUrl":"https:\/\/vissaisaigonhotel.com\/wp-content\/uploads\/2025\/09\/pool1-768x510.jpg","datePublished":"2025-09-25T15:00:36+00:00","dateModified":"2025-09-25T15:29:14+00:00","breadcrumb":{"@id":"https:\/\/vissaisaigonhotel.com\/outdoor-swimming-pool\/#breadcrumb"},"inLanguage":"vi","potentialAction":[{"@type":"ReadAction","target":["https:\/\/vissaisaigonhotel.com\/outdoor-swimming-pool\/"]}]},{"@type":"ImageObject","inLanguage":"vi","@id":"https:\/\/vissaisaigonhotel.com\/outdoor-swimming-pool\/#primaryimage","url":"https:\/\/vissaisaigonhotel.com\/wp-content\/uploads\/2025\/09\/pool1-768x510.jpg","contentUrl":"https:\/\/vissaisaigonhotel.com\/wp-content\/uploads\/2025\/09\/pool1-768x510.jpg"},{"@type":"BreadcrumbList","@id":"https:\/\/vissaisaigonhotel.com\/outdoor-swimming-pool\/#breadcrumb","itemListElement":[{"@type":"ListItem","position":1,"name":"Home","item":"https:\/\/vissaisaigonhotel.com\/"},{"@type":"ListItem","position":2,"name":"Outdoor Swimming Pool"}]},{"@type":"WebSite","@id":"https:\/\/vissaisaigonhotel.com\/vi\/#website","url":"https:\/\/vissaisaigonhotel.com\/vi\/","name":"KH\u00c1CH S\u1ea0N VISSAI SAIGON","description":"","publisher":{"@id":"https:\/\/vissaisaigonhotel.com\/vi\/#organization"},"potentialAction":[{"@type":"SearchAction","target":{"@type":"EntryPoint","urlTemplate":"https:\/\/vissaisaigonhotel.com\/vi\/?s={search_term_string}"},"query-input":{"@type":"PropertyValueSpecification","valueRequired":true,"valueName":"search_term_string"}}],"inLanguage":"vi"},{"@type":"Organization","@id":"https:\/\/vissaisaigonhotel.com\/vi\/#organization","name":"KH\u00c1CH S\u1ea0N VISSAI SAIGON","url":"https:\/\/vissaisaigonhotel.com\/vi\/","logo":{"@type":"ImageObject","inLanguage":"vi","@id":"https:\/\/vissaisaigonhotel.com\/vi\/#\/schema\/logo\/image\/","url":"","contentUrl":"","caption":"Vissai Saigon Hotel"},"image":{"@id":"https:\/\/vissaisaigonhotel.com\/vi\/#\/schema\/logo\/image\/"},"sameAs":["https:\/\/www.facebook.com\/VissaiSaigonHotelOfficial"]}]}},"tpgb_featured_images":null,"tpgb_post_meta_info":{"get_date":"Th\u00e1ng 9 25, 2025","get_modified_date":"Th\u00e1ng 9 25, 2025","author_name":"nginx","author_url":"https:\/\/vissaisaigonhotel.com\/vi\/author\/nginx\/","author_email":"itm@vissaisaigonhotel.vn","author_website":"https:\/\/vissaisaigonhotel.com","author_description":"","author_facebook":"","author_twitter":"","author_instagram":"","author_role":["administrator"],"author_firstname":"","author_lastname":"","user_login":"nginx","author_avatar":"<img alt='' src='https:\/\/secure.gravatar.com\/avatar\/49346ba064c81cc56629ea852e95f685b1bdf0aa36162bd5b4d8495bf0df34d1?s=200&#038;d=mm&#038;r=g' srcset='https:\/\/secure.gravatar.com\/avatar\/49346ba064c81cc56629ea852e95f685b1bdf0aa36162bd5b4d8495bf0df34d1?s=400&#038;d=mm&#038;r=g 2x' class='avatar avatar-200 photo' height='200' width='200' decoding='async'itemprop=\"image\" \/>","author_avatar_url":"https:\/\/secure.gravatar.com\/avatar\/49346ba064c81cc56629ea852e95f685b1bdf0aa36162bd5b4d8495bf0df34d1?s=96&d=mm&r=g","comment_count":0,"post_likes":0,"post_views":0},"tpgb_post_category":[],"_links":{"self":[{"href":"https:\/\/vissaisaigonhotel.com\/vi\/wp-json\/wp\/v2\/pages\/445","targetHints":{"allow":["GET"]}}],"collection":[{"href":"https:\/\/vissaisaigonhotel.com\/vi\/wp-json\/wp\/v2\/pages"}],"about":[{"href":"https:\/\/vissaisaigonhotel.com\/vi\/wp-json\/wp\/v2\/types\/page"}],"author":[{"embeddable":true,"href":"https:\/\/vissaisaigonhotel.com\/vi\/wp-json\/wp\/v2\/users\/1"}],"replies":[{"embeddable":true,"href":"https:\/\/vissaisaigonhotel.com\/vi\/wp-json\/wp\/v2\/comments?post=445"}],"version-history":[{"count":34,"href":"https:\/\/vissaisaigonhotel.com\/vi\/wp-json\/wp\/v2\/pages\/445\/revisions"}],"predecessor-version":[{"id":538,"href":"https:\/\/vissaisaigonhotel.com\/vi\/wp-json\/wp\/v2\/pages\/445\/revisions\/538"}],"wp:attachment":[{"href":"https:\/\/vissaisaigonhotel.com\/vi\/wp-json\/wp\/v2\/media?parent=445"}],"curies":[{"name":"wp","href":"https:\/\/api.w.org\/{rel}","templated":true}]}}