{"id":358,"date":"2025-09-25T14:34:53","date_gmt":"2025-09-25T14:34:53","guid":{"rendered":"https:\/\/vissaisaigonhotel.com\/?page_id=358"},"modified":"2025-09-29T15:34:35","modified_gmt":"2025-09-29T08:34:35","slug":"contact-us","status":"publish","type":"page","link":"https:\/\/vissaisaigonhotel.com\/vi\/contact-us\/","title":{"rendered":"Li\u00ean h\u1ec7"},"content":{"rendered":"\t\t<div data-elementor-type=\"wp-page\" data-elementor-id=\"358\" class=\"elementor elementor-358\">\n\t\t\t\t<div class=\"elementor-element elementor-element-11a37a5 e-flex e-con-boxed e-con e-parent\" data-id=\"11a37a5\" data-element_type=\"container\" data-e-type=\"container\">\n\t\t\t\t\t<div class=\"e-con-inner\">\n\t\t\t\t<div class=\"elementor-element elementor-element-925a6f1 elementor-widget elementor-widget-spacer\" data-id=\"925a6f1\" data-element_type=\"widget\" data-e-type=\"widget\" data-widget_type=\"spacer.default\">\n\t\t\t\t\t\t\t<div class=\"elementor-spacer\">\n\t\t\t<div class=\"elementor-spacer-inner\"><\/div>\n\t\t<\/div>\n\t\t\t\t\t\t<\/div>\n\t\t\t\t<div class=\"elementor-element elementor-element-15120c0a elementor-widget elementor-widget-text-editor\" data-id=\"15120c0a\" data-element_type=\"widget\" data-e-type=\"widget\" data-widget_type=\"text-editor.default\">\n\t\t\t\t\t\t\t\t\t<figure class=\"wp-block-table\">\n<table class=\"has-fixed-layout\">\n<tbody>\n<tr>\n<td><strong>FOR ROOM RESERVATIONS<br \/><\/strong>Phone: +(84)\u00a028\u00a03999 8888<br \/>Fax: +(84)\u00a028\u00a03844 7359<br \/>Email:\u00a0<a href=\"mailto:rsvn@vissaisaigonhotel.vn\">rsvn@vissaisaigonhotel.vn<\/a><\/td>\n<td><strong>FOR MEETING AND EVENTS<br \/><\/strong>Phone: +(84)\u00a028\u00a03999 8888 &#8211; Ext: 146<br \/>Fax: +(84)\u00a028\u00a03844 7359<br \/>Email:\u00a0<a href=\"mailto:banquetsm@vissaisaigonhotel.vn\">banquetsm@vissaisaigonhotel.vn<\/a><\/td>\n<td><strong>FOR ACCOMMODATION CONTRACTS<br \/><\/strong>Phone: +(84) 28 3999 8888 &#8211; Ext: 154, 156, 158<br \/>Fax: +(84)\u00a028 3844 7359<br \/>Email:\u00a0<a href=\"mailto:sales@vissaisaigonhotel.vn\">sales@vissaisaigonhotel.vn<\/a><\/td>\n<\/tr>\n<\/tbody>\n<\/table>\n<\/figure>\n<p><!-- \/wp:table --><!-- wp:paragraph --><\/p>\n<p><!-- \/wp:paragraph --><\/p>\t\t\t\t\t\t\t\t<\/div>\n\t\t\t\t<div class=\"elementor-element elementor-element-f0ca0ce elementor-widget elementor-widget-spacer\" data-id=\"f0ca0ce\" data-element_type=\"widget\" data-e-type=\"widget\" data-widget_type=\"spacer.default\">\n\t\t\t\t\t\t\t<div class=\"elementor-spacer\">\n\t\t\t<div class=\"elementor-spacer-inner\"><\/div>\n\t\t<\/div>\n\t\t\t\t\t\t<\/div>\n\t\t\t\t<div class=\"elementor-element elementor-element-6d43492 elementor-widget elementor-widget-heading\" data-id=\"6d43492\" data-element_type=\"widget\" data-e-type=\"widget\" data-widget_type=\"heading.default\">\n\t\t\t\t\t<h2 class=\"elementor-heading-title elementor-size-default\"><b style=\", Helvetica, sans-serif;font-size: 30px\">Please leave us your complete contact information:<\/b><\/h2>\t\t\t\t<\/div>\n\t\t\t\t<div class=\"elementor-element elementor-element-f7d7b07 elementor-widget elementor-widget-wpforms\" data-id=\"f7d7b07\" data-element_type=\"widget\" data-e-type=\"widget\" data-widget_type=\"wpforms.default\">\n\t\t\t\t<div class=\"elementor-widget-container\">\n\t\t\t\t\t<div class=\"wpforms-container wpforms-container-full wpforms-render-modern\" id=\"wpforms-714\"><form id=\"wpforms-form-714\" class=\"wpforms-validate wpforms-form wpforms-ajax-form\" data-formid=\"714\" method=\"post\" enctype=\"multipart\/form-data\" action=\"\/vi\/wp-json\/wp\/v2\/pages\/358\" data-token=\"b281346696ce29c7a2200bde7ef6a473\" data-token-time=\"1777473333\"><noscript class=\"wpforms-error-noscript\">Vui l\u00f2ng b\u1eadt JavaScript trong tr\u00ecnh duy\u1ec7t c\u1ee7a b\u1ea1n \u0111\u1ec3 ho\u00e0n th\u00e0nh Form n\u00e0y.<\/noscript><div id=\"wpforms-error-noscript\" style=\"display: none;\">Vui l\u00f2ng b\u1eadt JavaScript trong tr\u00ecnh duy\u1ec7t c\u1ee7a b\u1ea1n \u0111\u1ec3 ho\u00e0n th\u00e0nh Form n\u00e0y.<\/div><div class=\"wpforms-field-container\"><div id=\"wpforms-714-field_1-container\" class=\"wpforms-field wpforms-field-name\" data-field-id=\"1\"><fieldset><legend class=\"wpforms-field-label\">Name <span class=\"wpforms-required-label\" aria-hidden=\"true\">*<\/span><\/legend><div class=\"wpforms-field-row wpforms-field-medium\"><div class=\"wpforms-field-row-block wpforms-first wpforms-one-half\"><input type=\"text\" id=\"wpforms-714-field_1\" class=\"wpforms-field-name-first wpforms-field-required\" name=\"wpforms[fields][1][first]\" aria-errormessage=\"wpforms-714-field_1-error\" required><label for=\"wpforms-714-field_1\" class=\"wpforms-field-sublabel after\">T\u00ean<\/label><\/div><div class=\"wpforms-field-row-block wpforms-one-half\"><input type=\"text\" id=\"wpforms-714-field_1-last\" class=\"wpforms-field-name-last wpforms-field-required\" name=\"wpforms[fields][1][last]\" aria-errormessage=\"wpforms-714-field_1-last-error\" required><label for=\"wpforms-714-field_1-last\" class=\"wpforms-field-sublabel after\">H\u1ecd<\/label><\/div><\/div><\/fieldset><\/div><div id=\"wpforms-714-field_2-container\" class=\"wpforms-field wpforms-field-email\" data-field-id=\"2\"><label class=\"wpforms-field-label\" for=\"wpforms-714-field_2\">Email <span class=\"wpforms-required-label\" aria-hidden=\"true\">*<\/span><\/label><input type=\"email\" id=\"wpforms-714-field_2\" class=\"wpforms-field-medium wpforms-field-required\" name=\"wpforms[fields][2]\" spellcheck=\"false\" aria-errormessage=\"wpforms-714-field_2-error\" required><\/div><div id=\"wpforms-714-field_16-container\" class=\"wpforms-field wpforms-field-text\" data-field-id=\"16\"><label class=\"wpforms-field-label\" for=\"wpforms-714-field_16\">Phone<\/label><input type=\"text\" id=\"wpforms-714-field_16\" class=\"wpforms-field-medium\" name=\"wpforms[fields][16]\" aria-errormessage=\"wpforms-714-field_16-error\" ><\/div><div id=\"wpforms-714-field_8-container\" class=\"wpforms-field wpforms-field-number-slider\" data-field-id=\"8\"><label class=\"wpforms-field-label\" for=\"wpforms-714-field_8\">Number of guests<\/label>\n<input\n\ttype=\"range\"\n\tid=\"wpforms-714-field_8\" class=\"wpforms-field-large\" name=\"wpforms[fields][8]\" value=\"0\" aria-errormessage=\"wpforms-714-field_8-error\"\t\tmin=\"0\"\n\tmax=\"50\"\n\tstep=\"1\">\n\n<div class=\"wpforms-field-number-slider-hint\"\n\tdata-hint=\"Selected Value: {value}\">\n\tSelected Value: <b>0<\/b><\/div>\n<\/div><div id=\"wpforms-714-field_14-container\" class=\"wpforms-field wpforms-field-number-slider\" data-field-id=\"14\"><label class=\"wpforms-field-label\" for=\"wpforms-714-field_14\">Number of Nights<\/label>\n<input\n\ttype=\"range\"\n\tid=\"wpforms-714-field_14\" class=\"wpforms-field-large\" name=\"wpforms[fields][14]\" value=\"0\" aria-errormessage=\"wpforms-714-field_14-error\"\t\tmin=\"0\"\n\tmax=\"30\"\n\tstep=\"1\">\n\n<div class=\"wpforms-field-number-slider-hint\"\n\tdata-hint=\"Selected Value: {value}\">\n\tSelected Value: <b>0<\/b><\/div>\n<\/div><div id=\"wpforms-714-field_15-container\" class=\"wpforms-field wpforms-field-textarea\" data-field-id=\"15\"><label class=\"wpforms-field-label\" for=\"wpforms-714-field_15\">Desired arrival date - Desired departure date <span class=\"wpforms-required-label\" aria-hidden=\"true\">*<\/span><\/label><textarea id=\"wpforms-714-field_15\" class=\"wpforms-field-medium wpforms-field-required\" name=\"wpforms[fields][15]\" aria-errormessage=\"wpforms-714-field_15-error\" aria-describedby=\"wpforms-714-field_15-description\" required><\/textarea><div id=\"wpforms-714-field_15-description\" class=\"wpforms-field-description\">From 01-May-2025 To 04-May-2025<\/div><\/div>\t\t<div id=\"wpforms-714-field_3-container\"\n\t\t\tclass=\"wpforms-field wpforms-field-text\"\n\t\t\tdata-field-type=\"text\"\n\t\t\tdata-field-id=\"3\"\n\t\t\t>\n\t\t\t<label class=\"wpforms-field-label\" for=\"wpforms-714-field_3\" >arrival date like<\/label>\n\t\t\t<input type=\"text\" id=\"wpforms-714-field_3\" class=\"wpforms-field-medium\" name=\"wpforms[fields][3]\" >\n\t\t<\/div>\n\t\t<div id=\"wpforms-714-field_4-container\" class=\"wpforms-field wpforms-field-radio\" data-field-id=\"4\"><fieldset><legend class=\"wpforms-field-label\">Which room would you like to reserve?  <span class=\"wpforms-required-label\" aria-hidden=\"true\">*<\/span><\/legend><ul id=\"wpforms-714-field_4\" class=\"wpforms-field-required\"><li class=\"choice-1 depth-1\"><input type=\"radio\" id=\"wpforms-714-field_4_1\" name=\"wpforms[fields][4]\" value=\"EXECUTIVE SUITE\" aria-errormessage=\"wpforms-714-field_4_1-error\" required ><label class=\"wpforms-field-label-inline\" for=\"wpforms-714-field_4_1\">EXECUTIVE SUITE<\/label><\/li><li class=\"choice-2 depth-1\"><input type=\"radio\" id=\"wpforms-714-field_4_2\" name=\"wpforms[fields][4]\" value=\"EXECUTIVE DELUXE\" aria-errormessage=\"wpforms-714-field_4_2-error\" required ><label class=\"wpforms-field-label-inline\" for=\"wpforms-714-field_4_2\">EXECUTIVE DELUXE<\/label><\/li><li class=\"choice-3 depth-1\"><input type=\"radio\" id=\"wpforms-714-field_4_3\" name=\"wpforms[fields][4]\" value=\"JUNIOR SUITE\" aria-errormessage=\"wpforms-714-field_4_3-error\" required ><label class=\"wpforms-field-label-inline\" for=\"wpforms-714-field_4_3\">JUNIOR SUITE<\/label><\/li><li class=\"choice-4 depth-1\"><input type=\"radio\" id=\"wpforms-714-field_4_4\" name=\"wpforms[fields][4]\" value=\"DELUXE\" aria-errormessage=\"wpforms-714-field_4_4-error\" required ><label class=\"wpforms-field-label-inline\" for=\"wpforms-714-field_4_4\">DELUXE<\/label><\/li><\/ul><\/fieldset><\/div><div id=\"wpforms-714-field_6-container\" class=\"wpforms-field wpforms-field-textarea\" data-field-id=\"6\"><label class=\"wpforms-field-label\" for=\"wpforms-714-field_6\">Special Requests<\/label><textarea id=\"wpforms-714-field_6\" class=\"wpforms-field-medium\" name=\"wpforms[fields][6]\" aria-errormessage=\"wpforms-714-field_6-error\" ><\/textarea><\/div><script>\n\t\t\t\t( function() {\n\t\t\t\t\tconst style = document.createElement( 'style' );\n\t\t\t\t\tstyle.appendChild( document.createTextNode( '#wpforms-714-field_3-container { position: absolute !important; overflow: hidden !important; display: inline !important; height: 1px !important; width: 1px !important; z-index: -1000 !important; padding: 0 !important; } #wpforms-714-field_3-container input { visibility: hidden; } #wpforms-conversational-form-page #wpforms-714-field_3-container label { counter-increment: none; }' ) );\n\t\t\t\t\tdocument.head.appendChild( style );\n\t\t\t\t\tdocument.currentScript?.remove();\n\t\t\t\t} )();\n\t\t\t<\/script><\/div><!-- .wpforms-field-container --><div class=\"wpforms-submit-container\" ><input type=\"hidden\" name=\"wpforms[id]\" value=\"714\"><input type=\"hidden\" name=\"page_title\" value=\"\"><input type=\"hidden\" name=\"page_url\" value=\"https:\/\/vissaisaigonhotel.com\/vi\/wp-json\/wp\/v2\/pages\/358\"><input type=\"hidden\" name=\"url_referer\" value=\"\"><button type=\"submit\" name=\"wpforms[submit]\" id=\"wpforms-submit-714\" class=\"wpforms-submit\" data-alt-text=\"Sending...\" data-submit-text=\"Submit\" aria-live=\"assertive\" value=\"wpforms-submit\">Submit<\/button><img decoding=\"async\" src=\"https:\/\/vissaisaigonhotel.com\/wp-content\/plugins\/wpforms-lite\/assets\/images\/submit-spin.svg\" class=\"wpforms-submit-spinner\" style=\"display: none;\" width=\"26\" height=\"26\" alt=\"\u0110ang t\u1ea3i\"><\/div><\/form><\/div>  <!-- .wpforms-container -->\t\t\t\t<\/div>\n\t\t\t\t<\/div>\n\t\t\t\t\t<\/div>\n\t\t\t\t<\/div>\n\t\t\t\t<\/div>\n\t\t","protected":false},"excerpt":{"rendered":"<p>FOR ROOM RESERVATIONSPhone: +(84)\u00a028\u00a03999 8888Fax: +(84)\u00a028\u00a03844 7359Email:\u00a0rsvn@vissaisaigonhotel.vn FOR MEETING AND EVENTSPhone: +(84)\u00a028\u00a03999 8888 &#8211; Ext: 146Fax: +(84)\u00a028\u00a03844 7359Email:\u00a0banquetsm@vissaisaigonhotel.vn FOR ACCOMMODATION CONTRACTSPhone: +(84) 28 3999 8888 &#8211; Ext: 154, 156, 158Fax: +(84)\u00a028 3844 7359Email:\u00a0sales@vissaisaigonhotel.vn Please leave us your complete contact information: Please enable JavaScript in your browser to complete this form.Please enable JavaScript in your browser &#8230; <span class=\"more\"><a class=\"more-link\" href=\"https:\/\/vissaisaigonhotel.com\/vi\/contact-us\/\">[Read more&#8230;]<\/a><\/span><\/p>\n","protected":false},"author":1,"featured_media":0,"parent":0,"menu_order":4,"comment_status":"closed","ping_status":"closed","template":"elementor_header_footer","meta":{"tpgb_global_settings":"","footnotes":""},"class_list":["entry","page","publish","author-nginx","post-358"],"yoast_head":"<!-- This site is optimized with the Yoast SEO plugin v26.0 - https:\/\/yoast.com\/wordpress\/plugins\/seo\/ -->\n<title>Contact us - Vissai Saigon Hotel<\/title>\n<meta name=\"robots\" content=\"index, follow, max-snippet:-1, max-image-preview:large, max-video-preview:-1\" \/>\n<link rel=\"canonical\" href=\"https:\/\/vissaisaigonhotel.com\/vi\/contact-us\/\" \/>\n<meta property=\"og:locale\" content=\"vi_VN\" \/>\n<meta property=\"og:type\" content=\"article\" \/>\n<meta property=\"og:title\" content=\"Contact us - Vissai Saigon Hotel\" \/>\n<meta property=\"og:description\" content=\"FOR ROOM RESERVATIONSPhone: +(84)\u00a028\u00a03999 8888Fax: +(84)\u00a028\u00a03844 7359Email:\u00a0rsvn@vissaisaigonhotel.vn FOR MEETING AND EVENTSPhone: +(84)\u00a028\u00a03999 8888 &#8211; Ext: 146Fax: +(84)\u00a028\u00a03844 7359Email:\u00a0banquetsm@vissaisaigonhotel.vn FOR ACCOMMODATION CONTRACTSPhone: +(84) 28 3999 8888 &#8211; Ext: 154, 156, 158Fax: +(84)\u00a028 3844 7359Email:\u00a0sales@vissaisaigonhotel.vn Please leave us your complete contact information: Please enable JavaScript in your browser to complete this form.Please enable JavaScript in your browser ... [Read more...]\" \/>\n<meta property=\"og:url\" content=\"https:\/\/vissaisaigonhotel.com\/vi\/contact-us\/\" \/>\n<meta property=\"og:site_name\" content=\"Vissai Saigon Hotel\" \/>\n<meta property=\"article:publisher\" content=\"https:\/\/www.facebook.com\/VissaiSaigonHotelOfficial\" \/>\n<meta property=\"article:modified_time\" content=\"2025-09-29T08:34:35+00:00\" \/>\n<meta property=\"og:image\" content=\"https:\/\/vissaisaigonhotel.com\/wp-content\/plugins\/wpforms-lite\/assets\/images\/submit-spin.svg\" \/>\n<meta name=\"twitter:card\" content=\"summary_large_image\" \/>\n<meta name=\"twitter:label1\" content=\"\u01af\u1edbc t\u00ednh th\u1eddi gian \u0111\u1ecdc\" \/>\n\t<meta name=\"twitter:data1\" content=\"1 ph\u00fat\" \/>\n<script type=\"application\/ld+json\" class=\"yoast-schema-graph\">{\"@context\":\"https:\/\/schema.org\",\"@graph\":[{\"@type\":\"WebPage\",\"@id\":\"https:\/\/vissaisaigonhotel.com\/contact-us\/\",\"url\":\"https:\/\/vissaisaigonhotel.com\/contact-us\/\",\"name\":\"Contact us - Vissai Saigon Hotel\",\"isPartOf\":{\"@id\":\"https:\/\/vissaisaigonhotel.com\/vi\/#website\"},\"primaryImageOfPage\":{\"@id\":\"https:\/\/vissaisaigonhotel.com\/contact-us\/#primaryimage\"},\"image\":{\"@id\":\"https:\/\/vissaisaigonhotel.com\/contact-us\/#primaryimage\"},\"thumbnailUrl\":\"https:\/\/vissaisaigonhotel.com\/wp-content\/plugins\/wpforms-lite\/assets\/images\/submit-spin.svg\",\"datePublished\":\"2025-09-25T14:34:53+00:00\",\"dateModified\":\"2025-09-29T08:34:35+00:00\",\"breadcrumb\":{\"@id\":\"https:\/\/vissaisaigonhotel.com\/contact-us\/#breadcrumb\"},\"inLanguage\":\"vi\",\"potentialAction\":[{\"@type\":\"ReadAction\",\"target\":[\"https:\/\/vissaisaigonhotel.com\/contact-us\/\"]}]},{\"@type\":\"ImageObject\",\"inLanguage\":\"vi\",\"@id\":\"https:\/\/vissaisaigonhotel.com\/contact-us\/#primaryimage\",\"url\":\"https:\/\/vissaisaigonhotel.com\/wp-content\/plugins\/wpforms-lite\/assets\/images\/submit-spin.svg\",\"contentUrl\":\"https:\/\/vissaisaigonhotel.com\/wp-content\/plugins\/wpforms-lite\/assets\/images\/submit-spin.svg\"},{\"@type\":\"BreadcrumbList\",\"@id\":\"https:\/\/vissaisaigonhotel.com\/contact-us\/#breadcrumb\",\"itemListElement\":[{\"@type\":\"ListItem\",\"position\":1,\"name\":\"Home\",\"item\":\"https:\/\/vissaisaigonhotel.com\/\"},{\"@type\":\"ListItem\",\"position\":2,\"name\":\"Contact us\"}]},{\"@type\":\"WebSite\",\"@id\":\"https:\/\/vissaisaigonhotel.com\/vi\/#website\",\"url\":\"https:\/\/vissaisaigonhotel.com\/vi\/\",\"name\":\"Vissai Saigon Hotel\",\"description\":\"\",\"publisher\":{\"@id\":\"https:\/\/vissaisaigonhotel.com\/vi\/#organization\"},\"potentialAction\":[{\"@type\":\"SearchAction\",\"target\":{\"@type\":\"EntryPoint\",\"urlTemplate\":\"https:\/\/vissaisaigonhotel.com\/vi\/?s={search_term_string}\"},\"query-input\":{\"@type\":\"PropertyValueSpecification\",\"valueRequired\":true,\"valueName\":\"search_term_string\"}}],\"inLanguage\":\"vi\"},{\"@type\":\"Organization\",\"@id\":\"https:\/\/vissaisaigonhotel.com\/vi\/#organization\",\"name\":\"Vissai Saigon Hotel\",\"url\":\"https:\/\/vissaisaigonhotel.com\/vi\/\",\"logo\":{\"@type\":\"ImageObject\",\"inLanguage\":\"vi\",\"@id\":\"https:\/\/vissaisaigonhotel.com\/vi\/#\/schema\/logo\/image\/\",\"url\":\"\",\"contentUrl\":\"\",\"caption\":\"Vissai Saigon Hotel\"},\"image\":{\"@id\":\"https:\/\/vissaisaigonhotel.com\/vi\/#\/schema\/logo\/image\/\"},\"sameAs\":[\"https:\/\/www.facebook.com\/VissaiSaigonHotelOfficial\"]}]}<\/script>\n<!-- \/ Yoast SEO plugin. -->","yoast_head_json":{"title":"Contact us - Vissai Saigon Hotel","robots":{"index":"index","follow":"follow","max-snippet":"max-snippet:-1","max-image-preview":"max-image-preview:large","max-video-preview":"max-video-preview:-1"},"canonical":"https:\/\/vissaisaigonhotel.com\/vi\/contact-us\/","og_locale":"vi_VN","og_type":"article","og_title":"Contact us - Vissai Saigon Hotel","og_description":"FOR ROOM RESERVATIONSPhone: +(84)\u00a028\u00a03999 8888Fax: +(84)\u00a028\u00a03844 7359Email:\u00a0rsvn@vissaisaigonhotel.vn FOR MEETING AND EVENTSPhone: +(84)\u00a028\u00a03999 8888 &#8211; Ext: 146Fax: +(84)\u00a028\u00a03844 7359Email:\u00a0banquetsm@vissaisaigonhotel.vn FOR ACCOMMODATION CONTRACTSPhone: +(84) 28 3999 8888 &#8211; Ext: 154, 156, 158Fax: +(84)\u00a028 3844 7359Email:\u00a0sales@vissaisaigonhotel.vn Please leave us your complete contact information: Please enable JavaScript in your browser to complete this form.Please enable JavaScript in your browser ... [Read more...]","og_url":"https:\/\/vissaisaigonhotel.com\/vi\/contact-us\/","og_site_name":"Vissai Saigon Hotel","article_publisher":"https:\/\/www.facebook.com\/VissaiSaigonHotelOfficial","article_modified_time":"2025-09-29T08:34:35+00:00","og_image":[{"url":"https:\/\/vissaisaigonhotel.com\/wp-content\/plugins\/wpforms-lite\/assets\/images\/submit-spin.svg","type":"","width":"","height":""}],"twitter_card":"summary_large_image","twitter_misc":{"\u01af\u1edbc t\u00ednh th\u1eddi gian \u0111\u1ecdc":"1 ph\u00fat"},"schema":{"@context":"https:\/\/schema.org","@graph":[{"@type":"WebPage","@id":"https:\/\/vissaisaigonhotel.com\/contact-us\/","url":"https:\/\/vissaisaigonhotel.com\/contact-us\/","name":"Contact us - Vissai Saigon Hotel","isPartOf":{"@id":"https:\/\/vissaisaigonhotel.com\/vi\/#website"},"primaryImageOfPage":{"@id":"https:\/\/vissaisaigonhotel.com\/contact-us\/#primaryimage"},"image":{"@id":"https:\/\/vissaisaigonhotel.com\/contact-us\/#primaryimage"},"thumbnailUrl":"https:\/\/vissaisaigonhotel.com\/wp-content\/plugins\/wpforms-lite\/assets\/images\/submit-spin.svg","datePublished":"2025-09-25T14:34:53+00:00","dateModified":"2025-09-29T08:34:35+00:00","breadcrumb":{"@id":"https:\/\/vissaisaigonhotel.com\/contact-us\/#breadcrumb"},"inLanguage":"vi","potentialAction":[{"@type":"ReadAction","target":["https:\/\/vissaisaigonhotel.com\/contact-us\/"]}]},{"@type":"ImageObject","inLanguage":"vi","@id":"https:\/\/vissaisaigonhotel.com\/contact-us\/#primaryimage","url":"https:\/\/vissaisaigonhotel.com\/wp-content\/plugins\/wpforms-lite\/assets\/images\/submit-spin.svg","contentUrl":"https:\/\/vissaisaigonhotel.com\/wp-content\/plugins\/wpforms-lite\/assets\/images\/submit-spin.svg"},{"@type":"BreadcrumbList","@id":"https:\/\/vissaisaigonhotel.com\/contact-us\/#breadcrumb","itemListElement":[{"@type":"ListItem","position":1,"name":"Home","item":"https:\/\/vissaisaigonhotel.com\/"},{"@type":"ListItem","position":2,"name":"Contact us"}]},{"@type":"WebSite","@id":"https:\/\/vissaisaigonhotel.com\/vi\/#website","url":"https:\/\/vissaisaigonhotel.com\/vi\/","name":"KH\u00c1CH S\u1ea0N VISSAI SAIGON","description":"","publisher":{"@id":"https:\/\/vissaisaigonhotel.com\/vi\/#organization"},"potentialAction":[{"@type":"SearchAction","target":{"@type":"EntryPoint","urlTemplate":"https:\/\/vissaisaigonhotel.com\/vi\/?s={search_term_string}"},"query-input":{"@type":"PropertyValueSpecification","valueRequired":true,"valueName":"search_term_string"}}],"inLanguage":"vi"},{"@type":"Organization","@id":"https:\/\/vissaisaigonhotel.com\/vi\/#organization","name":"KH\u00c1CH S\u1ea0N VISSAI SAIGON","url":"https:\/\/vissaisaigonhotel.com\/vi\/","logo":{"@type":"ImageObject","inLanguage":"vi","@id":"https:\/\/vissaisaigonhotel.com\/vi\/#\/schema\/logo\/image\/","url":"","contentUrl":"","caption":"Vissai Saigon Hotel"},"image":{"@id":"https:\/\/vissaisaigonhotel.com\/vi\/#\/schema\/logo\/image\/"},"sameAs":["https:\/\/www.facebook.com\/VissaiSaigonHotelOfficial"]}]}},"tpgb_featured_images":null,"tpgb_post_meta_info":{"get_date":"Th\u00e1ng 9 25, 2025","get_modified_date":"Th\u00e1ng 9 29, 2025","author_name":"nginx","author_url":"https:\/\/vissaisaigonhotel.com\/vi\/author\/nginx\/","author_email":"itm@vissaisaigonhotel.vn","author_website":"https:\/\/vissaisaigonhotel.com","author_description":"","author_facebook":"","author_twitter":"","author_instagram":"","author_role":["administrator"],"author_firstname":"","author_lastname":"","user_login":"nginx","author_avatar":"<img alt='' src='https:\/\/secure.gravatar.com\/avatar\/49346ba064c81cc56629ea852e95f685b1bdf0aa36162bd5b4d8495bf0df34d1?s=200&#038;d=mm&#038;r=g' srcset='https:\/\/secure.gravatar.com\/avatar\/49346ba064c81cc56629ea852e95f685b1bdf0aa36162bd5b4d8495bf0df34d1?s=400&#038;d=mm&#038;r=g 2x' class='avatar avatar-200 photo' height='200' width='200' decoding='async'itemprop=\"image\" \/>","author_avatar_url":"https:\/\/secure.gravatar.com\/avatar\/49346ba064c81cc56629ea852e95f685b1bdf0aa36162bd5b4d8495bf0df34d1?s=96&d=mm&r=g","comment_count":0,"post_likes":0,"post_views":0},"tpgb_post_category":[],"_links":{"self":[{"href":"https:\/\/vissaisaigonhotel.com\/vi\/wp-json\/wp\/v2\/pages\/358","targetHints":{"allow":["GET"]}}],"collection":[{"href":"https:\/\/vissaisaigonhotel.com\/vi\/wp-json\/wp\/v2\/pages"}],"about":[{"href":"https:\/\/vissaisaigonhotel.com\/vi\/wp-json\/wp\/v2\/types\/page"}],"author":[{"embeddable":true,"href":"https:\/\/vissaisaigonhotel.com\/vi\/wp-json\/wp\/v2\/users\/1"}],"replies":[{"embeddable":true,"href":"https:\/\/vissaisaigonhotel.com\/vi\/wp-json\/wp\/v2\/comments?post=358"}],"version-history":[{"count":52,"href":"https:\/\/vissaisaigonhotel.com\/vi\/wp-json\/wp\/v2\/pages\/358\/revisions"}],"predecessor-version":[{"id":1758,"href":"https:\/\/vissaisaigonhotel.com\/vi\/wp-json\/wp\/v2\/pages\/358\/revisions\/1758"}],"wp:attachment":[{"href":"https:\/\/vissaisaigonhotel.com\/vi\/wp-json\/wp\/v2\/media?parent=358"}],"curies":[{"name":"wp","href":"https:\/\/api.w.org\/{rel}","templated":true}]}}