{"id":124,"date":"2025-09-25T13:14:07","date_gmt":"2025-09-25T13:14:07","guid":{"rendered":"https:\/\/vissaisaigonhotel.com\/?page_id=124"},"modified":"2025-10-05T11:27:21","modified_gmt":"2025-10-05T04:27:21","slug":"meetings-events","status":"publish","type":"page","link":"https:\/\/vissaisaigonhotel.com\/vi\/meetings-events\/","title":{"rendered":"Meetings &#038; Events"},"content":{"rendered":"<div data-elementor-type=\"wp-post\" data-elementor-id=\"124\" class=\"elementor elementor-124\">\n\t\t\t\t<div class=\"elementor-element elementor-element-985b734 e-grid e-con-boxed e-con e-parent\" data-id=\"985b734\" data-element_type=\"container\" data-e-type=\"container\">\n\t\t\t\t\t<div class=\"e-con-inner\">\n\t\t\t\t<div class=\"elementor-element elementor-element-9e8c2e0 elementor-widget elementor-widget-text-editor\" data-id=\"9e8c2e0\" data-element_type=\"widget\" data-e-type=\"widget\" data-widget_type=\"text-editor.default\">\n\t\t\t\t\t\t\t\t\t<div style=\"color: #817b74; font-family: Arial, 'Helvetica Neue', Helvetica, sans-serif; background-color: #ffffff;\"><p><img fetchpriority=\"high\" decoding=\"async\" class=\"size-medium wp-image-304 aligncenter\" src=\"https:\/\/vissaisaigonhotel.com\/wp-content\/uploads\/2025\/09\/wed1-300x181.jpg\" alt=\"\" width=\"300\" height=\"181\" srcset=\"https:\/\/vissaisaigonhotel.com\/wp-content\/uploads\/2025\/09\/wed1-300x181.jpg 300w, https:\/\/vissaisaigonhotel.com\/wp-content\/uploads\/2025\/09\/wed1.jpg 584w\" sizes=\"(max-width: 300px) 100vw, 300px\" \/><\/p><p style=\"font-size: 0.75em; line-height: 1.5; margin-bottom: 1em;\"><span style=\"color: #594c45; font-family: Arial, Helvetica, sans-serif; font-size: medium; font-variant-numeric: normal; font-variant-east-asian: normal; font-variant-alternates: normal; font-variant-position: normal; font-variant-emoji: normal; line-height: normal; text-align: justify; background-color: #fbfbf6;\">\u00a0<\/span><\/p><h2 style=\"margin-top: 0.5em;\"><a style=\"color: #62361e; text-decoration-line: none; font-size: 1em;\" href=\"https:\/\/vissaisaigonhotel.com\/vi\/?page_id=923\">TI\u1ec6C C\u01af\u1edaI TR\u1eccN G\u00d3I<\/a><\/h2><p style=\"font-size: 0.75em; line-height: 1.5; margin-bottom: 1em;\"><span style=\"color: #594c45; font-family: Arial, Helvetica, sans-serif; font-size: medium; font-variant-numeric: normal; font-variant-east-asian: normal; font-variant-alternates: normal; font-variant-position: normal; font-variant-emoji: normal; line-height: normal; text-align: justify; background-color: #fbfbf6;\">T\u1ed5 ch\u1ee9c ti\u1ec7c c\u01b0\u1edbi kh\u00f4ng ch\u1ec9 l\u00e0 trao nhau l\u1eddi tuy\u00ean th\u1ec7 m\u00e0 c\u00f2n l\u00e0 ng\u00e0y tr\u1ecdng \u0111\u1ea1i \u0111\u1ec3 b\u1ea1n chia s\u1ebd ni\u1ec1m vui, ni\u1ec1m h\u1ea1nh ph\u00fac c\u00f9ng ng\u01b0\u1eddi th\u1eadn v\u00e0 gia \u0111\u00ecnh. T\u1ea1i kh\u00e1ch s\u1ea1n Vissai Saigon \u0111\u1ed9i ng\u0169 nh\u00e2n vi\u00ean gi\u00e0u kinh nghi\u1ec7m c\u00f9ng v\u1edbi c\u00e1ch s\u1eafp x\u1ebfp v\u00e0 ph\u1ee5c v\u1ee5 chu \u0111\u00e1o s\u1ebd l\u00e0m cho ng\u00e0y vui tr\u1ecdng \u0111\u1ea1i c\u1ee7a b\u1ea1n th\u00eam ph\u1ea7n \u00fd ngh\u0129a.\u00a0<\/span><\/p><p><span style=\"color: #ff0000;\">Gi\u00e1 tr\u1ecdn g\u00f3i ch\u1ec9 t\u1eeb VND 3.999.000 ++\/b\u00e0n<\/span><\/p><\/div><div style=\"color: #817b74; font-family: Arial, 'Helvetica Neue', Helvetica, sans-serif; background-color: #ffffff;\"><p style=\"font-size: 0.75em; line-height: 1.5; float: right;\"><a style=\"color: #62361e; outline-style: initial; outline-width: 0px; font-family: 'CompatilTextLTW01-Regul 721743', Cambria, Georgia, serif; font-size: 1.25em; text-transform: uppercase; letter-spacing: 0.02em; line-height: 1.2; display: block;\" href=\"https:\/\/vissaisaigonhotel.com\/vi\/?page_id=923\">Xem chi ti\u1ebft<\/a><\/p><\/div>\t\t\t\t\t\t\t\t<\/div>\n\t\t\t\t<div class=\"elementor-element elementor-element-894f299 elementor-widget elementor-widget-text-editor\" data-id=\"894f299\" data-element_type=\"widget\" data-e-type=\"widget\" data-widget_type=\"text-editor.default\">\n\t\t\t\t\t\t\t\t\t<div style=\"color: #817b74; font-family: Arial, 'Helvetica Neue', Helvetica, sans-serif; background-color: #ffffff;\"><p><img decoding=\"async\" class=\"size-medium wp-image-913\" src=\"https:\/\/vissaisaigonhotel.com\/wp-content\/uploads\/2025\/09\/m2-300x163.jpg\" alt=\"\" width=\"300\" height=\"163\" srcset=\"https:\/\/vissaisaigonhotel.com\/wp-content\/uploads\/2025\/09\/m2-300x163.jpg 300w, https:\/\/vissaisaigonhotel.com\/wp-content\/uploads\/2025\/09\/m2-1024x555.jpg 1024w, https:\/\/vissaisaigonhotel.com\/wp-content\/uploads\/2025\/09\/m2-768x416.jpg 768w, https:\/\/vissaisaigonhotel.com\/wp-content\/uploads\/2025\/09\/m2.jpg 1155w\" sizes=\"(max-width: 300px) 100vw, 300px\" \/><\/p><h2 style=\"margin-top: 0.5em; text-align: left;\"><a style=\"color: #62361e; text-decoration-line: none; font-size: 1em;\" href=\"https:\/\/vissaisaigonhotel.com\/vi\/?page_id=910\">PH\u00d2NG H\u1eccP<\/a><\/h2><p style=\"font-size: 0.75em; line-height: 1.5; margin-bottom: 1em;\"><span style=\"color: #594c45; font-family: Arial, Helvetica, sans-serif; font-size: medium; font-variant-numeric: normal; font-variant-east-asian: normal; font-variant-alternates: normal; font-variant-position: normal; font-variant-emoji: normal; line-height: normal; text-align: justify; background-color: #fbfbf6;\">V\u1edbi ph\u00f2ng h\u1ecdp l\u1edbn c\u00f3 th\u1ec3 chia th\u00e0nh 2 ph\u00f2ng h\u1ecdp nh\u1ecf ri\u00eang bi\u1ec7t, Vissai S\u00e0i G\u00f2n t\u1ef1 tin c\u00f3 th\u1ec3 \u0111\u00e1p \u1ee9ng \u0111\u01b0\u1ee3c m\u1ecdi nhu c\u1ea7u c\u1ee7a qu\u00fd kh\u00e1ch...<\/span><\/p><\/div><div style=\"color: #817b74; font-family: Arial, 'Helvetica Neue', Helvetica, sans-serif; background-color: #ffffff;\"><p style=\"font-size: 0.75em; line-height: 1.5; float: right;\"><a style=\"color: #62361e; text-decoration-line: none; font-family: 'CompatilTextLTW01-Regul 721743', Cambria, Georgia, serif; font-size: 1.25em; text-transform: uppercase; letter-spacing: 0.02em; line-height: 1.2; display: block;\" href=\"https:\/\/vissaisaigonhotel.com\/vi\/?page_id=910\">Xem chi ti\u1ebft<\/a><\/p><\/div>\t\t\t\t\t\t\t\t<\/div>\n\t\t\t\t\t<\/div>\n\t\t\t\t<\/div>\n\t\t\t\t<\/div>","protected":false},"excerpt":{"rendered":"<p>\u00a0 Wedding Package Say &#8220;I do&#8221; at Vissai Saigon Hotel. A wedding at\u00a0Vissai\u00a0Saigon Hotel is not just exchanging vows. It is the grand occasion to share your happiness with your friends and family.\u00a0 Package price starts from only VND 3,999,000 ++\/table MORE INFORMATION Meeting and Event Packages Our function rooms can be used as one &#8230; <span class=\"more\"><a class=\"more-link\" href=\"https:\/\/vissaisaigonhotel.com\/vi\/meetings-events\/\">[Read more&#8230;]<\/a><\/span><\/p>\n","protected":false},"author":1,"featured_media":0,"parent":0,"menu_order":2,"comment_status":"closed","ping_status":"closed","template":"elementor_header_footer","meta":{"tpgb_global_settings":"","footnotes":""},"class_list":["entry","page","publish","author-nginx","post-124"],"yoast_head":"<!-- This site is optimized with the Yoast SEO plugin v26.0 - https:\/\/yoast.com\/wordpress\/plugins\/seo\/ -->\n<title>Meetings &amp; Events - Vissai Saigon Hotel<\/title>\n<meta name=\"robots\" content=\"index, follow, max-snippet:-1, max-image-preview:large, max-video-preview:-1\" \/>\n<link rel=\"canonical\" href=\"https:\/\/vissaisaigonhotel.com\/vi\/meetings-events\/\" \/>\n<meta property=\"og:locale\" content=\"vi_VN\" \/>\n<meta property=\"og:type\" content=\"article\" \/>\n<meta property=\"og:title\" content=\"Meetings &amp; Events - Vissai Saigon Hotel\" \/>\n<meta property=\"og:description\" content=\"\u00a0 Wedding Package Say &#8220;I do&#8221; at Vissai Saigon Hotel. A wedding at\u00a0Vissai\u00a0Saigon Hotel is not just exchanging vows. It is the grand occasion to share your happiness with your friends and family.\u00a0 Package price starts from only VND 3,999,000 ++\/table MORE INFORMATION Meeting and Event Packages Our function rooms can be used as one ... [Read more...]\" \/>\n<meta property=\"og:url\" content=\"https:\/\/vissaisaigonhotel.com\/vi\/meetings-events\/\" \/>\n<meta property=\"og:site_name\" content=\"Vissai Saigon Hotel\" \/>\n<meta property=\"article:publisher\" content=\"https:\/\/www.facebook.com\/VissaiSaigonHotelOfficial\" \/>\n<meta property=\"article:modified_time\" content=\"2025-10-05T04:27:21+00:00\" \/>\n<meta property=\"og:image\" content=\"https:\/\/vissaisaigonhotel.com\/wp-content\/uploads\/2025\/09\/wed1.jpg\" \/>\n\t<meta property=\"og:image:width\" content=\"584\" \/>\n\t<meta property=\"og:image:height\" content=\"353\" \/>\n\t<meta property=\"og:image:type\" content=\"image\/jpeg\" \/>\n<meta name=\"twitter:card\" content=\"summary_large_image\" \/>\n<meta name=\"twitter:label1\" content=\"\u01af\u1edbc t\u00ednh th\u1eddi gian \u0111\u1ecdc\" \/>\n\t<meta name=\"twitter:data1\" content=\"1 ph\u00fat\" \/>\n<script type=\"application\/ld+json\" class=\"yoast-schema-graph\">{\"@context\":\"https:\/\/schema.org\",\"@graph\":[{\"@type\":\"WebPage\",\"@id\":\"https:\/\/vissaisaigonhotel.com\/meetings-events\/\",\"url\":\"https:\/\/vissaisaigonhotel.com\/meetings-events\/\",\"name\":\"Meetings & Events - Vissai Saigon Hotel\",\"isPartOf\":{\"@id\":\"https:\/\/vissaisaigonhotel.com\/vi\/#website\"},\"primaryImageOfPage\":{\"@id\":\"https:\/\/vissaisaigonhotel.com\/meetings-events\/#primaryimage\"},\"image\":{\"@id\":\"https:\/\/vissaisaigonhotel.com\/meetings-events\/#primaryimage\"},\"thumbnailUrl\":\"https:\/\/vissaisaigonhotel.com\/wp-content\/uploads\/2025\/09\/wed1-300x181.jpg\",\"datePublished\":\"2025-09-25T13:14:07+00:00\",\"dateModified\":\"2025-10-05T04:27:21+00:00\",\"breadcrumb\":{\"@id\":\"https:\/\/vissaisaigonhotel.com\/meetings-events\/#breadcrumb\"},\"inLanguage\":\"vi\",\"potentialAction\":[{\"@type\":\"ReadAction\",\"target\":[\"https:\/\/vissaisaigonhotel.com\/meetings-events\/\"]}]},{\"@type\":\"ImageObject\",\"inLanguage\":\"vi\",\"@id\":\"https:\/\/vissaisaigonhotel.com\/meetings-events\/#primaryimage\",\"url\":\"https:\/\/vissaisaigonhotel.com\/wp-content\/uploads\/2025\/09\/wed1-300x181.jpg\",\"contentUrl\":\"https:\/\/vissaisaigonhotel.com\/wp-content\/uploads\/2025\/09\/wed1-300x181.jpg\"},{\"@type\":\"BreadcrumbList\",\"@id\":\"https:\/\/vissaisaigonhotel.com\/meetings-events\/#breadcrumb\",\"itemListElement\":[{\"@type\":\"ListItem\",\"position\":1,\"name\":\"Home\",\"item\":\"https:\/\/vissaisaigonhotel.com\/\"},{\"@type\":\"ListItem\",\"position\":2,\"name\":\"Meetings &#038; Events\"}]},{\"@type\":\"WebSite\",\"@id\":\"https:\/\/vissaisaigonhotel.com\/vi\/#website\",\"url\":\"https:\/\/vissaisaigonhotel.com\/vi\/\",\"name\":\"Vissai Saigon Hotel\",\"description\":\"\",\"publisher\":{\"@id\":\"https:\/\/vissaisaigonhotel.com\/vi\/#organization\"},\"potentialAction\":[{\"@type\":\"SearchAction\",\"target\":{\"@type\":\"EntryPoint\",\"urlTemplate\":\"https:\/\/vissaisaigonhotel.com\/vi\/?s={search_term_string}\"},\"query-input\":{\"@type\":\"PropertyValueSpecification\",\"valueRequired\":true,\"valueName\":\"search_term_string\"}}],\"inLanguage\":\"vi\"},{\"@type\":\"Organization\",\"@id\":\"https:\/\/vissaisaigonhotel.com\/vi\/#organization\",\"name\":\"Vissai Saigon Hotel\",\"url\":\"https:\/\/vissaisaigonhotel.com\/vi\/\",\"logo\":{\"@type\":\"ImageObject\",\"inLanguage\":\"vi\",\"@id\":\"https:\/\/vissaisaigonhotel.com\/vi\/#\/schema\/logo\/image\/\",\"url\":\"\",\"contentUrl\":\"\",\"caption\":\"Vissai Saigon Hotel\"},\"image\":{\"@id\":\"https:\/\/vissaisaigonhotel.com\/vi\/#\/schema\/logo\/image\/\"},\"sameAs\":[\"https:\/\/www.facebook.com\/VissaiSaigonHotelOfficial\"]}]}<\/script>\n<!-- \/ Yoast SEO plugin. -->","yoast_head_json":{"title":"Meetings & Events - Vissai Saigon Hotel","robots":{"index":"index","follow":"follow","max-snippet":"max-snippet:-1","max-image-preview":"max-image-preview:large","max-video-preview":"max-video-preview:-1"},"canonical":"https:\/\/vissaisaigonhotel.com\/vi\/meetings-events\/","og_locale":"vi_VN","og_type":"article","og_title":"Meetings & Events - Vissai Saigon Hotel","og_description":"\u00a0 Wedding Package Say &#8220;I do&#8221; at Vissai Saigon Hotel. A wedding at\u00a0Vissai\u00a0Saigon Hotel is not just exchanging vows. It is the grand occasion to share your happiness with your friends and family.\u00a0 Package price starts from only VND 3,999,000 ++\/table MORE INFORMATION Meeting and Event Packages Our function rooms can be used as one ... [Read more...]","og_url":"https:\/\/vissaisaigonhotel.com\/vi\/meetings-events\/","og_site_name":"Vissai Saigon Hotel","article_publisher":"https:\/\/www.facebook.com\/VissaiSaigonHotelOfficial","article_modified_time":"2025-10-05T04:27:21+00:00","og_image":[{"width":584,"height":353,"url":"https:\/\/vissaisaigonhotel.com\/wp-content\/uploads\/2025\/09\/wed1.jpg","type":"image\/jpeg"}],"twitter_card":"summary_large_image","twitter_misc":{"\u01af\u1edbc t\u00ednh th\u1eddi gian \u0111\u1ecdc":"1 ph\u00fat"},"schema":{"@context":"https:\/\/schema.org","@graph":[{"@type":"WebPage","@id":"https:\/\/vissaisaigonhotel.com\/meetings-events\/","url":"https:\/\/vissaisaigonhotel.com\/meetings-events\/","name":"Meetings & Events - Vissai Saigon Hotel","isPartOf":{"@id":"https:\/\/vissaisaigonhotel.com\/vi\/#website"},"primaryImageOfPage":{"@id":"https:\/\/vissaisaigonhotel.com\/meetings-events\/#primaryimage"},"image":{"@id":"https:\/\/vissaisaigonhotel.com\/meetings-events\/#primaryimage"},"thumbnailUrl":"https:\/\/vissaisaigonhotel.com\/wp-content\/uploads\/2025\/09\/wed1-300x181.jpg","datePublished":"2025-09-25T13:14:07+00:00","dateModified":"2025-10-05T04:27:21+00:00","breadcrumb":{"@id":"https:\/\/vissaisaigonhotel.com\/meetings-events\/#breadcrumb"},"inLanguage":"vi","potentialAction":[{"@type":"ReadAction","target":["https:\/\/vissaisaigonhotel.com\/meetings-events\/"]}]},{"@type":"ImageObject","inLanguage":"vi","@id":"https:\/\/vissaisaigonhotel.com\/meetings-events\/#primaryimage","url":"https:\/\/vissaisaigonhotel.com\/wp-content\/uploads\/2025\/09\/wed1-300x181.jpg","contentUrl":"https:\/\/vissaisaigonhotel.com\/wp-content\/uploads\/2025\/09\/wed1-300x181.jpg"},{"@type":"BreadcrumbList","@id":"https:\/\/vissaisaigonhotel.com\/meetings-events\/#breadcrumb","itemListElement":[{"@type":"ListItem","position":1,"name":"Home","item":"https:\/\/vissaisaigonhotel.com\/"},{"@type":"ListItem","position":2,"name":"Meetings &#038; Events"}]},{"@type":"WebSite","@id":"https:\/\/vissaisaigonhotel.com\/vi\/#website","url":"https:\/\/vissaisaigonhotel.com\/vi\/","name":"KH\u00c1CH S\u1ea0N VISSAI SAIGON","description":"","publisher":{"@id":"https:\/\/vissaisaigonhotel.com\/vi\/#organization"},"potentialAction":[{"@type":"SearchAction","target":{"@type":"EntryPoint","urlTemplate":"https:\/\/vissaisaigonhotel.com\/vi\/?s={search_term_string}"},"query-input":{"@type":"PropertyValueSpecification","valueRequired":true,"valueName":"search_term_string"}}],"inLanguage":"vi"},{"@type":"Organization","@id":"https:\/\/vissaisaigonhotel.com\/vi\/#organization","name":"KH\u00c1CH S\u1ea0N VISSAI SAIGON","url":"https:\/\/vissaisaigonhotel.com\/vi\/","logo":{"@type":"ImageObject","inLanguage":"vi","@id":"https:\/\/vissaisaigonhotel.com\/vi\/#\/schema\/logo\/image\/","url":"","contentUrl":"","caption":"Vissai Saigon Hotel"},"image":{"@id":"https:\/\/vissaisaigonhotel.com\/vi\/#\/schema\/logo\/image\/"},"sameAs":["https:\/\/www.facebook.com\/VissaiSaigonHotelOfficial"]}]}},"tpgb_featured_images":null,"tpgb_post_meta_info":{"get_date":"Th\u00e1ng 9 25, 2025","get_modified_date":"Th\u00e1ng 10 5, 2025","author_name":"nginx","author_url":"https:\/\/vissaisaigonhotel.com\/vi\/author\/nginx\/","author_email":"itm@vissaisaigonhotel.vn","author_website":"https:\/\/vissaisaigonhotel.com","author_description":"","author_facebook":"","author_twitter":"","author_instagram":"","author_role":["administrator"],"author_firstname":"","author_lastname":"","user_login":"nginx","author_avatar":"<img alt='' src='https:\/\/secure.gravatar.com\/avatar\/49346ba064c81cc56629ea852e95f685b1bdf0aa36162bd5b4d8495bf0df34d1?s=200&#038;d=mm&#038;r=g' srcset='https:\/\/secure.gravatar.com\/avatar\/49346ba064c81cc56629ea852e95f685b1bdf0aa36162bd5b4d8495bf0df34d1?s=400&#038;d=mm&#038;r=g 2x' class='avatar avatar-200 photo' height='200' width='200' decoding='async'itemprop=\"image\" \/>","author_avatar_url":"https:\/\/secure.gravatar.com\/avatar\/49346ba064c81cc56629ea852e95f685b1bdf0aa36162bd5b4d8495bf0df34d1?s=96&d=mm&r=g","comment_count":0,"post_likes":0,"post_views":0},"tpgb_post_category":[],"_links":{"self":[{"href":"https:\/\/vissaisaigonhotel.com\/vi\/wp-json\/wp\/v2\/pages\/124","targetHints":{"allow":["GET"]}}],"collection":[{"href":"https:\/\/vissaisaigonhotel.com\/vi\/wp-json\/wp\/v2\/pages"}],"about":[{"href":"https:\/\/vissaisaigonhotel.com\/vi\/wp-json\/wp\/v2\/types\/page"}],"author":[{"embeddable":true,"href":"https:\/\/vissaisaigonhotel.com\/vi\/wp-json\/wp\/v2\/users\/1"}],"replies":[{"embeddable":true,"href":"https:\/\/vissaisaigonhotel.com\/vi\/wp-json\/wp\/v2\/comments?post=124"}],"version-history":[{"count":38,"href":"https:\/\/vissaisaigonhotel.com\/vi\/wp-json\/wp\/v2\/pages\/124\/revisions"}],"predecessor-version":[{"id":2492,"href":"https:\/\/vissaisaigonhotel.com\/vi\/wp-json\/wp\/v2\/pages\/124\/revisions\/2492"}],"wp:attachment":[{"href":"https:\/\/vissaisaigonhotel.com\/vi\/wp-json\/wp\/v2\/media?parent=124"}],"curies":[{"name":"wp","href":"https:\/\/api.w.org\/{rel}","templated":true}]}}