{"id":122,"date":"2025-09-25T10:00:01","date_gmt":"2025-09-25T10:00:01","guid":{"rendered":"https:\/\/vissaisaigonhotel.com\/?page_id=122"},"modified":"2025-09-26T15:13:15","modified_gmt":"2025-09-26T15:13:15","slug":"restaurants-bars","status":"publish","type":"page","link":"https:\/\/vissaisaigonhotel.com\/vi\/restaurants-bars\/","title":{"rendered":"Nh\u00e0 h\u00e0ng &amp; Bar"},"content":{"rendered":"<div data-elementor-type=\"wp-post\" data-elementor-id=\"122\" class=\"elementor elementor-122\">\n\t\t\t\t<div class=\"elementor-element elementor-element-a8807b4 e-grid e-con-full e-con e-parent\" data-id=\"a8807b4\" data-element_type=\"container\" data-e-type=\"container\">\n\t\t\t\t<div class=\"elementor-element elementor-element-e30ddcb elementor-widget elementor-widget-text-editor\" data-id=\"e30ddcb\" data-element_type=\"widget\" data-e-type=\"widget\" data-widget_type=\"text-editor.default\">\n\t\t\t\t\t\t\t\t\t<p><a class=\"more\" style=\"color: #62361e; text-decoration-line: none; font-family: 'CompatilTextLTW01-Regul 721743', Cambria, Georgia, serif; font-size: 1.25em; text-transform: uppercase; letter-spacing: 0.02em; line-height: 1.2; display: block; background-color: #ffffff;\" href=\"https:\/\/vissaisaigonhotel.com\/vi\/?page_id=789\"><img fetchpriority=\"high\" decoding=\"async\" class=\"alignleft\" style=\"border-width: 0px; border-style: initial; width: 484px;\" title=\"\" src=\"https:\/\/vissaisaigonhotel.vn\/stmresource\/service\/vissaisaigon_20141015183449.jpg\" alt=\"\" width=\"484\" height=\"235\" \/><\/a><\/p><h2 style=\"color: #817b74; margin-top: 0.5em; font-family: Arial, 'Helvetica Neue', Helvetica, sans-serif; background-color: #ffffff;\">D\u1ecbch V\u1ee5 T\u1ea7ng Executive<\/h2><div class=\"m-text\" style=\"color: #817b74; font-family: Arial, 'Helvetica Neue', Helvetica, sans-serif; background-color: #ffffff;\"><p style=\"font-size: 0.75em; line-height: 1.5; margin-bottom: 1em;\">V\u1ecb tr\u00ed t\u1ea1i t\u1ea7ng cao nh\u1ea5t c\u1ee7a kh\u00e1ch s\u1ea1n, gi\u00fap kh\u00e1ch v\u1eeba t\u1eadn h\u01b0\u1edfng th\u1ee9c \u0103n v\u00e0 gi\u1ea3i tr\u00ed v\u1eeba ng\u1eafm c\u1ea3nh quan th\u00e0nh ph\u1ed1 t\u1eeb tr\u00ean cao. Ph\u1ee5c v\u1ee5 cho kh\u00e1ch \u1edf t\u1ea7ng Executive\u00a0\u00a0<\/p><\/div><div class=\"buttons\" style=\"color: #817b74; font-family: Arial, 'Helvetica Neue', Helvetica, sans-serif; background-color: #ffffff;\"><p class=\"right\" style=\"font-size: 0.75em; line-height: 1.5; float: right;\"><a class=\"more\" style=\"color: #62361e; font-family: 'CompatilTextLTW01-Regul 721743', Cambria, Georgia, serif; font-size: 1.25em; text-transform: uppercase; letter-spacing: 0.02em; line-height: 1.2; display: block;\" href=\"https:\/\/vissaisaigonhotel.com\/vi\/?page_id=789\"><span style=\"text-decoration: underline;\">Xem chi ti\u1ebft<\/span><\/a><\/p><\/div>\t\t\t\t\t\t\t\t<\/div>\n\t\t\t\t<div class=\"elementor-element elementor-element-95247db elementor-widget elementor-widget-text-editor\" data-id=\"95247db\" data-element_type=\"widget\" data-e-type=\"widget\" data-widget_type=\"text-editor.default\">\n\t\t\t\t\t\t\t\t\t<div class=\"m-text\" style=\"color: #817b74; font-family: Arial, 'Helvetica Neue', Helvetica, sans-serif; background-color: #ffffff;\"><p style=\"font-size: 0.75em; line-height: 1.5; margin-bottom: 1em;\"><span style=\"color: #594c45; font-family: Arial, Helvetica, sans-serif; font-size: medium; font-variant-numeric: normal; font-variant-east-asian: normal; font-variant-alternates: normal; font-variant-position: normal; font-variant-emoji: normal; line-height: normal; text-align: justify; background-color: #fbfbf6;\"><a class=\"more\" style=\"color: #62361e; outline-style: initial; outline-width: 0px; font-family: 'CompatilTextLTW01-Regul 721743', Cambria, Georgia, serif; font-size: 1.25em; text-transform: uppercase; letter-spacing: 0.02em; line-height: 1.2; display: block; text-align: left; background-color: #ffffff;\" href=\"https:\/\/vissaisaigonhotel.com\/vi\/?page_id=801\"><img decoding=\"async\" class=\"alignleft\" style=\"border-width: 0px; border-style: initial; width: 484px;\" title=\"\" src=\"https:\/\/vissaisaigonhotel.vn\/stmresource\/service\/vissaisaigon_20141020150707.jpg\" alt=\"\" width=\"484\" height=\"235\" \/><\/a><\/span><\/p><h2 style=\"margin-top: 0.5em;\">D\u1ecbch V\u1ee5 T\u1ea1i Ph\u00f2ng<\/h2><p style=\"font-size: 0.75em; line-height: 1.5; margin-bottom: 1em;\">Ch\u00fang t\u00f4i lu\u00f4n s\u1eb5n s\u00e0ng ph\u1ee5c v\u1ee5 nh\u1eefng b\u1eefa \u0103n t\u1ea1i ph\u00f2ng, t\u1eeb th\u1ef1c \u0111\u01a1n \u0103n nhanh cho c\u00e1c nh\u00e0 doanh nghi\u1ec7p b\u00e2n r\u00f4n \u0111\u1ebfn b\u1eefa t\u1ed1i l\u00e3ng m\u1ea1ng ri\u00eang t\u01b0 cho c\u00e1c c\u1eb7p \u0111\u00f4i.<\/p><\/div><div class=\"buttons\" style=\"color: #817b74; font-family: Arial, 'Helvetica Neue', Helvetica, sans-serif; background-color: #ffffff;\"><p class=\"right\" style=\"font-size: 0.75em; line-height: 1.5; float: right;\"><a class=\"more\" style=\"color: #62361e; font-family: 'CompatilTextLTW01-Regul 721743', Cambria, Georgia, serif; font-size: 1.25em; text-transform: uppercase; letter-spacing: 0.02em; line-height: 1.2; display: block;\" href=\"https:\/\/vissaisaigonhotel.com\/vi\/?page_id=801\"><span style=\"text-decoration: underline;\">Xem chi ti\u1ebft<\/span><\/a><\/p><\/div>\t\t\t\t\t\t\t\t<\/div>\n\t\t\t\t<div class=\"elementor-element elementor-element-e67ed52 elementor-widget elementor-widget-text-editor\" data-id=\"e67ed52\" data-element_type=\"widget\" data-e-type=\"widget\" data-widget_type=\"text-editor.default\">\n\t\t\t\t\t\t\t\t\t<div class=\"m-text\" style=\"color: #817b74; font-family: Arial, 'Helvetica Neue', Helvetica, sans-serif; background-color: #ffffff;\"><p style=\"font-size: 0.75em; line-height: 1.5; margin-bottom: 1em;\"><span style=\"color: #594c45; font-family: Arial, Helvetica, sans-serif; font-size: medium; font-variant-numeric: normal; font-variant-east-asian: normal; font-variant-alternates: normal; font-variant-position: normal; font-variant-emoji: normal; line-height: normal; text-align: justify; background-color: #fbfbf6;\"><a class=\"more\" style=\"color: #62361e; text-decoration-line: none; font-family: 'CompatilTextLTW01-Regul 721743', Cambria, Georgia, serif; font-size: 1.25em; text-transform: uppercase; letter-spacing: 0.02em; line-height: 1.2; display: block; text-align: left; background-color: #ffffff;\" href=\"https:\/\/vissaisaigonhotel.com\/vi\/?page_id=807\" data-wplink-edit=\"true\"><img decoding=\"async\" class=\"alignleft\" style=\"border-width: 0px; border-style: initial; width: 487px;\" title=\"\" src=\"https:\/\/vissaisaigonhotel.vn\/stmresource\/service\/vissaisaigon_20141020144515.jpg\" alt=\"\" width=\"484\" height=\"324\" \/><\/a><\/span><\/p><h2 style=\"margin-top: 0.5em;\">Pool Bar<\/h2><p style=\"font-size: 0.75em; line-height: 1.5; margin-bottom: 1em;\"><span style=\"color: #594c45; font-family: Arial, Helvetica, sans-serif; font-size: medium; font-variant-numeric: normal; font-variant-east-asian: normal; font-variant-alternates: normal; font-variant-position: normal; font-variant-emoji: normal; line-height: normal; text-align: justify; background-color: #fbfbf6;\">H\u00e3y \u0111\u1ebfn v\u00e0 t\u1eadn h\u01b0\u1edfng nh\u1eefng th\u1ee9c u\u1ed1ng \u0111\u1ed9c \u0111\u00e1o t\u1ea1i Pool Bar. V\u1ecb tr\u00ed thu\u1eadn l\u1ee3i g\u1ea7n ph\u00f2ng t\u1eadp th\u1ec3 h\u00ecnh v\u00e0 spa, ch\u00fang t\u00f4i ph\u1ee5 ph\u1ee5c v\u1ee5 c\u00e1c m\u00f3n \u0103n nh\u1eb9 v\u00e0 cocktail\/mocktail \u0111\u1eb7c bi\u1ec7t.<\/span><\/p><\/div><div class=\"buttons\" style=\"color: #817b74; font-family: Arial, 'Helvetica Neue', Helvetica, sans-serif; background-color: #ffffff;\"><p class=\"right\" style=\"font-size: 0.75em; line-height: 1.5; float: right;\"><a class=\"more\" style=\"color: #62361e; outline-style: initial; outline-width: 0px; font-family: 'CompatilTextLTW01-Regul 721743', Cambria, Georgia, serif; font-size: 1.25em; text-transform: uppercase; letter-spacing: 0.02em; line-height: 1.2; display: block;\" href=\"https:\/\/vissaisaigonhotel.com\/vi\/?page_id=807\">Xem chi ti\u1ebft<\/a><\/p><\/div>\t\t\t\t\t\t\t\t<\/div>\n\t\t\t\t<div class=\"elementor-element elementor-element-b24f490 elementor-widget elementor-widget-text-editor\" data-id=\"b24f490\" data-element_type=\"widget\" data-e-type=\"widget\" data-widget_type=\"text-editor.default\">\n\t\t\t\t\t\t\t\t\t<div style=\"color: #817b74; font-family: Arial, 'Helvetica Neue', Helvetica, sans-serif; background-color: #ffffff;\"><p style=\"font-size: 0.75em; line-height: 1.5; margin-bottom: 1em;\"><span style=\"color: #594c45; font-family: Arial, Helvetica, sans-serif; font-size: medium; font-variant-numeric: normal; font-variant-east-asian: normal; font-variant-alternates: normal; font-variant-position: normal; font-variant-emoji: normal; line-height: normal; text-align: justify; background-color: #fbfbf6;\"><a class=\"more\" style=\"color: #62361e; outline-style: initial; outline-width: 0px; font-family: 'CompatilTextLTW01-Regul 721743', Cambria, Georgia, serif; font-size: 1.25em; text-transform: uppercase; letter-spacing: 0.02em; line-height: 1.2; display: block; text-align: left; background-color: #ffffff;\" href=\"https:\/\/vissaisaigonhotel.com\/vi\/?page_id=814\"><img loading=\"lazy\" decoding=\"async\" class=\"alignleft\" style=\"border-width: 0px; border-style: initial; width: 484px;\" src=\"https:\/\/vissaisaigonhotel.vn\/stmresource\/service\/vissaisaigon_20141020151000.jpg\" alt=\"\" width=\"484\" height=\"235\" \/><\/a><\/span><\/p><h2 style=\"margin-top: 0.5em;\">S\u1ea3nh Piano<\/h2><p style=\"font-size: 0.75em; line-height: 1.5; margin-bottom: 1em;\"><span style=\"color: #594c45; font-family: Arial, Helvetica, sans-serif; font-size: medium; font-variant-numeric: normal; font-variant-east-asian: normal; font-variant-alternates: normal; font-variant-position: normal; font-variant-emoji: normal; line-height: normal; text-align: justify; background-color: #fbfbf6;\">\u0110\u00e2y l\u00e0 \u0111\u1ecba \u0111i\u1ec3m v\u1edbi thi\u1ebft k\u1ebf d\u00e0nh cho nh\u1eefng kh\u00e1ch h\u00e0ng \u0111ang t\u00ecm ki\u1ebfm m\u1ed9t kh\u00f4ng gian th\u01b0 gi\u00e3n v\u1edbi ti\u1ebfng d\u01b0\u01a1ng c\u1ea7m \u00eam di\u1ec7u v\u00e0 du d\u01b0\u01a1ng. B\u00ean c\u1ea1nh \u0111\u00f3 c\u00f3 c\u00e1c lo\u1ea1i th\u1ee9c u\u1ed1ng v\u00e0 th\u1ee9c \u0103n nh\u1eb9 \u0111\u1ec3 kh\u00e1ch h\u00e0ng l\u1ef1a ch\u1ecdn.<\/span><\/p><\/div><div style=\"color: #817b74; font-family: Arial, 'Helvetica Neue', Helvetica, sans-serif; background-color: #ffffff;\"><p style=\"font-size: 0.75em; line-height: 1.5; float: right;\"><a style=\"color: #62361e; outline-style: initial; outline-width: 0px; font-family: 'CompatilTextLTW01-Regul 721743', Cambria, Georgia, serif; font-size: 1.25em; text-transform: uppercase; letter-spacing: 0.02em; line-height: 1.2; display: block;\" href=\"https:\/\/vissaisaigonhotel.com\/vi\/?page_id=814\">Xem chi ti\u1ebft<\/a><\/p><\/div>\t\t\t\t\t\t\t\t<\/div>\n\t\t\t\t<div class=\"elementor-element elementor-element-e0fe191 elementor-widget elementor-widget-text-editor\" data-id=\"e0fe191\" data-element_type=\"widget\" data-e-type=\"widget\" data-widget_type=\"text-editor.default\">\n\t\t\t\t\t\t\t\t\t<p><a class=\"more\" style=\"color: #62361e; outline-style: initial; outline-width: 0px; font-family: 'CompatilTextLTW01-Regul 721743', Cambria, Georgia, serif; font-size: 1.25em; text-transform: uppercase; letter-spacing: 0.02em; line-height: 1.2; display: block;\" href=\"https:\/\/vissaisaigonhotel.com\/vi\/?page_id=825\"><img loading=\"lazy\" decoding=\"async\" class=\"alignleft\" style=\"border-width: 0px; border-style: initial; width: 483.998px;\" title=\"\" src=\"https:\/\/vissaisaigonhotel.vn\/stmresource\/service\/vissaisaigon_20141020151649.jpg\" alt=\"\" width=\"484\" height=\"235\" \/><\/a><\/p><h2 style=\"color: #817b74; margin-top: 0.5em; font-family: Arial, 'Helvetica Neue', Helvetica, sans-serif;\">Vino Veritas &#8211; Wine Cellar<\/h2><div class=\"m-text\" style=\"color: #817b74; font-family: Arial, 'Helvetica Neue', Helvetica, sans-serif;\"><div class=\"m-text\"><p style=\"font-size: 0.75em; line-height: 1.5; margin-bottom: 1em;\">T\u1ea1i \u0111\u00e2y, Qu\u00ed kh\u00e1ch s\u1ebd \u0111\u01b0\u1ee3c l\u1ef1a ch\u1ecdn \u0111a d\u1ea1ng v\u00e0 phong ph\u00fa c\u00e1c lo\u1ea1i r\u01b0\u1ee3u nh\u1eadp kh\u1ea9u t\u1eeb nh\u1eefng v\u00f9ng s\u1ea3n xu\u1ea5t r\u01b0\u1ee3u vang danh ti\u1ebfn tr\u00ean th\u1ebf gi\u1edbi \u0111\u1ed3ng th\u1eddi th\u1ecfa m\u00e3n ni\u1ec1m \u0111am m\u00ea v\u1edbi nh\u1eefng ly r\u01b0\u1ee3u mang phong c\u00e1ch h\u1ebft s\u1ee9c \u0111\u1ed9c \u0111\u00e1o. B\u00ean c\u1ea1nh \u0111\u00f3, nh\u1eefng \u0111i\u1ebfu x\u00ec g\u00e0 \u0111\u01b0\u1ee3c b\u1ea3o qu\u1ea3n ho\u00e0n h\u1ecfa s\u1ebd l\u00e0m t\u0103ng th\u00eam m\u1ee9c \u0111\u1ed9 th\u1ecfa m\u00e3 c\u0169ng nh\u01b0 ni\u1ec1m \u0111am m\u00ea cao c\u1ea5p c\u1ee7a qu\u00ed kh\u00e1ch.<\/p><\/div><div class=\"buttons\"><p class=\"right\" style=\"font-size: 0.75em; line-height: 1.5; float: right;\"><a class=\"more\" style=\"color: #62361e; outline-style: initial; outline-width: 0px; font-family: 'CompatilTextLTW01-Regul 721743', Cambria, Georgia, serif; font-size: 1.25em; text-transform: uppercase; letter-spacing: 0.02em; line-height: 1.2; display: block;\" href=\"https:\/\/vissaisaigonhotel.com\/vi\/?page_id=825\">Xem chi ti\u1ebft<\/a><\/p><\/div><div class=\"buttons\">\u00a0<\/div><\/div>\t\t\t\t\t\t\t\t<\/div>\n\t\t\t\t<div class=\"elementor-element elementor-element-ab46583 elementor-widget elementor-widget-text-editor\" data-id=\"ab46583\" data-element_type=\"widget\" data-e-type=\"widget\" data-widget_type=\"text-editor.default\">\n\t\t\t\t\t\t\t\t\t<p><a href=\"https:\/\/vissaisaigonhotel.com\/vi\/?page_id=835\"><img loading=\"lazy\" decoding=\"async\" class=\"alignleft\" src=\"https:\/\/vissaisaigonhotel.vn\/stmresource\/service\/vissaisaigon_20141020151330.jpg\" width=\"482\" height=\"321\" \/><\/a><\/p><h2>LaMezzanine &#8211; All Day Dining<\/h2><div class=\"m-text\" style=\"color: #817b74; font-family: Arial, 'Helvetica Neue', Helvetica, sans-serif;\"><div class=\"m-text\"><p style=\"font-size: 0.75em; line-height: 1.5; margin-bottom: 1em;\">Nh\u00e0 h\u00e0ng La Mezzanine n\u01a1i giao thoa c\u1ee7a \u1ea9m th\u1ef1c gi\u1eefa Ph\u01b0\u01a1ng \u0111\u00f4ng v\u00e0 ph\u01b0\u01a1ng t\u00e2y mang l\u1ea1i cho qu\u00ed kh\u00e1ch kh\u00f4ng nh\u1eefng c\u00e1c m\u00f3n \u0103n truy\u1ec1n th\u1ed1ng c\u1ee7a Vi\u1ec7t Nam m\u00e0 c\u00e1c m\u00f3n \u0103n qu\u1ed1c t\u1ebf. S\u1ea3nh nh\u00e0 h\u00e0ng c\u00f3 khu v\u1ef1c ri\u00eang bi\u1ec7t v\u1edbi nh\u1eefng \u00fd t\u01b0\u1edfng mang \u0111\u1ebfn kh\u00f4ng gian ri\u00eang t\u01b0 d\u00e0nh cho c\u00e1c bu\u1ed5i g\u1eb7p g\u1ee1 th\u00e2n m\u1eadt.<\/p><\/div><div class=\"buttons\"><p class=\"right\" style=\"font-size: 0.75em; line-height: 1.5; float: right;\"><a class=\"more\" style=\"color: #62361e; outline-style: initial; outline-width: 0px; font-family: 'CompatilTextLTW01-Regul 721743', Cambria, Georgia, serif; font-size: 1.25em; text-transform: uppercase; letter-spacing: 0.02em; line-height: 1.2; display: block;\" href=\"https:\/\/vissaisaigonhotel.com\/vi\/?page_id=835\">Xem chi ti\u1ebft<\/a><\/p><\/div><div class=\"buttons\">\u00a0<\/div><\/div>\t\t\t\t\t\t\t\t<\/div>\n\t\t\t\t<\/div>\n\t\t\t\t<\/div>","protected":false},"excerpt":{"rendered":"<p>Executive Club Lounge The Executive Club Lounge offers \u201cat your service attitude\u201d for the discerning traveler. Located on the top floor of the hotel, enjoying the views of Ho Chi Minh City whilst our staff cater to your business or leisure needs.\u00a0\u00a0 MORE INFORMATION In-Room Dining From one dish menu for busy business travelers to &#8230; <span class=\"more\"><a class=\"more-link\" href=\"https:\/\/vissaisaigonhotel.com\/vi\/restaurants-bars\/\">[Read more&#8230;]<\/a><\/span><\/p>\n","protected":false},"author":1,"featured_media":0,"parent":0,"menu_order":3,"comment_status":"closed","ping_status":"closed","template":"elementor_header_footer","meta":{"tpgb_global_settings":"","footnotes":""},"class_list":["entry","page","publish","author-nginx","post-122"],"yoast_head":"<!-- This site is optimized with the Yoast SEO plugin v26.0 - https:\/\/yoast.com\/wordpress\/plugins\/seo\/ -->\n<title>Restaurants &amp; Bars - Vissai Saigon Hotel<\/title>\n<meta name=\"robots\" content=\"index, follow, max-snippet:-1, max-image-preview:large, max-video-preview:-1\" \/>\n<link rel=\"canonical\" href=\"https:\/\/vissaisaigonhotel.com\/vi\/restaurants-bars\/\" \/>\n<meta property=\"og:locale\" content=\"vi_VN\" \/>\n<meta property=\"og:type\" content=\"article\" \/>\n<meta property=\"og:title\" content=\"Restaurants &amp; Bars - Vissai Saigon Hotel\" \/>\n<meta property=\"og:description\" content=\"Executive Club Lounge The Executive Club Lounge offers \u201cat your service attitude\u201d for the discerning traveler. Located on the top floor of the hotel, enjoying the views of Ho Chi Minh City whilst our staff cater to your business or leisure needs.\u00a0\u00a0 MORE INFORMATION In-Room Dining From one dish menu for busy business travelers to ... [Read more...]\" \/>\n<meta property=\"og:url\" content=\"https:\/\/vissaisaigonhotel.com\/vi\/restaurants-bars\/\" \/>\n<meta property=\"og:site_name\" content=\"Vissai Saigon Hotel\" \/>\n<meta property=\"article:publisher\" content=\"https:\/\/www.facebook.com\/VissaiSaigonHotelOfficial\" \/>\n<meta property=\"article:modified_time\" content=\"2025-09-26T15:13:15+00:00\" \/>\n<meta property=\"og:image\" content=\"https:\/\/vissaisaigonhotel.vn\/stmresource\/service\/vissaisaigon_20141015183449.jpg\" \/>\n<meta name=\"twitter:card\" content=\"summary_large_image\" \/>\n<meta name=\"twitter:label1\" content=\"\u01af\u1edbc t\u00ednh th\u1eddi gian \u0111\u1ecdc\" \/>\n\t<meta name=\"twitter:data1\" content=\"1 ph\u00fat\" \/>\n<script type=\"application\/ld+json\" class=\"yoast-schema-graph\">{\"@context\":\"https:\/\/schema.org\",\"@graph\":[{\"@type\":\"WebPage\",\"@id\":\"https:\/\/vissaisaigonhotel.com\/restaurants-bars\/\",\"url\":\"https:\/\/vissaisaigonhotel.com\/restaurants-bars\/\",\"name\":\"Restaurants & Bars - Vissai Saigon Hotel\",\"isPartOf\":{\"@id\":\"https:\/\/vissaisaigonhotel.com\/vi\/#website\"},\"primaryImageOfPage\":{\"@id\":\"https:\/\/vissaisaigonhotel.com\/restaurants-bars\/#primaryimage\"},\"image\":{\"@id\":\"https:\/\/vissaisaigonhotel.com\/restaurants-bars\/#primaryimage\"},\"thumbnailUrl\":\"https:\/\/vissaisaigonhotel.vn\/stmresource\/service\/vissaisaigon_20141015183449.jpg\",\"datePublished\":\"2025-09-25T10:00:01+00:00\",\"dateModified\":\"2025-09-26T15:13:15+00:00\",\"breadcrumb\":{\"@id\":\"https:\/\/vissaisaigonhotel.com\/restaurants-bars\/#breadcrumb\"},\"inLanguage\":\"vi\",\"potentialAction\":[{\"@type\":\"ReadAction\",\"target\":[\"https:\/\/vissaisaigonhotel.com\/restaurants-bars\/\"]}]},{\"@type\":\"ImageObject\",\"inLanguage\":\"vi\",\"@id\":\"https:\/\/vissaisaigonhotel.com\/restaurants-bars\/#primaryimage\",\"url\":\"https:\/\/vissaisaigonhotel.vn\/stmresource\/service\/vissaisaigon_20141015183449.jpg\",\"contentUrl\":\"https:\/\/vissaisaigonhotel.vn\/stmresource\/service\/vissaisaigon_20141015183449.jpg\"},{\"@type\":\"BreadcrumbList\",\"@id\":\"https:\/\/vissaisaigonhotel.com\/restaurants-bars\/#breadcrumb\",\"itemListElement\":[{\"@type\":\"ListItem\",\"position\":1,\"name\":\"Home\",\"item\":\"https:\/\/vissaisaigonhotel.com\/\"},{\"@type\":\"ListItem\",\"position\":2,\"name\":\"Restaurants &#038; Bars\"}]},{\"@type\":\"WebSite\",\"@id\":\"https:\/\/vissaisaigonhotel.com\/vi\/#website\",\"url\":\"https:\/\/vissaisaigonhotel.com\/vi\/\",\"name\":\"Vissai Saigon Hotel\",\"description\":\"\",\"publisher\":{\"@id\":\"https:\/\/vissaisaigonhotel.com\/vi\/#organization\"},\"potentialAction\":[{\"@type\":\"SearchAction\",\"target\":{\"@type\":\"EntryPoint\",\"urlTemplate\":\"https:\/\/vissaisaigonhotel.com\/vi\/?s={search_term_string}\"},\"query-input\":{\"@type\":\"PropertyValueSpecification\",\"valueRequired\":true,\"valueName\":\"search_term_string\"}}],\"inLanguage\":\"vi\"},{\"@type\":\"Organization\",\"@id\":\"https:\/\/vissaisaigonhotel.com\/vi\/#organization\",\"name\":\"Vissai Saigon Hotel\",\"url\":\"https:\/\/vissaisaigonhotel.com\/vi\/\",\"logo\":{\"@type\":\"ImageObject\",\"inLanguage\":\"vi\",\"@id\":\"https:\/\/vissaisaigonhotel.com\/vi\/#\/schema\/logo\/image\/\",\"url\":\"\",\"contentUrl\":\"\",\"caption\":\"Vissai Saigon Hotel\"},\"image\":{\"@id\":\"https:\/\/vissaisaigonhotel.com\/vi\/#\/schema\/logo\/image\/\"},\"sameAs\":[\"https:\/\/www.facebook.com\/VissaiSaigonHotelOfficial\"]}]}<\/script>\n<!-- \/ Yoast SEO plugin. -->","yoast_head_json":{"title":"Restaurants & Bars - Vissai Saigon Hotel","robots":{"index":"index","follow":"follow","max-snippet":"max-snippet:-1","max-image-preview":"max-image-preview:large","max-video-preview":"max-video-preview:-1"},"canonical":"https:\/\/vissaisaigonhotel.com\/vi\/restaurants-bars\/","og_locale":"vi_VN","og_type":"article","og_title":"Restaurants & Bars - Vissai Saigon Hotel","og_description":"Executive Club Lounge The Executive Club Lounge offers \u201cat your service attitude\u201d for the discerning traveler. Located on the top floor of the hotel, enjoying the views of Ho Chi Minh City whilst our staff cater to your business or leisure needs.\u00a0\u00a0 MORE INFORMATION In-Room Dining From one dish menu for busy business travelers to ... [Read more...]","og_url":"https:\/\/vissaisaigonhotel.com\/vi\/restaurants-bars\/","og_site_name":"Vissai Saigon Hotel","article_publisher":"https:\/\/www.facebook.com\/VissaiSaigonHotelOfficial","article_modified_time":"2025-09-26T15:13:15+00:00","og_image":[{"url":"https:\/\/vissaisaigonhotel.vn\/stmresource\/service\/vissaisaigon_20141015183449.jpg","type":"","width":"","height":""}],"twitter_card":"summary_large_image","twitter_misc":{"\u01af\u1edbc t\u00ednh th\u1eddi gian \u0111\u1ecdc":"1 ph\u00fat"},"schema":{"@context":"https:\/\/schema.org","@graph":[{"@type":"WebPage","@id":"https:\/\/vissaisaigonhotel.com\/restaurants-bars\/","url":"https:\/\/vissaisaigonhotel.com\/restaurants-bars\/","name":"Restaurants & Bars - Vissai Saigon Hotel","isPartOf":{"@id":"https:\/\/vissaisaigonhotel.com\/vi\/#website"},"primaryImageOfPage":{"@id":"https:\/\/vissaisaigonhotel.com\/restaurants-bars\/#primaryimage"},"image":{"@id":"https:\/\/vissaisaigonhotel.com\/restaurants-bars\/#primaryimage"},"thumbnailUrl":"https:\/\/vissaisaigonhotel.vn\/stmresource\/service\/vissaisaigon_20141015183449.jpg","datePublished":"2025-09-25T10:00:01+00:00","dateModified":"2025-09-26T15:13:15+00:00","breadcrumb":{"@id":"https:\/\/vissaisaigonhotel.com\/restaurants-bars\/#breadcrumb"},"inLanguage":"vi","potentialAction":[{"@type":"ReadAction","target":["https:\/\/vissaisaigonhotel.com\/restaurants-bars\/"]}]},{"@type":"ImageObject","inLanguage":"vi","@id":"https:\/\/vissaisaigonhotel.com\/restaurants-bars\/#primaryimage","url":"https:\/\/vissaisaigonhotel.vn\/stmresource\/service\/vissaisaigon_20141015183449.jpg","contentUrl":"https:\/\/vissaisaigonhotel.vn\/stmresource\/service\/vissaisaigon_20141015183449.jpg"},{"@type":"BreadcrumbList","@id":"https:\/\/vissaisaigonhotel.com\/restaurants-bars\/#breadcrumb","itemListElement":[{"@type":"ListItem","position":1,"name":"Home","item":"https:\/\/vissaisaigonhotel.com\/"},{"@type":"ListItem","position":2,"name":"Restaurants &#038; Bars"}]},{"@type":"WebSite","@id":"https:\/\/vissaisaigonhotel.com\/vi\/#website","url":"https:\/\/vissaisaigonhotel.com\/vi\/","name":"KH\u00c1CH S\u1ea0N VISSAI SAIGON","description":"","publisher":{"@id":"https:\/\/vissaisaigonhotel.com\/vi\/#organization"},"potentialAction":[{"@type":"SearchAction","target":{"@type":"EntryPoint","urlTemplate":"https:\/\/vissaisaigonhotel.com\/vi\/?s={search_term_string}"},"query-input":{"@type":"PropertyValueSpecification","valueRequired":true,"valueName":"search_term_string"}}],"inLanguage":"vi"},{"@type":"Organization","@id":"https:\/\/vissaisaigonhotel.com\/vi\/#organization","name":"KH\u00c1CH S\u1ea0N VISSAI SAIGON","url":"https:\/\/vissaisaigonhotel.com\/vi\/","logo":{"@type":"ImageObject","inLanguage":"vi","@id":"https:\/\/vissaisaigonhotel.com\/vi\/#\/schema\/logo\/image\/","url":"","contentUrl":"","caption":"Vissai Saigon Hotel"},"image":{"@id":"https:\/\/vissaisaigonhotel.com\/vi\/#\/schema\/logo\/image\/"},"sameAs":["https:\/\/www.facebook.com\/VissaiSaigonHotelOfficial"]}]}},"tpgb_featured_images":null,"tpgb_post_meta_info":{"get_date":"Th\u00e1ng 9 25, 2025","get_modified_date":"Th\u00e1ng 9 26, 2025","author_name":"nginx","author_url":"https:\/\/vissaisaigonhotel.com\/vi\/author\/nginx\/","author_email":"itm@vissaisaigonhotel.vn","author_website":"https:\/\/vissaisaigonhotel.com","author_description":"","author_facebook":"","author_twitter":"","author_instagram":"","author_role":["administrator"],"author_firstname":"","author_lastname":"","user_login":"nginx","author_avatar":"<img alt='' src='https:\/\/secure.gravatar.com\/avatar\/49346ba064c81cc56629ea852e95f685b1bdf0aa36162bd5b4d8495bf0df34d1?s=200&#038;d=mm&#038;r=g' srcset='https:\/\/secure.gravatar.com\/avatar\/49346ba064c81cc56629ea852e95f685b1bdf0aa36162bd5b4d8495bf0df34d1?s=400&#038;d=mm&#038;r=g 2x' class='avatar avatar-200 photo' height='200' width='200' decoding='async'itemprop=\"image\" \/>","author_avatar_url":"https:\/\/secure.gravatar.com\/avatar\/49346ba064c81cc56629ea852e95f685b1bdf0aa36162bd5b4d8495bf0df34d1?s=96&d=mm&r=g","comment_count":0,"post_likes":0,"post_views":0},"tpgb_post_category":[],"_links":{"self":[{"href":"https:\/\/vissaisaigonhotel.com\/vi\/wp-json\/wp\/v2\/pages\/122","targetHints":{"allow":["GET"]}}],"collection":[{"href":"https:\/\/vissaisaigonhotel.com\/vi\/wp-json\/wp\/v2\/pages"}],"about":[{"href":"https:\/\/vissaisaigonhotel.com\/vi\/wp-json\/wp\/v2\/types\/page"}],"author":[{"embeddable":true,"href":"https:\/\/vissaisaigonhotel.com\/vi\/wp-json\/wp\/v2\/users\/1"}],"replies":[{"embeddable":true,"href":"https:\/\/vissaisaigonhotel.com\/vi\/wp-json\/wp\/v2\/comments?post=122"}],"version-history":[{"count":84,"href":"https:\/\/vissaisaigonhotel.com\/vi\/wp-json\/wp\/v2\/pages\/122\/revisions"}],"predecessor-version":[{"id":1132,"href":"https:\/\/vissaisaigonhotel.com\/vi\/wp-json\/wp\/v2\/pages\/122\/revisions\/1132"}],"wp:attachment":[{"href":"https:\/\/vissaisaigonhotel.com\/vi\/wp-json\/wp\/v2\/media?parent=122"}],"curies":[{"name":"wp","href":"https:\/\/api.w.org\/{rel}","templated":true}]}}