{"id":1158,"date":"2025-09-26T22:55:38","date_gmt":"2025-09-26T15:55:38","guid":{"rendered":"https:\/\/vissaisaigonhotel.com\/?page_id=1158"},"modified":"2025-09-26T22:57:10","modified_gmt":"2025-09-26T15:57:10","slug":"news","status":"publish","type":"page","link":"https:\/\/vissaisaigonhotel.com\/vi\/news\/","title":{"rendered":"Tin t\u1ee9c"},"content":{"rendered":"<div data-elementor-type=\"wp-page\" data-elementor-id=\"1158\" class=\"elementor elementor-1158\">\n\t\t\t\t<div class=\"elementor-element elementor-element-dc1f2df e-flex e-con-boxed e-con e-parent\" data-id=\"dc1f2df\" data-element_type=\"container\" data-e-type=\"container\">\n\t\t\t\t\t<div class=\"e-con-inner\">\n\t\t\t\t<div class=\"elementor-element elementor-element-9f1a73a elementor-widget elementor-widget-hfe-basic-posts\" data-id=\"9f1a73a\" data-element_type=\"widget\" data-e-type=\"widget\" data-widget_type=\"hfe-basic-posts.default\">\n\t\t\t\t<div class=\"elementor-widget-container\">\n\t\t\t\t\t\n<div class=\"hfe-posts-grid\">\n\t\t\t<article class=\"hfe-post-card\">\n\t\t\t\t\t\t\t<div class=\"hfe-post-image\">\n\t\t\t\t\t<a href=\"https:\/\/vissaisaigonhotel.com\/vi\/vissai-saigon-hotel-welcomed-her-excellency-princess-of-thailand\/\" rel=\"bookmark\">\n\t\t\t\t\t\t<img loading=\"lazy\" decoding=\"async\" width=\"300\" height=\"206\" src=\"https:\/\/vissaisaigonhotel.com\/wp-content\/uploads\/2025\/09\/award4-300x206.png\" class=\"attachment-medium size-medium wp-post-image\" alt=\"Vissai Saigon Hotel welcomed Her Excellency Princess of Thailand\" srcset=\"https:\/\/vissaisaigonhotel.com\/wp-content\/uploads\/2025\/09\/award4-300x206.png 300w, https:\/\/vissaisaigonhotel.com\/wp-content\/uploads\/2025\/09\/award4-1024x703.png 1024w, https:\/\/vissaisaigonhotel.com\/wp-content\/uploads\/2025\/09\/award4-768x527.png 768w, https:\/\/vissaisaigonhotel.com\/wp-content\/uploads\/2025\/09\/award4-18x12.png 18w, https:\/\/vissaisaigonhotel.com\/wp-content\/uploads\/2025\/09\/award4.png 1204w\" sizes=\"auto, (max-width: 300px) 100vw, 300px\" itemprop=\"image\" \/>\t\t\t\t\t<\/a>\n\t\t\t\t<\/div>\n\t\t\t\n\t\t\t<div class=\"hfe-post-content\">\n\t\t\t\t\t\t\t\t\t<h3 class=\"hfe-post-title\">\n\t\t\t\t\t\t<a href=\"https:\/\/vissaisaigonhotel.com\/vi\/vissai-saigon-hotel-welcomed-her-excellency-princess-of-thailand\/\" rel=\"bookmark\">\n\t\t\t\t\t\t\tKh\u00e1ch s\u1ea1n Vissai S\u00e0i G\u00f2n ch\u00e0o \u0111\u00f3n C\u00f4ng ch\u00faa Th\u00e1i Lan\t\t\t\t\t\t<\/a>\n\t\t\t\t\t<\/h3>\n\t\t\t\t\n\t\t\t\t\t\t\t\t\t<div class=\"hfe-post-meta\">\n\t\t\t\t\t\t<span class=\"hfe-post-date\">Th\u00e1ng 9 26, 2025<\/span><span class=\"hfe-meta-separator\"> | <\/span><span class=\"hfe-post-author\">by nginx<\/span>\t\t\t\t\t<\/div>\n\t\t\t\t\n\t\t\t\t\t\t\t\t\t<div class=\"hfe-post-excerpt\">\n\t\t\t\t\t\tKh\u00e1ch s\u1ea1n Vissai S\u00e0i G\u00f2n \u0111\u00f3n ti\u1ebfp C\u00f4ng ch\u00faa Th\u00e1i Lan, Ti\u1ebfn s\u0129 Mom Luang Rajadarasri Jayankura v\u00e0o ng\u00e0y 28 th\u00e1ng 5 n\u0103m 2014\t\t\t\t\t<\/div>\n\t\t\t\t\n\t\t\t\t\t\t\t\t\t<a href=\"https:\/\/vissaisaigonhotel.com\/vi\/vissai-saigon-hotel-welcomed-her-excellency-princess-of-thailand\/\" class=\"hfe-read-more\" rel=\"bookmark\">\n\t\t\t\t\t\tRead More \u2192\t\t\t\t\t<\/a>\n\t\t\t\t\t\t\t<\/div>\n\t\t<\/article>\n\t\t\t\t<article class=\"hfe-post-card\">\n\t\t\t\t\t\t\t<div class=\"hfe-post-image\">\n\t\t\t\t\t<a href=\"https:\/\/vissaisaigonhotel.com\/vi\/vissai-saigon-hotel-received-prestigious-accolade-by-booking-com\/\" rel=\"bookmark\">\n\t\t\t\t\t\t<img loading=\"lazy\" decoding=\"async\" width=\"300\" height=\"296\" src=\"https:\/\/vissaisaigonhotel.com\/wp-content\/uploads\/2025\/09\/award2-300x296.jpg\" class=\"attachment-medium size-medium wp-post-image\" alt=\"VISSAI SAIGON HOTEL RECEIVED PRESTIGIOUS ACCOLADE BY BOOKING.COM\" srcset=\"https:\/\/vissaisaigonhotel.com\/wp-content\/uploads\/2025\/09\/award2-300x296.jpg 300w, https:\/\/vissaisaigonhotel.com\/wp-content\/uploads\/2025\/09\/award2-12x12.jpg 12w, https:\/\/vissaisaigonhotel.com\/wp-content\/uploads\/2025\/09\/award2.jpg 448w\" sizes=\"auto, (max-width: 300px) 100vw, 300px\" itemprop=\"image\" \/>\t\t\t\t\t<\/a>\n\t\t\t\t<\/div>\n\t\t\t\n\t\t\t<div class=\"hfe-post-content\">\n\t\t\t\t\t\t\t\t\t<h3 class=\"hfe-post-title\">\n\t\t\t\t\t\t<a href=\"https:\/\/vissaisaigonhotel.com\/vi\/vissai-saigon-hotel-received-prestigious-accolade-by-booking-com\/\" rel=\"bookmark\">\n\t\t\t\t\t\t\tKh\u00e1ch s\u1ea1n Vissai S\u00e0i G\u00f2n nh\u1eadn gi\u1ea3i th\u01b0\u1edfng danh gi\u00e1 t\u1eeb BOOKING.COM\t\t\t\t\t\t<\/a>\n\t\t\t\t\t<\/h3>\n\t\t\t\t\n\t\t\t\t\t\t\t\t\t<div class=\"hfe-post-meta\">\n\t\t\t\t\t\t<span class=\"hfe-post-date\">Th\u00e1ng 9 26, 2025<\/span><span class=\"hfe-meta-separator\"> | <\/span><span class=\"hfe-post-author\">by nginx<\/span>\t\t\t\t\t<\/div>\n\t\t\t\t\n\t\t\t\t\t\t\t\t\t<div class=\"hfe-post-excerpt\">\n\t\t\t\t\t\tVissai Saigon Hotel was proudly awarded Review Reward by Booking.com honored by guests rating throughout the year 2014. This is...\t\t\t\t\t<\/div>\n\t\t\t\t\n\t\t\t\t\t\t\t\t\t<a href=\"https:\/\/vissaisaigonhotel.com\/vi\/vissai-saigon-hotel-received-prestigious-accolade-by-booking-com\/\" class=\"hfe-read-more\" rel=\"bookmark\">\n\t\t\t\t\t\tRead More \u2192\t\t\t\t\t<\/a>\n\t\t\t\t\t\t\t<\/div>\n\t\t<\/article>\n\t\t\t\t<article class=\"hfe-post-card\">\n\t\t\t\t\t\t\t<div class=\"hfe-post-image\">\n\t\t\t\t\t<a href=\"https:\/\/vissaisaigonhotel.com\/vi\/certificate-of-excellence-2015-by-tripadvisor\/\" rel=\"bookmark\">\n\t\t\t\t\t\t<img loading=\"lazy\" decoding=\"async\" width=\"300\" height=\"300\" src=\"https:\/\/vissaisaigonhotel.com\/wp-content\/uploads\/2025\/09\/award1-300x300.jpg\" class=\"attachment-medium size-medium wp-post-image\" alt=\"Certificate of Excellence 2015 by Tripadvisor\" srcset=\"https:\/\/vissaisaigonhotel.com\/wp-content\/uploads\/2025\/09\/award1-300x300.jpg 300w, https:\/\/vissaisaigonhotel.com\/wp-content\/uploads\/2025\/09\/award1-150x150.jpg 150w, https:\/\/vissaisaigonhotel.com\/wp-content\/uploads\/2025\/09\/award1-768x765.jpg 768w, https:\/\/vissaisaigonhotel.com\/wp-content\/uploads\/2025\/09\/award1-12x12.jpg 12w, https:\/\/vissaisaigonhotel.com\/wp-content\/uploads\/2025\/09\/award1.jpg 980w\" sizes=\"auto, (max-width: 300px) 100vw, 300px\" itemprop=\"image\" \/>\t\t\t\t\t<\/a>\n\t\t\t\t<\/div>\n\t\t\t\n\t\t\t<div class=\"hfe-post-content\">\n\t\t\t\t\t\t\t\t\t<h3 class=\"hfe-post-title\">\n\t\t\t\t\t\t<a href=\"https:\/\/vissaisaigonhotel.com\/vi\/certificate-of-excellence-2015-by-tripadvisor\/\" rel=\"bookmark\">\n\t\t\t\t\t\t\tCh\u1ee9ng nh\u1eadn Xu\u1ea5t s\u1eafc n\u0103m 2015 c\u1ee7a Tripadvisor\t\t\t\t\t\t<\/a>\n\t\t\t\t\t<\/h3>\n\t\t\t\t\n\t\t\t\t\t\t\t\t\t<div class=\"hfe-post-meta\">\n\t\t\t\t\t\t<span class=\"hfe-post-date\">Th\u00e1ng 9 26, 2025<\/span><span class=\"hfe-meta-separator\"> | <\/span><span class=\"hfe-post-author\">by nginx<\/span>\t\t\t\t\t<\/div>\n\t\t\t\t\n\t\t\t\t\t\t\t\t\t<div class=\"hfe-post-excerpt\">\n\t\t\t\t\t\tVISSAI SAIGON AWARDED CERTIFICATE OF EXCELLENCE THE FOURTH YEAR IN A ROW Vissai Saigon Hotel was once again so proud...\t\t\t\t\t<\/div>\n\t\t\t\t\n\t\t\t\t\t\t\t\t\t<a href=\"https:\/\/vissaisaigonhotel.com\/vi\/certificate-of-excellence-2015-by-tripadvisor\/\" class=\"hfe-read-more\" rel=\"bookmark\">\n\t\t\t\t\t\tRead More \u2192\t\t\t\t\t<\/a>\n\t\t\t\t\t\t\t<\/div>\n\t\t<\/article>\n\t\t<\/div>\n\t\t\t\t<\/div>\n\t\t\t\t<\/div>\n\t\t\t\t\t<\/div>\n\t\t\t\t<\/div>\n\t\t\t\t<\/div>","protected":false},"excerpt":{"rendered":"<p>Vissai Saigon Hotel welcomed Her Excellency Princess of Thailand September 26, 2025 | by nginx Vissai Saigon Hotel welcomed Her Excellency Princess of Thailand, Dr. Mom Luang Rajadarasri Jayankura on May 28 ,2014 Read More \u2192 VISSAI SAIGON HOTEL RECEIVED PRESTIGIOUS ACCOLADE BY BOOKING.COM September 26, 2025 | by nginx Vissai Saigon Hotel was proudly &#8230; <span class=\"more\"><a class=\"more-link\" href=\"https:\/\/vissaisaigonhotel.com\/vi\/certificate-of-excellence-2015-by-tripadvisor\/\">[Read more&#8230;]<\/a><\/span><\/p>\n","protected":false},"author":1,"featured_media":0,"parent":0,"menu_order":0,"comment_status":"closed","ping_status":"closed","template":"elementor_header_footer","meta":{"tpgb_global_settings":"","footnotes":""},"class_list":["entry","post","publish","author-nginx","post-1158","page","type-page"],"yoast_head":"<!-- This site is optimized with the Yoast SEO plugin v26.0 - https:\/\/yoast.com\/wordpress\/plugins\/seo\/ -->\n<title>News - Vissai Saigon Hotel<\/title>\n<meta name=\"robots\" content=\"index, follow, max-snippet:-1, max-image-preview:large, max-video-preview:-1\" \/>\n<link rel=\"canonical\" href=\"https:\/\/vissaisaigonhotel.com\/vi\/news\/\" \/>\n<meta property=\"og:locale\" content=\"vi_VN\" \/>\n<meta property=\"og:type\" content=\"article\" \/>\n<meta property=\"og:title\" content=\"News - Vissai Saigon Hotel\" \/>\n<meta property=\"og:description\" content=\"Vissai Saigon Hotel welcomed Her Excellency Princess of Thailand September 26, 2025 | by nginx Vissai Saigon Hotel welcomed Her Excellency Princess of Thailand, Dr. Mom Luang Rajadarasri Jayankura on May 28 ,2014 Read More \u2192 VISSAI SAIGON HOTEL RECEIVED PRESTIGIOUS ACCOLADE BY BOOKING.COM September 26, 2025 | by nginx Vissai Saigon Hotel was proudly ... [Read more...]\" \/>\n<meta property=\"og:url\" content=\"https:\/\/vissaisaigonhotel.com\/vi\/news\/\" \/>\n<meta property=\"og:site_name\" content=\"Vissai Saigon Hotel\" \/>\n<meta property=\"article:publisher\" content=\"https:\/\/www.facebook.com\/VissaiSaigonHotelOfficial\" \/>\n<meta property=\"article:modified_time\" content=\"2025-09-26T15:57:10+00:00\" \/>\n<meta property=\"og:image\" content=\"https:\/\/vissaisaigonhotel.com\/wp-content\/uploads\/2025\/09\/award4-300x206.png\" \/>\n<meta name=\"twitter:card\" content=\"summary_large_image\" \/>\n<script type=\"application\/ld+json\" class=\"yoast-schema-graph\">{\"@context\":\"https:\/\/schema.org\",\"@graph\":[{\"@type\":\"WebPage\",\"@id\":\"https:\/\/vissaisaigonhotel.com\/news\/\",\"url\":\"https:\/\/vissaisaigonhotel.com\/news\/\",\"name\":\"News - Vissai Saigon Hotel\",\"isPartOf\":{\"@id\":\"https:\/\/vissaisaigonhotel.com\/vi\/#website\"},\"primaryImageOfPage\":{\"@id\":\"https:\/\/vissaisaigonhotel.com\/news\/#primaryimage\"},\"image\":{\"@id\":\"https:\/\/vissaisaigonhotel.com\/news\/#primaryimage\"},\"thumbnailUrl\":\"https:\/\/vissaisaigonhotel.com\/wp-content\/uploads\/2025\/09\/award4-300x206.png\",\"datePublished\":\"2025-09-26T15:55:38+00:00\",\"dateModified\":\"2025-09-26T15:57:10+00:00\",\"breadcrumb\":{\"@id\":\"https:\/\/vissaisaigonhotel.com\/news\/#breadcrumb\"},\"inLanguage\":\"vi\",\"potentialAction\":[{\"@type\":\"ReadAction\",\"target\":[\"https:\/\/vissaisaigonhotel.com\/news\/\"]}]},{\"@type\":\"ImageObject\",\"inLanguage\":\"vi\",\"@id\":\"https:\/\/vissaisaigonhotel.com\/news\/#primaryimage\",\"url\":\"https:\/\/vissaisaigonhotel.com\/wp-content\/uploads\/2025\/09\/award4-300x206.png\",\"contentUrl\":\"https:\/\/vissaisaigonhotel.com\/wp-content\/uploads\/2025\/09\/award4-300x206.png\"},{\"@type\":\"BreadcrumbList\",\"@id\":\"https:\/\/vissaisaigonhotel.com\/news\/#breadcrumb\",\"itemListElement\":[{\"@type\":\"ListItem\",\"position\":1,\"name\":\"Home\",\"item\":\"https:\/\/vissaisaigonhotel.com\/\"},{\"@type\":\"ListItem\",\"position\":2,\"name\":\"News\"}]},{\"@type\":\"WebSite\",\"@id\":\"https:\/\/vissaisaigonhotel.com\/vi\/#website\",\"url\":\"https:\/\/vissaisaigonhotel.com\/vi\/\",\"name\":\"Vissai Saigon Hotel\",\"description\":\"\",\"publisher\":{\"@id\":\"https:\/\/vissaisaigonhotel.com\/vi\/#organization\"},\"potentialAction\":[{\"@type\":\"SearchAction\",\"target\":{\"@type\":\"EntryPoint\",\"urlTemplate\":\"https:\/\/vissaisaigonhotel.com\/vi\/?s={search_term_string}\"},\"query-input\":{\"@type\":\"PropertyValueSpecification\",\"valueRequired\":true,\"valueName\":\"search_term_string\"}}],\"inLanguage\":\"vi\"},{\"@type\":\"Organization\",\"@id\":\"https:\/\/vissaisaigonhotel.com\/vi\/#organization\",\"name\":\"Vissai Saigon Hotel\",\"url\":\"https:\/\/vissaisaigonhotel.com\/vi\/\",\"logo\":{\"@type\":\"ImageObject\",\"inLanguage\":\"vi\",\"@id\":\"https:\/\/vissaisaigonhotel.com\/vi\/#\/schema\/logo\/image\/\",\"url\":\"\",\"contentUrl\":\"\",\"caption\":\"Vissai Saigon Hotel\"},\"image\":{\"@id\":\"https:\/\/vissaisaigonhotel.com\/vi\/#\/schema\/logo\/image\/\"},\"sameAs\":[\"https:\/\/www.facebook.com\/VissaiSaigonHotelOfficial\"]}]}<\/script>\n<!-- \/ Yoast SEO plugin. -->","yoast_head_json":{"title":"News - Vissai Saigon Hotel","robots":{"index":"index","follow":"follow","max-snippet":"max-snippet:-1","max-image-preview":"max-image-preview:large","max-video-preview":"max-video-preview:-1"},"canonical":"https:\/\/vissaisaigonhotel.com\/vi\/news\/","og_locale":"vi_VN","og_type":"article","og_title":"News - Vissai Saigon Hotel","og_description":"Vissai Saigon Hotel welcomed Her Excellency Princess of Thailand September 26, 2025 | by nginx Vissai Saigon Hotel welcomed Her Excellency Princess of Thailand, Dr. Mom Luang Rajadarasri Jayankura on May 28 ,2014 Read More \u2192 VISSAI SAIGON HOTEL RECEIVED PRESTIGIOUS ACCOLADE BY BOOKING.COM September 26, 2025 | by nginx Vissai Saigon Hotel was proudly ... [Read more...]","og_url":"https:\/\/vissaisaigonhotel.com\/vi\/news\/","og_site_name":"Vissai Saigon Hotel","article_publisher":"https:\/\/www.facebook.com\/VissaiSaigonHotelOfficial","article_modified_time":"2025-09-26T15:57:10+00:00","og_image":[{"url":"https:\/\/vissaisaigonhotel.com\/wp-content\/uploads\/2025\/09\/award4-300x206.png","type":"","width":"","height":""}],"twitter_card":"summary_large_image","schema":{"@context":"https:\/\/schema.org","@graph":[{"@type":"WebPage","@id":"https:\/\/vissaisaigonhotel.com\/news\/","url":"https:\/\/vissaisaigonhotel.com\/news\/","name":"News - Vissai Saigon Hotel","isPartOf":{"@id":"https:\/\/vissaisaigonhotel.com\/vi\/#website"},"primaryImageOfPage":{"@id":"https:\/\/vissaisaigonhotel.com\/news\/#primaryimage"},"image":{"@id":"https:\/\/vissaisaigonhotel.com\/news\/#primaryimage"},"thumbnailUrl":"https:\/\/vissaisaigonhotel.com\/wp-content\/uploads\/2025\/09\/award4-300x206.png","datePublished":"2025-09-26T15:55:38+00:00","dateModified":"2025-09-26T15:57:10+00:00","breadcrumb":{"@id":"https:\/\/vissaisaigonhotel.com\/news\/#breadcrumb"},"inLanguage":"vi","potentialAction":[{"@type":"ReadAction","target":["https:\/\/vissaisaigonhotel.com\/news\/"]}]},{"@type":"ImageObject","inLanguage":"vi","@id":"https:\/\/vissaisaigonhotel.com\/news\/#primaryimage","url":"https:\/\/vissaisaigonhotel.com\/wp-content\/uploads\/2025\/09\/award4-300x206.png","contentUrl":"https:\/\/vissaisaigonhotel.com\/wp-content\/uploads\/2025\/09\/award4-300x206.png"},{"@type":"BreadcrumbList","@id":"https:\/\/vissaisaigonhotel.com\/news\/#breadcrumb","itemListElement":[{"@type":"ListItem","position":1,"name":"Home","item":"https:\/\/vissaisaigonhotel.com\/"},{"@type":"ListItem","position":2,"name":"News"}]},{"@type":"WebSite","@id":"https:\/\/vissaisaigonhotel.com\/vi\/#website","url":"https:\/\/vissaisaigonhotel.com\/vi\/","name":"KH\u00c1CH S\u1ea0N VISSAI SAIGON","description":"","publisher":{"@id":"https:\/\/vissaisaigonhotel.com\/vi\/#organization"},"potentialAction":[{"@type":"SearchAction","target":{"@type":"EntryPoint","urlTemplate":"https:\/\/vissaisaigonhotel.com\/vi\/?s={search_term_string}"},"query-input":{"@type":"PropertyValueSpecification","valueRequired":true,"valueName":"search_term_string"}}],"inLanguage":"vi"},{"@type":"Organization","@id":"https:\/\/vissaisaigonhotel.com\/vi\/#organization","name":"KH\u00c1CH S\u1ea0N VISSAI SAIGON","url":"https:\/\/vissaisaigonhotel.com\/vi\/","logo":{"@type":"ImageObject","inLanguage":"vi","@id":"https:\/\/vissaisaigonhotel.com\/vi\/#\/schema\/logo\/image\/","url":"","contentUrl":"","caption":"Vissai Saigon Hotel"},"image":{"@id":"https:\/\/vissaisaigonhotel.com\/vi\/#\/schema\/logo\/image\/"},"sameAs":["https:\/\/www.facebook.com\/VissaiSaigonHotelOfficial"]}]}},"tpgb_featured_images":null,"tpgb_post_meta_info":{"get_date":"Th\u00e1ng 9 26, 2025","get_modified_date":"Th\u00e1ng 9 26, 2025","author_name":"nginx","author_url":"https:\/\/vissaisaigonhotel.com\/vi\/author\/nginx\/","author_email":"itm@vissaisaigonhotel.vn","author_website":"https:\/\/vissaisaigonhotel.com","author_description":"","author_facebook":"","author_twitter":"","author_instagram":"","author_role":["administrator"],"author_firstname":"","author_lastname":"","user_login":"nginx","author_avatar":"<img alt='' src='https:\/\/secure.gravatar.com\/avatar\/49346ba064c81cc56629ea852e95f685b1bdf0aa36162bd5b4d8495bf0df34d1?s=200&#038;d=mm&#038;r=g' srcset='https:\/\/secure.gravatar.com\/avatar\/49346ba064c81cc56629ea852e95f685b1bdf0aa36162bd5b4d8495bf0df34d1?s=400&#038;d=mm&#038;r=g 2x' class='avatar avatar-200 photo' height='200' width='200' decoding='async'itemprop=\"image\" \/>","author_avatar_url":"https:\/\/secure.gravatar.com\/avatar\/49346ba064c81cc56629ea852e95f685b1bdf0aa36162bd5b4d8495bf0df34d1?s=96&d=mm&r=g","comment_count":0,"post_likes":0,"post_views":0},"tpgb_post_category":[],"_links":{"self":[{"href":"https:\/\/vissaisaigonhotel.com\/vi\/wp-json\/wp\/v2\/pages\/1158","targetHints":{"allow":["GET"]}}],"collection":[{"href":"https:\/\/vissaisaigonhotel.com\/vi\/wp-json\/wp\/v2\/pages"}],"about":[{"href":"https:\/\/vissaisaigonhotel.com\/vi\/wp-json\/wp\/v2\/types\/page"}],"author":[{"embeddable":true,"href":"https:\/\/vissaisaigonhotel.com\/vi\/wp-json\/wp\/v2\/users\/1"}],"replies":[{"embeddable":true,"href":"https:\/\/vissaisaigonhotel.com\/vi\/wp-json\/wp\/v2\/comments?post=1158"}],"version-history":[{"count":7,"href":"https:\/\/vissaisaigonhotel.com\/vi\/wp-json\/wp\/v2\/pages\/1158\/revisions"}],"predecessor-version":[{"id":1165,"href":"https:\/\/vissaisaigonhotel.com\/vi\/wp-json\/wp\/v2\/pages\/1158\/revisions\/1165"}],"wp:attachment":[{"href":"https:\/\/vissaisaigonhotel.com\/vi\/wp-json\/wp\/v2\/media?parent=1158"}],"curies":[{"name":"wp","href":"https:\/\/api.w.org\/{rel}","templated":true}]}}